{"id":617,"date":"2024-09-20T06:00:27","date_gmt":"2024-09-20T06:00:27","guid":{"rendered":"https:\/\/herbavibe.eu\/our-story\/"},"modified":"2025-05-27T09:16:57","modified_gmt":"2025-05-27T09:16:57","slug":"our-story","status":"publish","type":"page","link":"https:\/\/herbavibe.eu\/it\/our-story\/","title":{"rendered":"La nostra storia"},"content":{"rendered":"\t\t<div data-elementor-type=\"wp-page\" data-elementor-id=\"617\" class=\"elementor elementor-617 elementor-138\">\n\t\t\t\t<div class=\"wd-negative-gap elementor-element elementor-element-279e21a e-flex e-con-boxed e-con e-parent\" data-id=\"279e21a\" data-element_type=\"container\">\n\t\t\t\t\t<div class=\"e-con-inner\">\n\t\t\t\t<div class=\"elementor-element elementor-element-8f353b4 color-scheme-inherit text-left elementor-widget elementor-widget-text-editor\" data-id=\"8f353b4\" data-element_type=\"widget\" data-widget_type=\"text-editor.default\">\n\t\t\t\t<div class=\"elementor-widget-container\">\n\t\t\t\t\t\t\t\t\t<h2>La nostra storia<\/h2><p>Atene, 1990. Le strade della citt\u00e0 sono affollate, ma la moderna scena medica del paese rimane strettamente legata ai metodi classici, lasciando poco o nessun spazio per approcci alternativi. In questo ambiente, un giovane medico, Nikolaos Papandreou, intraprende un viaggio che metter\u00e0 alla prova gli standard medici dell&#8217;epoca. Laureato in patologia e poi medico generico, Papandreou inizia a esplorare la fitoterapia, una scienza allora sconosciuta e quasi inimmaginabile in Grecia. Profondamente convinto che la medicina preventiva, che era il gold standard per molte civilt\u00e0 antiche, ha bisogno di essere rianimata, sta muovendo i primi passi verso la realizzazione di questa visione.<\/p><p>La vita di Nicholas fu piena di infinite ore di pratica clinica e di studio incessante. Lavorando in ospedali e cliniche, monitorava quotidianamente il dolore e la sofferenza dei pazienti, il che lo ha motivato a cercare alternative. Spinto dalla letteratura internazionale e con duro lavoro e dedizione, inizi\u00f2 ad applicare nuovi metodi, basati su vecchie e nuove conoscenze, sempre con l&#8217;obiettivo di migliorare la qualit\u00e0 della vita dei suoi pazienti.<\/p><p>La costante ricerca di conoscenza lo ha portato a collaborazioni internazionali con le principali universit\u00e0 in Belgio e in America. I suoi studi, le sue applicazioni cliniche e le sue ricerche cominciarono a dare i loro frutti, rivelando soluzioni a gravi problemi di salute prima considerati insormontabili. Questa strada non \u00e8 stata facile, ma con passi costanti e passione per rivitalizzare i saperi tradizionali, \u00e8 riuscito a costruire un ponte tra il passato e il futuro della medicina.<\/p><p>Noi, i suoi figli, siamo cresciuti in una casa dove scienza e natura convivevano armoniosamente. Ogni giorno abbiamo visto nostro padre lavorare instancabilmente, sempre con la stessa passione, cercando soluzioni ad ogni problema di salute attraverso la forza della natura. Cos\u00ec, era inevitabile che adottassimo questa cultura e la facessimo nostra. Fin dalla tenera et\u00e0, l&#8217;amore per le soluzioni naturali per mantenere e ripristinare la salute olistica \u00e8 diventato parte integrante della nostra vita.<\/p><p>Nel 2006 abbiamo deciso di fare il passo successivo e di espanderci nel campo degli integratori alimentari. Sulla base della vasta esperienza e formazione di nostro padre, ci siamo specializzati in ogni aspetto di questa scienza, sia scientificamente che tecnologicamente. A quel tempo, il mercato greco ed europeo era ancora agli albori e la necessit\u00e0 di soluzioni affidabili e robuste era urgente. L&#8217;arsenale dei medici che utilizzavano la fitoterapia era limitato, ma attraverso uno studio intensivo e anni di applicazione, siamo riusciti a creare le nostre formule a base di erbe.<\/p><p>Oggi continuiamo con la stessa passione, guidati dall&#8217;amore per la natura e dalla convinzione che la medicina preventiva possa offrire soluzioni reali ai problemi dei tempi moderni.<\/p>\t\t\t\t\t\t\t\t<\/div>\n\t\t\t\t<\/div>\n\t\t\t\t\t<\/div>\n\t\t\t\t<\/div>\n\t\t<div class=\"wd-negative-gap elementor-element elementor-element-4170c48 e-flex e-con-boxed e-con e-parent\" data-id=\"4170c48\" data-element_type=\"container\">\n\t\t\t\t\t<div class=\"e-con-inner\">\n\t\t\t\t<div class=\"elementor-element elementor-element-d3363bf elementor-widget elementor-widget-image\" data-id=\"d3363bf\" data-element_type=\"widget\" data-widget_type=\"image.default\">\n\t\t\t\t<div class=\"elementor-widget-container\">\n\t\t\t\t\t\t\t\t\t\t\t\t\t\t\t<img fetchpriority=\"high\" decoding=\"async\" width=\"1800\" height=\"700\" src=\"https:\/\/herbavibe.eu\/wp-content\/uploads\/2024\/11\/father-daughter-plant.jpg\" class=\"attachment-full size-full wp-image-618\" alt=\"\" srcset=\"https:\/\/herbavibe.eu\/wp-content\/uploads\/2024\/11\/father-daughter-plant.jpg 1800w, https:\/\/herbavibe.eu\/wp-content\/uploads\/2024\/11\/father-daughter-plant-300x117.jpg 300w, https:\/\/herbavibe.eu\/wp-content\/uploads\/2024\/11\/father-daughter-plant-1024x398.jpg 1024w, https:\/\/herbavibe.eu\/wp-content\/uploads\/2024\/11\/father-daughter-plant-768x299.jpg 768w, https:\/\/herbavibe.eu\/wp-content\/uploads\/2024\/11\/father-daughter-plant-1536x597.jpg 1536w\" sizes=\"(max-width: 1800px) 100vw, 1800px\" \/>\t\t\t\t\t\t\t\t\t\t\t\t\t\t\t<\/div>\n\t\t\t\t<\/div>\n\t\t\t\t\t<\/div>\n\t\t\t\t<\/div>\n\t\t\t\t<\/div>\n\t\t","protected":false},"excerpt":{"rendered":"<p>La nostra storia Atene, 1990. Le strade della citt\u00e0 sono affollate, ma la moderna scena medica del paese rimane strettamente<\/p>\n","protected":false},"author":2,"featured_media":0,"parent":0,"menu_order":0,"comment_status":"closed","ping_status":"closed","template":"","meta":{"footnotes":""},"class_list":["post-617","page","type-page","status-publish","hentry"],"_links":{"self":[{"href":"https:\/\/herbavibe.eu\/it\/wp-json\/wp\/v2\/pages\/617","targetHints":{"allow":["GET"]}}],"collection":[{"href":"https:\/\/herbavibe.eu\/it\/wp-json\/wp\/v2\/pages"}],"about":[{"href":"https:\/\/herbavibe.eu\/it\/wp-json\/wp\/v2\/types\/page"}],"author":[{"embeddable":true,"href":"https:\/\/herbavibe.eu\/it\/wp-json\/wp\/v2\/users\/2"}],"replies":[{"embeddable":true,"href":"https:\/\/herbavibe.eu\/it\/wp-json\/wp\/v2\/comments?post=617"}],"version-history":[{"count":4,"href":"https:\/\/herbavibe.eu\/it\/wp-json\/wp\/v2\/pages\/617\/revisions"}],"predecessor-version":[{"id":622,"href":"https:\/\/herbavibe.eu\/it\/wp-json\/wp\/v2\/pages\/617\/revisions\/622"}],"wp:attachment":[{"href":"https:\/\/herbavibe.eu\/it\/wp-json\/wp\/v2\/media?parent=617"}],"curies":[{"name":"wp","href":"https:\/\/api.w.org\/{rel}","templated":true}]}}