{"id":610,"date":"2024-07-30T12:26:34","date_gmt":"2024-07-30T12:26:34","guid":{"rendered":"https:\/\/herbavibe.eu\/our-products\/oregano-oil\/"},"modified":"2025-05-27T09:06:07","modified_gmt":"2025-05-27T09:06:07","slug":"oregano-oil","status":"publish","type":"page","link":"https:\/\/herbavibe.eu\/it\/our-products\/oregano-oil\/","title":{"rendered":"Herbavibe Olio di origano"},"content":{"rendered":"\t\t<div data-elementor-type=\"wp-page\" data-elementor-id=\"610\" class=\"elementor elementor-610 elementor-46\">\n\t\t\t\t<div class=\"wd-negative-gap elementor-element elementor-element-38d9e35 e-flex e-con-boxed e-con e-parent\" data-id=\"38d9e35\" data-element_type=\"container\" data-settings=\"{&quot;background_background&quot;:&quot;classic&quot;}\">\n\t\t\t\t\t<div class=\"e-con-inner\">\n\t\t<div class=\"elementor-element elementor-element-0a69233 e-con-full e-flex e-con e-child\" data-id=\"0a69233\" data-element_type=\"container\">\n\t\t\t\t<div class=\"elementor-element elementor-element-2e38382 elementor-arrows-position-inside elementor-pagination-position-outside elementor-widget elementor-widget-image-carousel\" data-id=\"2e38382\" data-element_type=\"widget\" data-settings=\"{&quot;slides_to_show&quot;:&quot;1&quot;,&quot;navigation&quot;:&quot;both&quot;,&quot;autoplay&quot;:&quot;yes&quot;,&quot;pause_on_hover&quot;:&quot;yes&quot;,&quot;pause_on_interaction&quot;:&quot;yes&quot;,&quot;autoplay_speed&quot;:5000,&quot;infinite&quot;:&quot;yes&quot;,&quot;effect&quot;:&quot;slide&quot;,&quot;speed&quot;:500}\" data-widget_type=\"image-carousel.default\">\n\t\t\t\t<div class=\"elementor-widget-container\">\n\t\t\t\t\t\t\t<div class=\"elementor-image-carousel-wrapper swiper\" role=\"region\" aria-roledescription=\"carousel\" aria-label=\"Carosello d&#039;immagini\" dir=\"ltr\">\n\t\t\t<div class=\"elementor-image-carousel swiper-wrapper\" aria-live=\"off\">\n\t\t\t\t\t\t\t\t<div class=\"swiper-slide\" role=\"group\" aria-roledescription=\"slide\" aria-label=\"1 di 2\"><figure class=\"swiper-slide-inner\"><img decoding=\"async\" class=\"swiper-slide-image\" src=\"https:\/\/herbavibe.eu\/wp-content\/uploads\/2024\/10\/oregano-softgel-768x768.jpg\" alt=\"Oregano Oil softgels\" \/><\/figure><\/div><div class=\"swiper-slide\" role=\"group\" aria-roledescription=\"slide\" aria-label=\"2 di 2\"><figure class=\"swiper-slide-inner\"><img decoding=\"async\" class=\"swiper-slide-image\" src=\"https:\/\/herbavibe.eu\/wp-content\/uploads\/2024\/10\/oregano-768x768.jpg\" alt=\"Oregano Oil\" \/><\/figure><\/div>\t\t\t<\/div>\n\t\t\t\t\t\t\t\t\t\t\t\t<div class=\"elementor-swiper-button elementor-swiper-button-prev\" role=\"button\" tabindex=\"0\">\n\t\t\t\t\t\t<svg aria-hidden=\"true\" class=\"e-font-icon-svg e-eicon-chevron-left\" viewBox=\"0 0 1000 1000\" xmlns=\"http:\/\/www.w3.org\/2000\/svg\"><path d=\"M646 125C629 125 613 133 604 142L308 442C296 454 292 471 292 487 292 504 296 521 308 533L604 854C617 867 629 875 646 875 663 875 679 871 692 858 704 846 713 829 713 812 713 796 708 779 692 767L438 487 692 225C700 217 708 204 708 187 708 171 704 154 692 142 675 129 663 125 646 125Z\"><\/path><\/svg>\t\t\t\t\t<\/div>\n\t\t\t\t\t<div class=\"elementor-swiper-button elementor-swiper-button-next\" role=\"button\" tabindex=\"0\">\n\t\t\t\t\t\t<svg aria-hidden=\"true\" class=\"e-font-icon-svg e-eicon-chevron-right\" viewBox=\"0 0 1000 1000\" xmlns=\"http:\/\/www.w3.org\/2000\/svg\"><path d=\"M696 533C708 521 713 504 713 487 713 471 708 454 696 446L400 146C388 133 375 125 354 125 338 125 325 129 313 142 300 154 292 171 292 187 292 204 296 221 308 233L563 492 304 771C292 783 288 800 288 817 288 833 296 850 308 863 321 871 338 875 354 875 371 875 388 867 400 854L696 533Z\"><\/path><\/svg>\t\t\t\t\t<\/div>\n\t\t\t\t\n\t\t\t\t\t\t\t\t\t<div class=\"swiper-pagination\"><\/div>\n\t\t\t\t\t\t\t\t\t<\/div>\n\t\t\t\t\t\t<\/div>\n\t\t\t\t<\/div>\n\t\t\t\t<\/div>\n\t\t<div class=\"elementor-element elementor-element-09948f2 e-con-full e-flex e-con e-child\" data-id=\"09948f2\" data-element_type=\"container\">\n\t\t\t\t<div class=\"elementor-element elementor-element-1155511 elementor-widget elementor-widget-heading\" data-id=\"1155511\" data-element_type=\"widget\" data-widget_type=\"heading.default\">\n\t\t\t\t<div class=\"elementor-widget-container\">\n\t\t\t\t\t<h1 class=\"elementor-heading-title elementor-size-default\">Herbavibe  Olio di origano <br>\n60 capsule molli<\/h1>\t\t\t\t<\/div>\n\t\t\t\t<\/div>\n\t\t\t\t<div class=\"elementor-element elementor-element-8417df3 elementor-widget elementor-widget-heading\" data-id=\"8417df3\" data-element_type=\"widget\" data-widget_type=\"heading.default\">\n\t\t\t\t<div class=\"elementor-widget-container\">\n\t\t\t\t\t<h3 class=\"elementor-heading-title elementor-size-default\">Scudo della natura<\/h3>\t\t\t\t<\/div>\n\t\t\t\t<\/div>\n\t\t\t\t<div class=\"elementor-element elementor-element-53d5598 elementor-widget elementor-widget-heading\" data-id=\"53d5598\" data-element_type=\"widget\" data-widget_type=\"heading.default\">\n\t\t\t\t<div class=\"elementor-widget-container\">\n\t\t\t\t\t<h4 class=\"elementor-heading-title elementor-size-default\">Con olio extra vergine di oliva<\/h4>\t\t\t\t<\/div>\n\t\t\t\t<\/div>\n\t\t\t\t<\/div>\n\t\t\t\t\t<\/div>\n\t\t\t\t<\/div>\n\t\t<div class=\"wd-negative-gap elementor-element elementor-element-35e5871 e-flex e-con-boxed e-con e-parent\" data-id=\"35e5871\" data-element_type=\"container\">\n\t\t\t\t\t<div class=\"e-con-inner\">\n\t\t\t\t<div class=\"elementor-element elementor-element-5b3b850 color-scheme-inherit text-left elementor-widget elementor-widget-text-editor\" data-id=\"5b3b850\" data-element_type=\"widget\" data-widget_type=\"text-editor.default\">\n\t\t\t\t<div class=\"elementor-widget-container\">\n\t\t\t\t\t\t\t\t\t<h3>Difesa naturale contro i moderni agenti patogeni<\/h3><p>In un momento in cui i patogeni resistenti ai farmaci sono una preoccupazione crescente, la necessit\u00e0 di soluzioni efficaci e naturali \u00e8 pi\u00f9 urgente che mai. <strong>Herbavibe olio di origano<\/strong> \u00e8 il tuo alleato nella lotta contro le infezioni.<\/p><p>Prodotto dall&#8217;Origanum vulgare, che appartiene alla famiglia della menta, l&#8217;olio di origano \u00e8 ampiamente riconosciuto non solo come erba aromatica ma anche come potere curativo. Le capsule di olio di origano alle erbe provengono dall&#8217;origano di origine greca, noto per la sua purezza e potenza. Con un rigoroso controllo durante la coltivazione, la raccolta e la distillazione, \u00e8 garantito che ogni capsula offra i pi\u00f9 alti standard di efficacia.Ogni capsula contiene almeno il 75% di carvacrolo, il principio attivo dell&#8217;olio di origano, noto per i suoi straordinari benefici per la salute. L&#8217;alta concentrazione di Carvacrolo \u00e8 un segno distintivo di potenza, rendendo queste capsule un potente alleato per il tuo benessere.<\/p><h4>Facile da usare e conveniente<\/h4><p>Per coloro che trovano difficile il gusto intenso dell&#8217;origano, l&#8217;olio di origano alle erbe offre una soluzione semplice. Le capsule molli sono realizzate con gelatina di origine vegetale, il che le rende facili da deglutire e adatte a tutti, compresi i vegani. Cos\u00ec puoi goderti i benefici senza il sapore intenso.<\/p>\t\t\t\t\t\t\t\t<\/div>\n\t\t\t\t<\/div>\n\t\t\t\t\t<\/div>\n\t\t\t\t<\/div>\n\t\t<div class=\"wd-negative-gap elementor-element elementor-element-b6064b6 e-flex e-con-boxed e-con e-parent\" data-id=\"b6064b6\" data-element_type=\"container\">\n\t\t\t\t\t<div class=\"e-con-inner\">\n\t\t\t\t<div class=\"elementor-element elementor-element-76bd793 color-scheme-inherit text-left elementor-widget elementor-widget-text-editor\" data-id=\"76bd793\" data-element_type=\"widget\" data-widget_type=\"text-editor.default\">\n\t\t\t\t<div class=\"elementor-widget-container\">\n\t\t\t\t\t\t\t\t\t<p>Gli studi hanno anche dimostrato che l&#8217;olio di origano pu\u00f2 ridurre l&#8217;infiammazione, come dimostrato da una ricerca pubblicata nel 2017.<\/p><h3>Principali vantaggi dell&#8217;Olio di origano Herbavibe<\/h3><p><strong>Antibiotico naturale <br \/><\/strong>L&#8217;olio di origano, grazie al suo contenuto di Carvacrolo, pu\u00f2 aiutare a combattere i batteri nocivi. Sebbene gran parte delle informazioni a sostegno degli oli essenziali siano aneddotiche, la ricerca emergente suggerisce che l&#8217;olio di origano pu\u00f2 avere un effetto protettivo contro gli agenti patogeni, come Pseudomonas aeruginosa ed E. coli.<\/p><p><strong>Riduzione del colesterolo<br \/><\/strong>Il carvacrolo e il timolo, polifenoli contenuti nell&#8217;olio di origano, sono stati collegati a livelli ridotti di colesterolo LDL (&#8220;cattivo&#8221;), contribuendo a migliorare la salute cardiovascolare.<\/p><p><strong>Un potente antiossidante<br \/><\/strong>Gli antiossidanti proteggono il corpo dai danni dei radicali liberi, che sono legati all&#8217;invecchiamento e a malattie come il cancro e le malattie cardiovascolari. L&#8217;olio di origano, grazie alla sua alta concentrazione, pu\u00f2 fornire un&#8217;attivit\u00e0 antiossidante ancora pi\u00f9 forte dell&#8217;erba stessa.<\/p><p><strong>Sostenere la salute intestinale e combattere il fungo Candida<br \/><\/strong>con propriet\u00e0 antimicotiche, antibatteriche, antiparassitarie e antinfiammatorie, l&#8217;olio di origano \u00e8 uno strumento prezioso per migliorare la salute dell&#8217;intestino. La sua capacit\u00e0 di inibire le infezioni causate dal fungo Candida evidenzia il suo ruolo come soluzione naturale per il mantenimento dell&#8217;equilibrio digestivo.\u00a0<\/p>\t\t\t\t\t\t\t\t<\/div>\n\t\t\t\t<\/div>\n\t\t\t\t<div class=\"elementor-element elementor-element-7774f16 color-scheme-inherit text-left elementor-widget elementor-widget-text-editor\" data-id=\"7774f16\" data-element_type=\"widget\" data-widget_type=\"text-editor.default\">\n\t\t\t\t<div class=\"elementor-widget-container\">\n\t\t\t\t\t\t\t\t\t<h4>Disposizioni<\/h4><p><em>Gli integratori alimentari non sostituiscono una dieta equilibrata. Non superare la dose giornaliera raccomandata. Consulta il tuo medico in caso di gravidanza, allattamento, assunzione di farmaci o problemi di salute. Tenere fuori dalla portata dei bambini e in un luogo fresco e asciutto.<\/em><\/p>\t\t\t\t\t\t\t\t<\/div>\n\t\t\t\t<\/div>\n\t\t\t\t\t<\/div>\n\t\t\t\t<\/div>\n\t\t\t\t<\/div>\n\t\t","protected":false},"excerpt":{"rendered":"<p>Herbavibe Olio di origano 60 capsule molli Scudo della natura Con olio extra vergine di oliva Difesa naturale contro i<\/p>\n","protected":false},"author":1,"featured_media":0,"parent":593,"menu_order":0,"comment_status":"closed","ping_status":"closed","template":"","meta":{"footnotes":""},"class_list":["post-610","page","type-page","status-publish","hentry"],"_links":{"self":[{"href":"https:\/\/herbavibe.eu\/it\/wp-json\/wp\/v2\/pages\/610","targetHints":{"allow":["GET"]}}],"collection":[{"href":"https:\/\/herbavibe.eu\/it\/wp-json\/wp\/v2\/pages"}],"about":[{"href":"https:\/\/herbavibe.eu\/it\/wp-json\/wp\/v2\/types\/page"}],"author":[{"embeddable":true,"href":"https:\/\/herbavibe.eu\/it\/wp-json\/wp\/v2\/users\/1"}],"replies":[{"embeddable":true,"href":"https:\/\/herbavibe.eu\/it\/wp-json\/wp\/v2\/comments?post=610"}],"version-history":[{"count":4,"href":"https:\/\/herbavibe.eu\/it\/wp-json\/wp\/v2\/pages\/610\/revisions"}],"predecessor-version":[{"id":616,"href":"https:\/\/herbavibe.eu\/it\/wp-json\/wp\/v2\/pages\/610\/revisions\/616"}],"up":[{"embeddable":true,"href":"https:\/\/herbavibe.eu\/it\/wp-json\/wp\/v2\/pages\/593"}],"wp:attachment":[{"href":"https:\/\/herbavibe.eu\/it\/wp-json\/wp\/v2\/media?parent=610"}],"curies":[{"name":"wp","href":"https:\/\/api.w.org\/{rel}","templated":true}]}}