{"id":599,"date":"2024-07-30T12:14:19","date_gmt":"2024-07-30T12:14:19","guid":{"rendered":"https:\/\/herbavibe.eu\/our-products\/icalm\/"},"modified":"2025-05-27T08:07:07","modified_gmt":"2025-05-27T08:07:07","slug":"icalm","status":"publish","type":"page","link":"https:\/\/herbavibe.eu\/it\/our-products\/icalm\/","title":{"rendered":"Herbavibe iCalm"},"content":{"rendered":"\t\t<div data-elementor-type=\"wp-page\" data-elementor-id=\"599\" class=\"elementor elementor-599 elementor-32\">\n\t\t\t\t<div class=\"wd-negative-gap elementor-element elementor-element-fbf6374 e-flex e-con-boxed e-con e-parent\" data-id=\"fbf6374\" data-element_type=\"container\">\n\t\t\t\t\t<div class=\"e-con-inner\">\n\t\t<div class=\"elementor-element elementor-element-9914285 e-con-full e-flex e-con e-child\" data-id=\"9914285\" data-element_type=\"container\">\n\t\t\t\t<div class=\"elementor-element elementor-element-12ea811 elementor-widget elementor-widget-image\" data-id=\"12ea811\" data-element_type=\"widget\" data-widget_type=\"image.default\">\n\t\t\t\t<div class=\"elementor-widget-container\">\n\t\t\t\t\t\t\t\t\t\t\t\t\t\t\t<img decoding=\"async\" src=\"https:\/\/herbavibe.eu\/wp-content\/uploads\/2024\/07\/iCalm-box.jpg\" title=\"\" alt=\"\" loading=\"lazy\" \/>\t\t\t\t\t\t\t\t\t\t\t\t\t\t\t<\/div>\n\t\t\t\t<\/div>\n\t\t\t\t<div class=\"elementor-element elementor-element-e50946a elementor-arrows-position-inside elementor-pagination-position-outside elementor-widget elementor-widget-image-carousel\" data-id=\"e50946a\" data-element_type=\"widget\" data-settings=\"{&quot;slides_to_show&quot;:&quot;1&quot;,&quot;navigation&quot;:&quot;both&quot;,&quot;autoplay&quot;:&quot;yes&quot;,&quot;pause_on_hover&quot;:&quot;yes&quot;,&quot;pause_on_interaction&quot;:&quot;yes&quot;,&quot;autoplay_speed&quot;:5000,&quot;infinite&quot;:&quot;yes&quot;,&quot;effect&quot;:&quot;slide&quot;,&quot;speed&quot;:500}\" data-widget_type=\"image-carousel.default\">\n\t\t\t\t<div class=\"elementor-widget-container\">\n\t\t\t\t\t\t\t<div class=\"elementor-image-carousel-wrapper swiper\" role=\"region\" aria-roledescription=\"carousel\" aria-label=\"Carosello d&#039;immagini\" dir=\"ltr\">\n\t\t\t<div class=\"elementor-image-carousel swiper-wrapper\" aria-live=\"off\">\n\t\t\t\t\t\t\t\t<div class=\"swiper-slide\" role=\"group\" aria-roledescription=\"slide\" aria-label=\"1 di 2\"><figure class=\"swiper-slide-inner\"><img decoding=\"async\" class=\"swiper-slide-image\" src=\"https:\/\/herbavibe.eu\/wp-content\/uploads\/2024\/10\/icalm-768x768.jpg\" alt=\"iCalm with box\" \/><\/figure><\/div><div class=\"swiper-slide\" role=\"group\" aria-roledescription=\"slide\" aria-label=\"2 di 2\"><figure class=\"swiper-slide-inner\"><img decoding=\"async\" class=\"swiper-slide-image\" src=\"https:\/\/herbavibe.eu\/wp-content\/uploads\/2024\/10\/icalm-bottle-768x768.jpg\" alt=\"iCalm bottle\" \/><\/figure><\/div>\t\t\t<\/div>\n\t\t\t\t\t\t\t\t\t\t\t\t<div class=\"elementor-swiper-button elementor-swiper-button-prev\" role=\"button\" tabindex=\"0\">\n\t\t\t\t\t\t<svg aria-hidden=\"true\" class=\"e-font-icon-svg e-eicon-chevron-left\" viewBox=\"0 0 1000 1000\" xmlns=\"http:\/\/www.w3.org\/2000\/svg\"><path d=\"M646 125C629 125 613 133 604 142L308 442C296 454 292 471 292 487 292 504 296 521 308 533L604 854C617 867 629 875 646 875 663 875 679 871 692 858 704 846 713 829 713 812 713 796 708 779 692 767L438 487 692 225C700 217 708 204 708 187 708 171 704 154 692 142 675 129 663 125 646 125Z\"><\/path><\/svg>\t\t\t\t\t<\/div>\n\t\t\t\t\t<div class=\"elementor-swiper-button elementor-swiper-button-next\" role=\"button\" tabindex=\"0\">\n\t\t\t\t\t\t<svg aria-hidden=\"true\" class=\"e-font-icon-svg e-eicon-chevron-right\" viewBox=\"0 0 1000 1000\" xmlns=\"http:\/\/www.w3.org\/2000\/svg\"><path d=\"M696 533C708 521 713 504 713 487 713 471 708 454 696 446L400 146C388 133 375 125 354 125 338 125 325 129 313 142 300 154 292 171 292 187 292 204 296 221 308 233L563 492 304 771C292 783 288 800 288 817 288 833 296 850 308 863 321 871 338 875 354 875 371 875 388 867 400 854L696 533Z\"><\/path><\/svg>\t\t\t\t\t<\/div>\n\t\t\t\t\n\t\t\t\t\t\t\t\t\t<div class=\"swiper-pagination\"><\/div>\n\t\t\t\t\t\t\t\t\t<\/div>\n\t\t\t\t\t\t<\/div>\n\t\t\t\t<\/div>\n\t\t\t\t<\/div>\n\t\t<div class=\"elementor-element elementor-element-6640c60 e-con-full e-flex e-con e-child\" data-id=\"6640c60\" data-element_type=\"container\">\n\t\t\t\t<div class=\"elementor-element elementor-element-f826f2b elementor-widget elementor-widget-heading\" data-id=\"f826f2b\" data-element_type=\"widget\" data-widget_type=\"heading.default\">\n\t\t\t\t<div class=\"elementor-widget-container\">\n\t\t\t\t\t<h1 class=\"elementor-heading-title elementor-size-default\">Herbavibe iCalm 100 ml<\/h1>\t\t\t\t<\/div>\n\t\t\t\t<\/div>\n\t\t\t\t<div class=\"elementor-element elementor-element-3be1f20 elementor-widget elementor-widget-heading\" data-id=\"3be1f20\" data-element_type=\"widget\" data-widget_type=\"heading.default\">\n\t\t\t\t<div class=\"elementor-widget-container\">\n\t\t\t\t\t<h3 class=\"elementor-heading-title elementor-size-default\">Perch\u00e9 ti meriti di sentirti in pace<\/h3>\t\t\t\t<\/div>\n\t\t\t\t<\/div>\n\t\t\t\t<div class=\"elementor-element elementor-element-121ba66 elementor-widget elementor-widget-heading\" data-id=\"121ba66\" data-element_type=\"widget\" data-widget_type=\"heading.default\">\n\t\t\t\t<div class=\"elementor-widget-container\">\n\t\t\t\t\t<h4 class=\"elementor-heading-title elementor-size-default\">Con estratti naturali di erbe<\/h4>\t\t\t\t<\/div>\n\t\t\t\t<\/div>\n\t\t\t\t<\/div>\n\t\t\t\t\t<\/div>\n\t\t\t\t<\/div>\n\t\t<div class=\"wd-negative-gap elementor-element elementor-element-ff210fd e-flex e-con-boxed e-con e-parent\" data-id=\"ff210fd\" data-element_type=\"container\">\n\t\t\t\t\t<div class=\"e-con-inner\">\n\t\t\t\t<div class=\"elementor-element elementor-element-7ae6093 color-scheme-inherit text-left elementor-widget elementor-widget-text-editor\" data-id=\"7ae6093\" data-element_type=\"widget\" data-widget_type=\"text-editor.default\">\n\t\t\t\t<div class=\"elementor-widget-container\">\n\t\t\t\t\t\t\t\t\t<h3>Una soluzione botanica combinata per ansia e ipertensione<\/h3><p>iCalm \u00e8 una potente formula liquida a base di erbe, progettata con precisione per alleviare il disagio dell&#8217;ipertensione e dell&#8217;ansia. Ci\u00f2 che rende iCalm unico \u00e8 la sinergia: cinque estratti botanici selezionati lavorano insieme armoniosamente, potenziando l&#8217;efficacia l&#8217;uno dell&#8217;altro, offrendo cos\u00ec una soluzione completa per il tuo benessere.<\/p><h4>Il potere della sinergia<\/h4><p>iCalm non \u00e8 solo una miscela. Si tratta di una formulazione accuratamente studiata di estratti vegetali liquidi che mira a far fronte allo stress, promuovere la calma e sostenere la salute cardiovascolare. Che tu stia soffrendo di ipertensione, tachicardia, aritmie ischemiche ed extrasistoliche, tachiaritmie o angina, le erbe di questa composizione sono state selezionate per le loro azioni complementari, garantendo i migliori risultati possibili.<\/p>\t\t\t\t\t\t\t\t<\/div>\n\t\t\t\t<\/div>\n\t\t\t\t\t<\/div>\n\t\t\t\t<\/div>\n\t\t<div class=\"wd-negative-gap elementor-element elementor-element-274ec27 e-flex e-con-boxed e-con e-parent\" data-id=\"274ec27\" data-element_type=\"container\">\n\t\t\t\t\t<div class=\"e-con-inner\">\n\t\t\t\t<div class=\"elementor-element elementor-element-0e36ddc color-scheme-inherit text-left elementor-widget elementor-widget-text-editor\" data-id=\"0e36ddc\" data-element_type=\"widget\" data-widget_type=\"text-editor.default\">\n\t\t\t\t<div class=\"elementor-widget-container\">\n\t\t\t\t\t\t\t\t\t<h4>Uno sguardo pi\u00f9 da vicino agli ingredienti<\/h4><p>Ogni componente di iCalm \u00e8 stato scelto per le sue propriet\u00e0 uniche e la capacit\u00e0 di lavorare con il resto::<\/p><p><strong>Leonores (Leonorus Cardiaca):<\/strong>noto per le sue propriet\u00e0 calmanti, soprattutto per il cuore, Leonores \u00e8 un potente cardiotonico che migliora le contrazioni cardiache abbassando la frequenza cardiaca. \u00c8 particolarmente efficace nei casi di tachicardia causata da stress e altri fattori emotivi. Inoltre, fornisce sollievo dalle aritmie ischemiche, dai dolori toracici e dalla mancanza di respiro, sostenendo al contempo la salute generale del cuore senza causare tensione.<\/p><p><strong>Withania (Withania Somnifera):<\/strong> Spesso indicata come adattogeno, aiuta il corpo ad adattarsi allo stress, offrendo neuroprotettivo, ansiolitico e benefici antistress. Ha anche propriet\u00e0 antinfiammatorie, antiossidanti e immunostimolanti, offrendo un effetto tonico completo.<\/p><p><strong>Lippia (Tilia Tomentosa):<\/strong> Conosciuta per i suoi effetti benefici sul cuore e sulle arterie, la Lippia esercita un&#8217;azione ansiolitica e antispasmodica, aiutando ad aumentare i livelli di serotonina, favorendo la calma.<\/p><p><strong>Biancospino (Crataegus Oxeacantha):<\/strong> Un eccellente cardiotonico, regola la pressione sanguigna e la frequenza cardiaca. Particolarmente efficace nelle tachiaritmie, migliora la funzione cardiaca e riduce la resistenza vascolare periferica.<\/p><p><strong>Olivo (Olea Europaea):<\/strong> Fornisce un chiaro effetto ipotensivo, migliorando l&#8217;elasticit\u00e0 delle arterie e riducendo il gonfiore attraverso la diuresi.<\/p>\t\t\t\t\t\t\t\t<\/div>\n\t\t\t\t<\/div>\n\t\t\t\t<div class=\"elementor-element elementor-element-45b25c9 color-scheme-inherit text-left elementor-widget elementor-widget-text-editor\" data-id=\"45b25c9\" data-element_type=\"widget\" data-widget_type=\"text-editor.default\">\n\t\t\t\t<div class=\"elementor-widget-container\">\n\t\t\t\t\t\t\t\t\t<h4>Pulito e naturale<\/h4><p>iCalm \u00e8 un prodotto naturale che contiene erbe selezionate, acqua e una piccola quantit\u00e0 di alcol ed etanolo per la conservazione. \u00c8 adatto a vegetariani e vegani, glutine, zucchero, soia, mais e agrumi.<\/p>\t\t\t\t\t\t\t\t<\/div>\n\t\t\t\t<\/div>\n\t\t\t\t<div class=\"elementor-element elementor-element-0f1b379 color-scheme-inherit text-left elementor-widget elementor-widget-text-editor\" data-id=\"0f1b379\" data-element_type=\"widget\" data-widget_type=\"text-editor.default\">\n\t\t\t\t<div class=\"elementor-widget-container\">\n\t\t\t\t\t\t\t\t\t<h4>Raccomandazioni importanti<\/h4><p><em>Gli integratori alimentari non sostituiscono una dieta equilibrata. Non superare la dose giornaliera raccomandata. Consulta il tuo medico in caso di gravidanza, allattamento, assunzione di farmaci o problemi di salute. Conservare fuori dalla portata dei bambini e in luogo fresco e asciutto.<\/em><\/p>\t\t\t\t\t\t\t\t<\/div>\n\t\t\t\t<\/div>\n\t\t\t\t\t<\/div>\n\t\t\t\t<\/div>\n\t\t\t\t<\/div>\n\t\t","protected":false},"excerpt":{"rendered":"<p>Herbavibe iCalm 100 ml Perch\u00e9 ti meriti di sentirti in pace Con estratti naturali di erbe Una soluzione botanica combinata<\/p>\n","protected":false},"author":1,"featured_media":0,"parent":593,"menu_order":0,"comment_status":"closed","ping_status":"closed","template":"","meta":{"footnotes":""},"class_list":["post-599","page","type-page","status-publish","hentry"],"_links":{"self":[{"href":"https:\/\/herbavibe.eu\/it\/wp-json\/wp\/v2\/pages\/599","targetHints":{"allow":["GET"]}}],"collection":[{"href":"https:\/\/herbavibe.eu\/it\/wp-json\/wp\/v2\/pages"}],"about":[{"href":"https:\/\/herbavibe.eu\/it\/wp-json\/wp\/v2\/types\/page"}],"author":[{"embeddable":true,"href":"https:\/\/herbavibe.eu\/it\/wp-json\/wp\/v2\/users\/1"}],"replies":[{"embeddable":true,"href":"https:\/\/herbavibe.eu\/it\/wp-json\/wp\/v2\/comments?post=599"}],"version-history":[{"count":4,"href":"https:\/\/herbavibe.eu\/it\/wp-json\/wp\/v2\/pages\/599\/revisions"}],"predecessor-version":[{"id":603,"href":"https:\/\/herbavibe.eu\/it\/wp-json\/wp\/v2\/pages\/599\/revisions\/603"}],"up":[{"embeddable":true,"href":"https:\/\/herbavibe.eu\/it\/wp-json\/wp\/v2\/pages\/593"}],"wp:attachment":[{"href":"https:\/\/herbavibe.eu\/it\/wp-json\/wp\/v2\/media?parent=599"}],"curies":[{"name":"wp","href":"https:\/\/api.w.org\/{rel}","templated":true}]}}