{"id":586,"date":"2024-11-01T10:39:35","date_gmt":"2024-11-01T10:39:35","guid":{"rendered":"https:\/\/herbavibe.eu\/our-philosophy\/synergy\/"},"modified":"2025-05-27T07:54:20","modified_gmt":"2025-05-27T07:54:20","slug":"synergy","status":"publish","type":"page","link":"https:\/\/herbavibe.eu\/it\/our-philosophy\/synergy\/","title":{"rendered":"Sinergia"},"content":{"rendered":"\t\t<div data-elementor-type=\"wp-page\" data-elementor-id=\"586\" class=\"elementor elementor-586 elementor-330\">\n\t\t\t\t<div class=\"wd-negative-gap elementor-element elementor-element-f58d38f e-flex e-con-boxed e-con e-parent\" data-id=\"f58d38f\" data-element_type=\"container\">\n\t\t\t\t\t<div class=\"e-con-inner\">\n\t\t\t\t<div class=\"elementor-element elementor-element-9689632 color-scheme-inherit text-left elementor-widget elementor-widget-text-editor\" data-id=\"9689632\" data-element_type=\"widget\" data-widget_type=\"text-editor.default\">\n\t\t\t\t<div class=\"elementor-widget-container\">\n\t\t\t\t\t\t\t\t\t<h2><strong>Sfruttare la sinergia della natura per il benessere olistico<\/strong><\/h2><p><strong>Introduzione: La saggezza della natura<\/strong><\/p><p>Nel campo degli integratori alimentari, creiamo formule complete combinando vitamine, minerali, aminoacidi e antiossidanti, oppure miscelando questi elementi insieme. Il nostro obiettivo \u00e8 sviluppare formulazioni complete per un\u2019azione olistica, mirata a risultati ottimali e duraturi. Questo approccio porta alla creazione di formule integrative, come multivitaminici, integratori per atleti e formule per il rafforzamento dei capelli, tra le altre.<\/p><p>Guidati dalla letteratura scientifica e dalla pratica clinica, da decenni si \u00e8 consolidata la conoscenza delle combinazioni efficaci di ingredienti per un rafforzamento reciproco. In genere, gli ingredienti negli integratori alimentari vengono selezionati per colmare una carenza, potenziare un&#8217;azione o supportare una funzione. Tuttavia, \u00e8 fondamentale considerare i meccanismi complessivi che portano a questi risultati nell\u2019organismo.<\/p><p>Ad esempio, per aumentare i livelli di zinco nel corpo, \u00e8 necessario comprendere a fondo i meccanismi di assorbimento e biodisponibilit\u00e0 dello zinco\u2014dall&#8217;ingestione al suo utilizzo finale nei tessuti e nelle cellule. Pertanto, quando formuliamo un prodotto con questo minerale come ingrediente principale, potremmo includere anche il magnesio, che compete con lo zinco per l\u2019assorbimento nell\u2019intestino tenue.<\/p><p>La natura ha previsto queste complesse interazioni, come dimostrano numerosi esempi di piante medicinali (come il t\u00e8 verde, lo zenzero e il dragoncello) i cui effetti vengono potenziati quando utilizzati in combinazione. Ad esempio, l\u2019Isatis tinctoria, una pianta con forti propriet\u00e0 antivirali e antinfiammatorie, contiene il composto antinfiammatorio triptantrina, che da sola ha una scarsa penetrazione cutanea. Tuttavia, quando si applica l\u2019estratto completo della pianta sulla pelle, la penetrazione aumenta in modo significativo. La natura dimostra pi\u00f9 volte che le soluzioni si trovano seguendo la sua guida olistica.<\/p><p>La maggior parte dei composti attivi benefici per la salute umana sono prodotti dalle piante durante la loro crescita come difesa naturale contro le sfide ambientali, le malattie e i microrganismi. Per rafforzare la loro resilienza e adattabilit\u00e0, le piante producono una gamma di composti che agiscono sinergicamente per sostenere l&#8217;efficacia, l\u2019assorbimento e la biodisponibilit\u00e0 reciproci. La saggezza della natura ha progettato ogni componente in modo armonioso per mantenere l\u2019equilibrio e permettere la coesistenza all\u2019interno dell\u2019ecosistema vegetale.<\/p>\t\t\t\t\t\t\t\t<\/div>\n\t\t\t\t<\/div>\n\t\t\t\t\t<\/div>\n\t\t\t\t<\/div>\n\t\t<div class=\"wd-negative-gap elementor-element elementor-element-4a55804 e-flex e-con-boxed e-con e-parent\" data-id=\"4a55804\" data-element_type=\"container\">\n\t\t\t\t\t<div class=\"e-con-inner\">\n\t\t\t\t<div class=\"elementor-element elementor-element-5382181 elementor-widget elementor-widget-image\" data-id=\"5382181\" data-element_type=\"widget\" data-widget_type=\"image.default\">\n\t\t\t\t<div class=\"elementor-widget-container\">\n\t\t\t\t\t\t\t\t\t\t\t\t\t\t\t<img fetchpriority=\"high\" decoding=\"async\" width=\"1800\" height=\"700\" src=\"https:\/\/herbavibe.eu\/wp-content\/uploads\/2024\/11\/plant-synergy.jpg\" class=\"attachment-full size-full wp-image-587\" alt=\"\" srcset=\"https:\/\/herbavibe.eu\/wp-content\/uploads\/2024\/11\/plant-synergy.jpg 1800w, https:\/\/herbavibe.eu\/wp-content\/uploads\/2024\/11\/plant-synergy-300x117.jpg 300w, https:\/\/herbavibe.eu\/wp-content\/uploads\/2024\/11\/plant-synergy-1024x398.jpg 1024w, https:\/\/herbavibe.eu\/wp-content\/uploads\/2024\/11\/plant-synergy-768x299.jpg 768w, https:\/\/herbavibe.eu\/wp-content\/uploads\/2024\/11\/plant-synergy-1536x597.jpg 1536w\" sizes=\"(max-width: 1800px) 100vw, 1800px\" \/>\t\t\t\t\t\t\t\t\t\t\t\t\t\t\t<\/div>\n\t\t\t\t<\/div>\n\t\t\t\t\t<\/div>\n\t\t\t\t<\/div>\n\t\t<div class=\"wd-negative-gap elementor-element elementor-element-61f8885 e-flex e-con-boxed e-con e-parent\" data-id=\"61f8885\" data-element_type=\"container\">\n\t\t\t\t\t<div class=\"e-con-inner\">\n\t\t\t\t<div class=\"elementor-element elementor-element-d1f952a color-scheme-inherit text-left elementor-widget elementor-widget-text-editor\" data-id=\"d1f952a\" data-element_type=\"widget\" data-widget_type=\"text-editor.default\">\n\t\t\t\t<div class=\"elementor-widget-container\">\n\t\t\t\t\t\t\t\t\t<h3>Il concetto di sinergia<\/h3><p>Nella sua forma pi\u00f9 semplice, la sinergia significa che la combinazione di due o pi\u00f9 elementi produce effetti pi\u00f9 forti della somma delle singole parti. Inoltre, questi effetti non possono essere previsti studiando ciascun elemento in isolamento. A causa della loro chimica complessa, le singole piante sono entit\u00e0 intrinsecamente sinergiche. Quando le piante vengono utilizzate in combinazione, questa complessit\u00e0 e l\u2019effetto sinergico aumentano notevolmente.<\/p><p><em>Piante sinergiche<\/em><\/p><p>Alcune piante amplificano le azioni di altre piante o di composti medicinali. Alcuni componenti vegetali possono servire a ridurre gli effetti collaterali degli ingredienti farmacologicamente attivi. Le complessit\u00e0 della chimica vegetale sono state storicamente fraintese o sottovalutate. Tuttavia, le nuove generazioni di ricercatori stanno esaminando le piante con una nuova prospettiva, riconoscendo che i rimedi naturali a base di piante sono spesso pi\u00f9 raffinati dei farmaci sintetici.<\/p><p>Ogni pianta \u00e8 un micro-ecosistema completo e autosufficiente. Ogni composto attivo contribuisce all\u2019insieme, sostenendo sia lo sviluppo che la sopravvivenza della pianta.<\/p><h4>Meccanismi delle piante sinergiche<\/h4><p>Le piante sinergiche potenziano l\u2019attivit\u00e0 di altre piante terapeutiche, sostenendo l\u2019organismo attraverso una variet\u00e0 di meccanismi:<\/p><ul><li>Riduzione degli effetti collaterali tossici degli ingredienti attivi principali.<\/li><li>Maggiore assorbimento e penetrazione degli ingredienti, incluso il trasporto intracellulare.<\/li><li>Maggiore efficacia dei componenti agendo in punti diversi dello stesso percorso di segnalazione.<\/li><li>Riduzione del dosaggio necessario, quando appropriato, per ottenere lo stesso effetto terapeutico.<\/li><\/ul><p>Alcuni ingredienti vegetali potenziano le azioni farmacologiche di altre piante modificandone le propriet\u00e0 fisico-chimiche, come la solubilit\u00e0, la biodisponibilit\u00e0 e l\u2019efficacia. Alcuni composti rafforzano la risposta immunitaria, mentre altri agiscono direttamente sui patogeni, indebolendoli e rendendoli pi\u00f9 vulnerabili a un sistema immunitario forte. Alcune piante, ad esempio, riducono le difese di virus e batteri contro i composti antimicrobici vegetali, rendendo questi ultimi pi\u00f9 efficaci.<\/p><h5>Combinare le piante per risultati potenziati<\/h5><p>La combinazione di piante a scopo terapeutico \u00e8 una pratica avanzata che spesso d\u00e0 luogo a preparazioni pi\u00f9 potenti rispetto a quelle ottenute dalle singole piante. Ad esempio, i componenti della liquirizia aumentano significativamente la solubilit\u00e0 in acqua di altri ingredienti vegetali, come le saikosaponine del ginseng asiatico. Questo approccio sinergico\u2014da tempo esplorato nei sistemi medici tradizionali come la medicina tradizionale cinese (TCM) e l\u2019Ayurveda\u2014pu\u00f2 migliorare l\u2019efficacia ed \u00e8 progressivamente oggetto di attenzione nella scienza medica moderna.<\/p><p>Con l\u2019aumento dei batteri resistenti e la ricomparsa di malattie un tempo controllate, la ricerca su rimedi a base vegetale \u00e8 diventata sempre pi\u00f9 essenziale. La promessa offerta dalla natura, a lungo compresa dai sistemi di guarigione antichi, \u00e8 sempre pi\u00f9 riconosciuta come una risorsa inestimabile per la medicina moderna.<\/p>\t\t\t\t\t\t\t\t<\/div>\n\t\t\t\t<\/div>\n\t\t\t\t\t<\/div>\n\t\t\t\t<\/div>\n\t\t\t\t<\/div>\n\t\t","protected":false},"excerpt":{"rendered":"<p>Sfruttare la sinergia della natura per il benessere olistico Introduzione: La saggezza della natura Nel campo degli integratori alimentari, creiamo<\/p>\n","protected":false},"author":2,"featured_media":0,"parent":548,"menu_order":0,"comment_status":"closed","ping_status":"closed","template":"","meta":{"footnotes":""},"class_list":["post-586","page","type-page","status-publish","hentry"],"_links":{"self":[{"href":"https:\/\/herbavibe.eu\/it\/wp-json\/wp\/v2\/pages\/586","targetHints":{"allow":["GET"]}}],"collection":[{"href":"https:\/\/herbavibe.eu\/it\/wp-json\/wp\/v2\/pages"}],"about":[{"href":"https:\/\/herbavibe.eu\/it\/wp-json\/wp\/v2\/types\/page"}],"author":[{"embeddable":true,"href":"https:\/\/herbavibe.eu\/it\/wp-json\/wp\/v2\/users\/2"}],"replies":[{"embeddable":true,"href":"https:\/\/herbavibe.eu\/it\/wp-json\/wp\/v2\/comments?post=586"}],"version-history":[{"count":4,"href":"https:\/\/herbavibe.eu\/it\/wp-json\/wp\/v2\/pages\/586\/revisions"}],"predecessor-version":[{"id":592,"href":"https:\/\/herbavibe.eu\/it\/wp-json\/wp\/v2\/pages\/586\/revisions\/592"}],"up":[{"embeddable":true,"href":"https:\/\/herbavibe.eu\/it\/wp-json\/wp\/v2\/pages\/548"}],"wp:attachment":[{"href":"https:\/\/herbavibe.eu\/it\/wp-json\/wp\/v2\/media?parent=586"}],"curies":[{"name":"wp","href":"https:\/\/api.w.org\/{rel}","templated":true}]}}