{"id":581,"date":"2024-11-01T10:40:42","date_gmt":"2024-11-01T10:40:42","guid":{"rendered":"https:\/\/herbavibe.eu\/our-philosophy\/phytotherapy\/"},"modified":"2025-05-27T07:41:40","modified_gmt":"2025-05-27T07:41:40","slug":"phytotherapy","status":"publish","type":"page","link":"https:\/\/herbavibe.eu\/it\/our-philosophy\/phytotherapy\/","title":{"rendered":"Fitoterapia"},"content":{"rendered":"\t\t<div data-elementor-type=\"wp-page\" data-elementor-id=\"581\" class=\"elementor elementor-581 elementor-335\">\n\t\t\t\t<div class=\"wd-negative-gap elementor-element elementor-element-a9e7f1c e-flex e-con-boxed e-con e-parent\" data-id=\"a9e7f1c\" data-element_type=\"container\">\n\t\t\t\t\t<div class=\"e-con-inner\">\n\t\t\t\t<div class=\"elementor-element elementor-element-a3c23b0 color-scheme-inherit text-left elementor-widget elementor-widget-text-editor\" data-id=\"a3c23b0\" data-element_type=\"widget\" data-widget_type=\"text-editor.default\">\n\t\t\t\t<div class=\"elementor-widget-container\">\n\t\t\t\t\t\t\t\t\t<h2>Fitoterapia<\/h2><div class=\"elementor-element elementor-element-d23ec97 color-scheme-inherit text-left elementor-widget elementor-widget-text-editor\" data-id=\"d23ec97\" data-element_type=\"widget\" data-widget_type=\"text-editor.default\"><div class=\"elementor-widget-container\"><p>L&#8217;eredit\u00e0 di un sapere antico. Una scienza preistorica pi\u00f9 attuale che mai.<\/p><p>I medici esaminano i segni che il corpo umano comunica durante un esame fisico e prescrivono farmaci per aiutare a combattere il problema. Allo stesso modo, nel corso della storia umana, da quando abbiamo iniziato a scoprire le possibilit\u00e0 della natura, gli esperti sono giunti a conclusioni, diagnosticato disturbi o bisogni del corpo e suggerito l&#8217;uso di piante specifiche.<\/p><p>Il processo di ogni trattamento prescritto era la tecnologia avanzata dell&#8217;epoca, la migliore disponibile. Con il passare degli anni, varie societ\u00e0 hanno studiato e registrato questo antico processo e una notevole quantit\u00e0 di conoscenze si \u00e8 accumulata fino ai tempi moderni. La fitoterapia si sta ormai affermando nelle comunit\u00e0 scientifiche come alternativa sicura ed efficace, offrendo soluzioni e possibilit\u00e0 per il trattamento e la prevenzione delle condizioni patologiche. Negli ultimi 50 anni, vari studi hanno sostenuto e arricchito questo arsenale naturale. Gli effetti e le propriet\u00e0 di questi ingredienti sono meglio riconosciuti e, con l&#8217;avanzare della tecnologia, il loro uso viene ottimizzato, fornendo a questa antica scienza nuove possibilit\u00e0.<\/p><\/div><\/div>\t\t\t\t\t\t\t\t<\/div>\n\t\t\t\t<\/div>\n\t\t\t\t\t<\/div>\n\t\t\t\t<\/div>\n\t\t<div class=\"wd-negative-gap elementor-element elementor-element-f0aee5c e-flex e-con-boxed e-con e-parent\" data-id=\"f0aee5c\" data-element_type=\"container\">\n\t\t\t\t\t<div class=\"e-con-inner\">\n\t\t\t\t<div class=\"elementor-element elementor-element-a8368ec elementor-widget elementor-widget-image\" data-id=\"a8368ec\" data-element_type=\"widget\" data-widget_type=\"image.default\">\n\t\t\t\t<div class=\"elementor-widget-container\">\n\t\t\t\t\t\t\t\t\t\t\t\t\t\t\t<img fetchpriority=\"high\" decoding=\"async\" width=\"1024\" height=\"398\" src=\"https:\/\/herbavibe.eu\/wp-content\/uploads\/2024\/10\/homepage-slider2-1024x398.jpg\" class=\"attachment-large size-large wp-image-560\" alt=\"\" srcset=\"https:\/\/herbavibe.eu\/wp-content\/uploads\/2024\/10\/homepage-slider2-1024x398.jpg 1024w, https:\/\/herbavibe.eu\/wp-content\/uploads\/2024\/10\/homepage-slider2-300x117.jpg 300w, https:\/\/herbavibe.eu\/wp-content\/uploads\/2024\/10\/homepage-slider2-768x299.jpg 768w, https:\/\/herbavibe.eu\/wp-content\/uploads\/2024\/10\/homepage-slider2-1536x597.jpg 1536w, https:\/\/herbavibe.eu\/wp-content\/uploads\/2024\/10\/homepage-slider2.jpg 1800w\" sizes=\"(max-width: 1024px) 100vw, 1024px\" \/>\t\t\t\t\t\t\t\t\t\t\t\t\t\t\t<\/div>\n\t\t\t\t<\/div>\n\t\t\t\t\t<\/div>\n\t\t\t\t<\/div>\n\t\t<div class=\"wd-negative-gap elementor-element elementor-element-b1a4c8e e-flex e-con-boxed e-con e-parent\" data-id=\"b1a4c8e\" data-element_type=\"container\">\n\t\t\t\t\t<div class=\"e-con-inner\">\n\t\t\t\t<div class=\"elementor-element elementor-element-bc3d85e color-scheme-inherit text-left elementor-widget elementor-widget-text-editor\" data-id=\"bc3d85e\" data-element_type=\"widget\" data-widget_type=\"text-editor.default\">\n\t\t\t\t<div class=\"elementor-widget-container\">\n\t\t\t\t\t\t\t\t\t<h3>Una breve panoramica sulla fitoterapia moderna<\/h3><p>La fitoterapia moderna \u00e8 considerata un approccio delicato per rafforzare, ripristinare e mantenere la salute. I preparati a base di erbe si differenziano fondamentalmente dai medicinali erboristici convenzionali per la loro composizione rigorosamente controllata e l&#8217;effetto sulla salute.<\/p><p>La fitoterapia deriva dalla fitoterapia, una tradizione profondamente radicata in quasi tutte le culture, come la medicina tradizionale cinese (MTC), l&#8217;Ayurveda, gli insegnamenti sulla salute del Giappone e l&#8217;antica medicina greca. Per migliaia di anni, i preparati a base di erbe sono stati utilizzati per affrontare le sfide della salute. La fitoterapia moderna combina l&#8217;antica saggezza con una base scientifica, integrando farmacologia, farmacia e tossicologia per ottenere risultati pi\u00f9 basati sull&#8217;evidenza.<\/p><p>Non \u00e8 una medicina alternativa, ma una branca riconosciuta della medicina convenzionale, focalizzata sul trattamento e la prevenzione dei sintomi e delle malattie con le piante e i loro estratti. Questi medicinali a base di erbe, noti come fitofarmaci, sono disponibili in varie forme (ad es. polveri di erbe, estratti liquidi, estratti secchi, tinture) e sono soggetti a normative farmaceutiche. La qualit\u00e0 e la verifica costanti svolgono un ruolo fondamentale nel garantire l&#8217;efficacia.<\/p>\t\t\t\t\t\t\t\t<\/div>\n\t\t\t\t<\/div>\n\t\t\t\t\t<\/div>\n\t\t\t\t<\/div>\n\t\t\t\t<\/div>\n\t\t","protected":false},"excerpt":{"rendered":"<p>Fitoterapia L&#8217;eredit\u00e0 di un sapere antico. Una scienza preistorica pi\u00f9 attuale che mai. I medici esaminano i segni che il<\/p>\n","protected":false},"author":2,"featured_media":0,"parent":548,"menu_order":0,"comment_status":"closed","ping_status":"closed","template":"","meta":{"footnotes":""},"class_list":["post-581","page","type-page","status-publish","hentry"],"_links":{"self":[{"href":"https:\/\/herbavibe.eu\/it\/wp-json\/wp\/v2\/pages\/581","targetHints":{"allow":["GET"]}}],"collection":[{"href":"https:\/\/herbavibe.eu\/it\/wp-json\/wp\/v2\/pages"}],"about":[{"href":"https:\/\/herbavibe.eu\/it\/wp-json\/wp\/v2\/types\/page"}],"author":[{"embeddable":true,"href":"https:\/\/herbavibe.eu\/it\/wp-json\/wp\/v2\/users\/2"}],"replies":[{"embeddable":true,"href":"https:\/\/herbavibe.eu\/it\/wp-json\/wp\/v2\/comments?post=581"}],"version-history":[{"count":4,"href":"https:\/\/herbavibe.eu\/it\/wp-json\/wp\/v2\/pages\/581\/revisions"}],"predecessor-version":[{"id":585,"href":"https:\/\/herbavibe.eu\/it\/wp-json\/wp\/v2\/pages\/581\/revisions\/585"}],"up":[{"embeddable":true,"href":"https:\/\/herbavibe.eu\/it\/wp-json\/wp\/v2\/pages\/548"}],"wp:attachment":[{"href":"https:\/\/herbavibe.eu\/it\/wp-json\/wp\/v2\/media?parent=581"}],"curies":[{"name":"wp","href":"https:\/\/api.w.org\/{rel}","templated":true}]}}