{"id":575,"date":"2024-11-01T10:41:38","date_gmt":"2024-11-01T10:41:38","guid":{"rendered":"https:\/\/herbavibe.eu\/our-philosophy\/top-quality-ingedients\/"},"modified":"2025-05-27T07:38:47","modified_gmt":"2025-05-27T07:38:47","slug":"top-quality-ingedients","status":"publish","type":"page","link":"https:\/\/herbavibe.eu\/it\/our-philosophy\/top-quality-ingedients\/","title":{"rendered":"I nostri impianti"},"content":{"rendered":"\t\t<div data-elementor-type=\"wp-page\" data-elementor-id=\"575\" class=\"elementor elementor-575 elementor-340\">\n\t\t\t\t<div class=\"wd-negative-gap elementor-element elementor-element-bb543a5 e-flex e-con-boxed e-con e-parent\" data-id=\"bb543a5\" data-element_type=\"container\">\n\t\t\t\t\t<div class=\"e-con-inner\">\n\t\t\t\t<div class=\"elementor-element elementor-element-7dc1e72 color-scheme-inherit text-left elementor-widget elementor-widget-text-editor\" data-id=\"7dc1e72\" data-element_type=\"widget\" data-widget_type=\"text-editor.default\">\n\t\t\t\t<div class=\"elementor-widget-container\">\n\t\t\t\t\t\t\t\t\t<h2><strong>Materiali freschi e di alta qualit\u00e0<\/strong><\/h2><p>I potenti estratti vegetali sono un tesoro raro nel mercato europeo degli integratori alimentari. Gli standard richiesti per la loro produzione sono estremamente severi e pochi produttori sono in grado di soddisfarli. Noi\u00a0 di <strong>Herbavibe <\/strong>siamo ben consapevoli del fatto che per ottenere la massima potenza e la massima purezza nell&#8217;estrazione di una pianta, il processo inizia molto prima del raccolto.<\/p><p>Il percorso per ottenere un estratto vegetale di alta qualit\u00e0 inizia dalle condizioni di crescita stesse. Ci\u00f2 significa piena conoscenza della materia, derivata da decenni di esperienza, unita a un&#8217;attenta selezione dei terreni adatti, delle variet\u00e0 vegetali e del giusto periodo dell&#8217;anno. La coltivazione deve seguire i principi della sostenibilit\u00e0, garantendo che le piante crescano in condizioni ideali per massimizzare le loro qualit\u00e0 naturali.<\/p><p>Ma il processo non si ferma qui. La lavorazione delle piante \u00e8 un processo delicato e particolarmente meticoloso. Sono necessari severi controlli in ogni fase della produzione per garantire che i componenti benefici della pianta rimangano integri e siano presenti nella massima concentrazione possibile nel prodotto finale. Non ci sono compromessi sulla qualit\u00e0: questo \u00e8 il nostro principio non negoziabile.<\/p><p>Pochi produttori al mondo hanno l&#8217;infrastruttura, la competenza e l&#8217;esperienza per offrire prodotti di cos\u00ec alta qualit\u00e0. <strong>Herbavibe<\/strong> \u00e8 onorata di lavorare con uno dei pi\u00f9 grandi e antichi produttori di preparati a base di erbe nel mondo. Questo partner non solo coltiva le proprie piante con fonti di acqua pulita, ma ha anche la propria produzione di alcol di grado farmaceutico e completamente attrezzata,\u00a0 laboratorio autonomo.<\/p><p>Il nostro amore per le piante \u00e8 profondo e vero. Rispettiamo ci\u00f2 che la natura ci offre e ne comprendiamo il valore in ogni aspetto della nostra vita. Studiamo la natura, la esploriamo con passione e cerchiamo di utilizzarne gli elementi migliori in ogni dettaglio dei nostri prodotti.<\/p><p>La scelta di <strong>Herbavibe<\/strong> \u00e8 garanzia della massima qualit\u00e0 in fitoterapia. Scegliendo noi, scegli il meglio che la natura ha da offrire.<\/p>\t\t\t\t\t\t\t\t<\/div>\n\t\t\t\t<\/div>\n\t\t\t\t\t<\/div>\n\t\t\t\t<\/div>\n\t\t<div class=\"wd-negative-gap elementor-element elementor-element-9d8b1ad e-flex e-con-boxed e-con e-parent\" data-id=\"9d8b1ad\" data-element_type=\"container\">\n\t\t\t\t\t<div class=\"e-con-inner\">\n\t\t\t\t<div class=\"elementor-element elementor-element-798ae1e elementor-widget elementor-widget-image\" data-id=\"798ae1e\" data-element_type=\"widget\" data-widget_type=\"image.default\">\n\t\t\t\t<div class=\"elementor-widget-container\">\n\t\t\t\t\t\t\t\t\t\t\t\t\t\t\t<img fetchpriority=\"high\" decoding=\"async\" width=\"1800\" height=\"700\" src=\"https:\/\/herbavibe.eu\/wp-content\/uploads\/2024\/11\/people-working-field.jpg\" class=\"attachment-full size-full wp-image-576\" alt=\"\" srcset=\"https:\/\/herbavibe.eu\/wp-content\/uploads\/2024\/11\/people-working-field.jpg 1800w, https:\/\/herbavibe.eu\/wp-content\/uploads\/2024\/11\/people-working-field-300x117.jpg 300w, https:\/\/herbavibe.eu\/wp-content\/uploads\/2024\/11\/people-working-field-1024x398.jpg 1024w, https:\/\/herbavibe.eu\/wp-content\/uploads\/2024\/11\/people-working-field-768x299.jpg 768w, https:\/\/herbavibe.eu\/wp-content\/uploads\/2024\/11\/people-working-field-1536x597.jpg 1536w\" sizes=\"(max-width: 1800px) 100vw, 1800px\" \/>\t\t\t\t\t\t\t\t\t\t\t\t\t\t\t<\/div>\n\t\t\t\t<\/div>\n\t\t\t\t\t<\/div>\n\t\t\t\t<\/div>\n\t\t\t\t<\/div>\n\t\t","protected":false},"excerpt":{"rendered":"<p>Materiali freschi e di alta qualit\u00e0 I potenti estratti vegetali sono un tesoro raro nel mercato europeo degli integratori alimentari.<\/p>\n","protected":false},"author":2,"featured_media":0,"parent":548,"menu_order":0,"comment_status":"closed","ping_status":"closed","template":"","meta":{"footnotes":""},"class_list":["post-575","page","type-page","status-publish","hentry"],"_links":{"self":[{"href":"https:\/\/herbavibe.eu\/it\/wp-json\/wp\/v2\/pages\/575","targetHints":{"allow":["GET"]}}],"collection":[{"href":"https:\/\/herbavibe.eu\/it\/wp-json\/wp\/v2\/pages"}],"about":[{"href":"https:\/\/herbavibe.eu\/it\/wp-json\/wp\/v2\/types\/page"}],"author":[{"embeddable":true,"href":"https:\/\/herbavibe.eu\/it\/wp-json\/wp\/v2\/users\/2"}],"replies":[{"embeddable":true,"href":"https:\/\/herbavibe.eu\/it\/wp-json\/wp\/v2\/comments?post=575"}],"version-history":[{"count":4,"href":"https:\/\/herbavibe.eu\/it\/wp-json\/wp\/v2\/pages\/575\/revisions"}],"predecessor-version":[{"id":580,"href":"https:\/\/herbavibe.eu\/it\/wp-json\/wp\/v2\/pages\/575\/revisions\/580"}],"up":[{"embeddable":true,"href":"https:\/\/herbavibe.eu\/it\/wp-json\/wp\/v2\/pages\/548"}],"wp:attachment":[{"href":"https:\/\/herbavibe.eu\/it\/wp-json\/wp\/v2\/media?parent=575"}],"curies":[{"name":"wp","href":"https:\/\/api.w.org\/{rel}","templated":true}]}}