{"id":553,"date":"2024-07-30T10:06:33","date_gmt":"2024-07-30T10:06:33","guid":{"rendered":"https:\/\/herbavibe.eu\/sample-page\/"},"modified":"2025-05-27T07:26:54","modified_gmt":"2025-05-27T07:26:54","slug":"sample-page","status":"publish","type":"page","link":"https:\/\/herbavibe.eu\/it\/","title":{"rendered":"Home"},"content":{"rendered":"\t\t<div data-elementor-type=\"wp-page\" data-elementor-id=\"553\" class=\"elementor elementor-553 elementor-2\">\n\t\t\t\t<div class=\"wd-negative-gap elementor-element elementor-element-157acb4 e-flex e-con-boxed e-con e-parent\" data-id=\"157acb4\" data-element_type=\"container\">\n\t\t\t\t\t<div class=\"e-con-inner\">\n\t\t\t\t<div class=\"elementor-element elementor-element-6dd03ed elementor-widget elementor-widget-slider_revolution\" data-id=\"6dd03ed\" data-element_type=\"widget\" data-widget_type=\"slider_revolution.default\">\n\t\t\t\t<div class=\"elementor-widget-container\">\n\t\t\t\t\t\n\t\t<div class=\"wp-block-themepunch-revslider\">\n\t\t\t\t<p class=\"rs-p-wp-fix\"><\/p>\n\t\t\t\t<sr7-module data-alias=\"slider-1\" data-id=\"1\" id=\"SR7_1_1\" class=\"rs-ov-hidden\" data-version=\"6.7.21\">\n\t\t\t\t\t<sr7-adjuster><\/sr7-adjuster>\n\t\t\t\t\t<sr7-content>\n\t\t\t\t\t<\/sr7-content>\n\t\t\t\t\t<image_lists style=\"display:none\">\n\t\t\t\t\t\t<img data-src=\"\/\/herbavibe.eu\/wp-content\/uploads\/2024\/10\/homepage-slider.jpg\" data-libid=\"222\" data-lib=\"medialibrary\" title=\"homepage slider\" width=\"0\" height=\"0\" data-dbsrc=\"Ly9oZXJiYXZpYmUuZXUvd3AtY29udGVudC91cGxvYWRzLzIwMjQvMTAvaG9tZXBhZ2Utc2xpZGVyLmpwZw==\"\/>\n\t\t\t\t\t\t<img data-src=\"\/\/herbavibe.eu\/wp-content\/uploads\/2024\/11\/herbavibe-icalm-copy.png\" data-libid=\"323\" data-lib=\"medialibrary\" title=\"herbavibe icalm copy\" width=\"0\" height=\"0\" data-dbsrc=\"Ly9oZXJiYXZpYmUuZXUvd3AtY29udGVudC91cGxvYWRzLzIwMjQvMTEvaGVyYmF2aWJlLWljYWxtLWNvcHkucG5n\"\/>\n\t\t\t\t\t\t<img data-src=\"\/\/herbavibe.eu\/wp-content\/uploads\/2024\/11\/oregano-oil-copy.png\" data-libid=\"322\" data-lib=\"medialibrary\" title=\"oregano oil copy\" width=\"0\" height=\"0\" data-dbsrc=\"Ly9oZXJiYXZpYmUuZXUvd3AtY29udGVudC91cGxvYWRzLzIwMjQvMTEvb3JlZ2Fuby1vaWwtY29weS5wbmc=\"\/>\n\t\t\t\t\t\t<img loading=\"lazy\" data-src=\"\/\/herbavibe.eu\/wp-content\/uploads\/2024\/11\/herbavibe-immune-copy.png\" data-libid=\"321\" data-lib=\"medialibrary\" title=\"herbavibe immune copy\" width=\"0\" height=\"0\" data-dbsrc=\"Ly9oZXJiYXZpYmUuZXUvd3AtY29udGVudC91cGxvYWRzLzIwMjQvMTEvaGVyYmF2aWJlLWltbXVuZS1jb3B5LnBuZw==\"\/>\n\t\t\t\t\t\t<img loading=\"lazy\" data-src=\"\/\/herbavibe.eu\/wp-content\/uploads\/2024\/10\/forest4.jpg\" data-libid=\"234\" data-lib=\"medialibrary\" title=\"forest4\" width=\"0\" height=\"0\" data-dbsrc=\"Ly9oZXJiYXZpYmUuZXUvd3AtY29udGVudC91cGxvYWRzLzIwMjQvMTAvZm9yZXN0NC5qcGc=\"\/>\n\t\t\t\t\t<\/image_lists>\n\t\t\t\t<\/sr7-module>\n\t\t\t\t<script>\n\t\t\t\t\tSR7.PMH ??={}; SR7.PMH[\"SR7_1_1\"] = {cn:0,state:false,fn: function() { if (_tpt!==undefined && _tpt.prepareModuleHeight !== undefined) {  _tpt.prepareModuleHeight({id:\"SR7_1_1\",el:[900,900,768,960,720],type:'standard',shdw:'0',gh:[900,900,768,960,720],gw:[1240,1240,1024,778,480],vpt:['100px'],size:{fullWidth:true, fullHeight:false},mh:'0',onh:0,onw:0,bg:{color:'{\"orig\":\"transparent\",\"type\":\"solid\",\"string\":\"transparent\"}'}});   SR7.PMH[\"SR7_1_1\"].state=true;} else if((SR7.PMH[\"SR7_1_1\"].cn++)<100)\tsetTimeout( SR7.PMH[\"SR7_1_1\"].fn,19);}};SR7.PMH[\"SR7_1_1\" ].fn();\n\t\t\t\t<\/script>\n<\/div>\n\n\t\t\t\t\t\t<\/div>\n\t\t\t\t<\/div>\n\t\t\t\t\t<\/div>\n\t\t\t\t<\/div>\n\t\t<div class=\"wd-negative-gap elementor-element elementor-element-5f2b832 e-flex e-con-boxed e-con e-parent\" data-id=\"5f2b832\" data-element_type=\"container\">\n\t\t\t\t\t<div class=\"e-con-inner\">\n\t\t\t\t<div class=\"elementor-element elementor-element-fea01e6 elementor-widget elementor-widget-heading\" data-id=\"fea01e6\" data-element_type=\"widget\" data-widget_type=\"heading.default\">\n\t\t\t\t<div class=\"elementor-widget-container\">\n\t\t\t\t\t<h2 class=\"elementor-heading-title elementor-size-default\"><a href=\"https:\/\/herbavibe.eu\/our-philosophy\/top-quality-ingedients\/\">Ingredienti di alta qualit\u00e0<\/a><\/h2>\t\t\t\t<\/div>\n\t\t\t\t<\/div>\n\t\t\t\t<div class=\"elementor-element elementor-element-1504aa0 color-scheme-inherit text-left elementor-widget elementor-widget-text-editor\" data-id=\"1504aa0\" data-element_type=\"widget\" data-widget_type=\"text-editor.default\">\n\t\t\t\t<div class=\"elementor-widget-container\">\n\t\t\t\t\t\t\t\t\t<p>I potenti estratti vegetali sono un tesoro raro nel mercato europeo degli integratori alimentari. Gli standard richiesti per la loro produzione sono estremamente severi e solo pochi produttori hanno la capacit\u00e0 di soddisfarli. Noi di Herbavibe sappiamo bene che per ottenere la massima potenza e la massima purezza nell&#8217;estrazione di una razza, il processo inizia ben prima del raccolto.<\/p>\n<p>Per soddisfare questi standard elevati, abbiamo scelto un produttore che privilegia la qualit\u00e0 rispetto alla quantit\u00e0. Un&#8217;azienda specializzata in medicina per professionisti, che detiene la certificazione cGMP (Good Manufacturing Practice) approvata a livello internazionale per i sistemi e i metodi di gestione della qualit\u00e0 farmaceutica, nonch\u00e9 per le pratiche di agricoltura biodinamica-biologica certificate e approvate.<\/p>\t\t\t\t\t\t\t\t<\/div>\n\t\t\t\t<\/div>\n\t\t\t\t\t<\/div>\n\t\t\t\t<\/div>\n\t\t<div class=\"elementor-element elementor-element-6883b08 e-con-full e-flex e-con e-parent\" data-id=\"6883b08\" data-element_type=\"container\">\n\t\t\t\t<div class=\"elementor-element elementor-element-33a0e96 elementor-widget elementor-widget-image\" data-id=\"33a0e96\" data-element_type=\"widget\" data-widget_type=\"image.default\">\n\t\t\t\t<div class=\"elementor-widget-container\">\n\t\t\t\t\t\t\t\t\t\t\t\t\t\t\t<img loading=\"lazy\" decoding=\"async\" width=\"1800\" height=\"700\" src=\"https:\/\/herbavibe.eu\/wp-content\/uploads\/2024\/10\/farm-field.jpg\" class=\"attachment-full size-full wp-image-568\" alt=\"\" srcset=\"https:\/\/herbavibe.eu\/wp-content\/uploads\/2024\/10\/farm-field.jpg 1800w, https:\/\/herbavibe.eu\/wp-content\/uploads\/2024\/10\/farm-field-300x117.jpg 300w, https:\/\/herbavibe.eu\/wp-content\/uploads\/2024\/10\/farm-field-1024x398.jpg 1024w, https:\/\/herbavibe.eu\/wp-content\/uploads\/2024\/10\/farm-field-768x299.jpg 768w, https:\/\/herbavibe.eu\/wp-content\/uploads\/2024\/10\/farm-field-1536x597.jpg 1536w\" sizes=\"(max-width: 1800px) 100vw, 1800px\" \/>\t\t\t\t\t\t\t\t\t\t\t\t\t\t\t<\/div>\n\t\t\t\t<\/div>\n\t\t\t\t<\/div>\n\t\t<div class=\"wd-negative-gap elementor-element elementor-element-6bb10fe e-flex e-con-boxed e-con e-parent\" data-id=\"6bb10fe\" data-element_type=\"container\">\n\t\t\t\t\t<div class=\"e-con-inner\">\n\t\t\t\t<div class=\"elementor-element elementor-element-0ac8c1f elementor-widget elementor-widget-heading\" data-id=\"0ac8c1f\" data-element_type=\"widget\" data-widget_type=\"heading.default\">\n\t\t\t\t<div class=\"elementor-widget-container\">\n\t\t\t\t\t<h2 class=\"elementor-heading-title elementor-size-default\"><a href=\"https:\/\/herbavibe.eu\/our-philosophy\/phytotherapy\/\">Fitotherapia<\/a><\/h2>\t\t\t\t<\/div>\n\t\t\t\t<\/div>\n\t\t\t\t<div class=\"elementor-element elementor-element-d23ec97 color-scheme-inherit text-left elementor-widget elementor-widget-text-editor\" data-id=\"d23ec97\" data-element_type=\"widget\" data-widget_type=\"text-editor.default\">\n\t\t\t\t<div class=\"elementor-widget-container\">\n\t\t\t\t\t\t\t\t\t<p>L&#8217;eredit\u00e0 di un sapere antico. Una scienza preistorica pi\u00f9 attuale che mai.<\/p>\n<p>I medici esaminano i segni che il corpo umano comunica durante un esame fisico e prescrivono farmaci per aiutare a combattere il problema. Allo stesso modo, nel corso della storia umana, da quando abbiamo iniziato a scoprire le possibilit\u00e0 della natura, gli esperti sono giunti a conclusioni, diagnosticato disturbi o bisogni del corpo e suggerito l&#8217;uso di piante specifiche.<\/p>\n<p>Il processo di ogni trattamento prescritto era la tecnologia avanzata dell&#8217;epoca, la migliore disponibile. Con il passare degli anni, varie societ\u00e0 hanno studiato e registrato questo antico processo e una notevole quantit\u00e0 di conoscenze si \u00e8 accumulata fino ai tempi moderni. La fitoterapia si sta ormai affermando nelle comunit\u00e0 scientifiche come alternativa sicura ed efficace, offrendo soluzioni e possibilit\u00e0 per il trattamento e la prevenzione delle condizioni patologiche. Negli ultimi 50 anni, vari studi hanno sostenuto e arricchito questo arsenale naturale. Gli effetti e le propriet\u00e0 di questi ingredienti sono meglio riconosciuti e, con l&#8217;avanzare della tecnologia, il loro uso viene ottimizzato, fornendo a questa antica scienza nuove possibilit\u00e0.<\/p>\t\t\t\t\t\t\t\t<\/div>\n\t\t\t\t<\/div>\n\t\t\t\t\t<\/div>\n\t\t\t\t<\/div>\n\t\t<div class=\"wd-negative-gap elementor-element elementor-element-3e6cb22 e-flex e-con-boxed e-con e-parent\" data-id=\"3e6cb22\" data-element_type=\"container\">\n\t\t\t\t\t<div class=\"e-con-inner\">\n\t\t\t\t<div class=\"elementor-element elementor-element-318f65c elementor-widget elementor-widget-image\" data-id=\"318f65c\" data-element_type=\"widget\" data-widget_type=\"image.default\">\n\t\t\t\t<div class=\"elementor-widget-container\">\n\t\t\t\t\t\t\t\t\t\t\t\t\t\t\t<img loading=\"lazy\" decoding=\"async\" width=\"1800\" height=\"700\" src=\"https:\/\/herbavibe.eu\/wp-content\/uploads\/2024\/10\/herbs.jpg\" class=\"attachment-full size-full wp-image-559\" alt=\"\" srcset=\"https:\/\/herbavibe.eu\/wp-content\/uploads\/2024\/10\/herbs.jpg 1800w, https:\/\/herbavibe.eu\/wp-content\/uploads\/2024\/10\/herbs-300x117.jpg 300w, https:\/\/herbavibe.eu\/wp-content\/uploads\/2024\/10\/herbs-1024x398.jpg 1024w, https:\/\/herbavibe.eu\/wp-content\/uploads\/2024\/10\/herbs-768x299.jpg 768w, https:\/\/herbavibe.eu\/wp-content\/uploads\/2024\/10\/herbs-1536x597.jpg 1536w\" sizes=\"(max-width: 1800px) 100vw, 1800px\" \/>\t\t\t\t\t\t\t\t\t\t\t\t\t\t\t<\/div>\n\t\t\t\t<\/div>\n\t\t\t\t\t<\/div>\n\t\t\t\t<\/div>\n\t\t<div class=\"wd-negative-gap elementor-element elementor-element-367fb929 e-flex e-con-boxed e-con e-parent\" data-id=\"367fb929\" data-element_type=\"container\">\n\t\t\t\t\t<div class=\"e-con-inner\">\n\t\t\t\t<div class=\"elementor-element elementor-element-74fb302 elementor-widget elementor-widget-heading\" data-id=\"74fb302\" data-element_type=\"widget\" data-widget_type=\"heading.default\">\n\t\t\t\t<div class=\"elementor-widget-container\">\n\t\t\t\t\t<h1 class=\"elementor-heading-title elementor-size-default\"><a href=\"https:\/\/herbavibe.eu\/our-products\/\">I nostri prodotti<\/a><\/h1>\t\t\t\t<\/div>\n\t\t\t\t<\/div>\n\t\t\t\t<div class=\"elementor-element elementor-element-56ffb930 color-scheme-inherit text-left elementor-widget elementor-widget-text-editor\" data-id=\"56ffb930\" data-element_type=\"widget\" data-widget_type=\"text-editor.default\">\n\t\t\t\t<div class=\"elementor-widget-container\">\n\t\t\t\t\t\t\t\t\t\n<p>Il nostro obiettivo come azienda \u00e8 offrire soluzioni naturali ai problemi quotidiani.<\/p>\n<p>In un&#8217;epoca in cui la societ\u00e0 \u00e8 afflitta da malattie, essere in grado di supportare le difese naturali del corpo, senza appesantirlo con sostanze chimiche, \u00e8 essenziale.<\/p>\n<p>Noi di Herbavibe offriamo una gamma limitata ma efficace di prodotti a base di erbe, appositamente studiati per questo scopo: supportarvi in \u200b\u200bmodo sicuro.<\/p>\n<p>La chiave del successo dei nostri prodotti? Fitoterapia e sinergia<\/p>\n\t\t\t\t\t\t\t\t<\/div>\n\t\t\t\t<\/div>\n\t\t<div class=\"elementor-element elementor-element-f8f99f1 e-con-full e-flex e-con e-child\" data-id=\"f8f99f1\" data-element_type=\"container\">\n\t\t\t\t<div class=\"elementor-element elementor-element-36baf65 elementor-widget elementor-widget-image\" data-id=\"36baf65\" data-element_type=\"widget\" data-widget_type=\"image.default\">\n\t\t\t\t<div class=\"elementor-widget-container\">\n\t\t\t\t\t\t\t\t\t\t\t\t<figure class=\"wp-caption\">\n\t\t\t\t\t\t\t\t\t\t\t<a href=\"https:\/\/herbavibe.eu\/our-products\/icalm\/\">\n\t\t\t\t\t\t\t<img loading=\"lazy\" decoding=\"async\" width=\"768\" height=\"768\" src=\"https:\/\/herbavibe.eu\/wp-content\/uploads\/2024\/10\/icalm-768x768.jpg\" class=\"attachment-medium_large size-medium_large wp-image-564\" alt=\"\" srcset=\"https:\/\/herbavibe.eu\/wp-content\/uploads\/2024\/10\/icalm-768x768.jpg 768w, https:\/\/herbavibe.eu\/wp-content\/uploads\/2024\/10\/icalm-300x300.jpg 300w, https:\/\/herbavibe.eu\/wp-content\/uploads\/2024\/10\/icalm-150x150.jpg 150w, https:\/\/herbavibe.eu\/wp-content\/uploads\/2024\/10\/icalm.jpg 850w\" sizes=\"(max-width: 768px) 100vw, 768px\" \/>\t\t\t\t\t\t\t\t<\/a>\n\t\t\t\t\t\t\t\t\t\t\t<figcaption class=\"widget-image-caption wp-caption-text\">Herbavibe iCalm, perch\u00e9 ti meriti di sentirti in pace<\/figcaption>\n\t\t\t\t\t\t\t\t\t\t<\/figure>\n\t\t\t\t\t\t\t\t\t<\/div>\n\t\t\t\t<\/div>\n\t\t\t\t<div class=\"elementor-element elementor-element-a9bf83a elementor-widget elementor-widget-image\" data-id=\"a9bf83a\" data-element_type=\"widget\" data-widget_type=\"image.default\">\n\t\t\t\t<div class=\"elementor-widget-container\">\n\t\t\t\t\t\t\t\t\t\t\t\t<figure class=\"wp-caption\">\n\t\t\t\t\t\t\t\t\t\t\t<a href=\"https:\/\/herbavibe.eu\/our-products\/immune\/\">\n\t\t\t\t\t\t\t<img loading=\"lazy\" decoding=\"async\" width=\"768\" height=\"768\" src=\"https:\/\/herbavibe.eu\/wp-content\/uploads\/2024\/10\/immune-768x768.jpg\" class=\"attachment-medium_large size-medium_large wp-image-566\" alt=\"\" srcset=\"https:\/\/herbavibe.eu\/wp-content\/uploads\/2024\/10\/immune-768x768.jpg 768w, https:\/\/herbavibe.eu\/wp-content\/uploads\/2024\/10\/immune-300x300.jpg 300w, https:\/\/herbavibe.eu\/wp-content\/uploads\/2024\/10\/immune-150x150.jpg 150w, https:\/\/herbavibe.eu\/wp-content\/uploads\/2024\/10\/immune.jpg 850w\" sizes=\"(max-width: 768px) 100vw, 768px\" \/>\t\t\t\t\t\t\t\t<\/a>\n\t\t\t\t\t\t\t\t\t\t\t<figcaption class=\"widget-image-caption wp-caption-text\">Herbavibe Immune, un potente integratore per la tua salute.<\/figcaption>\n\t\t\t\t\t\t\t\t\t\t<\/figure>\n\t\t\t\t\t\t\t\t\t<\/div>\n\t\t\t\t<\/div>\n\t\t\t\t<div class=\"elementor-element elementor-element-82f39ca elementor-widget elementor-widget-image\" data-id=\"82f39ca\" data-element_type=\"widget\" data-widget_type=\"image.default\">\n\t\t\t\t<div class=\"elementor-widget-container\">\n\t\t\t\t\t\t\t\t\t\t\t\t<figure class=\"wp-caption\">\n\t\t\t\t\t\t\t\t\t\t\t<a href=\"https:\/\/herbavibe.eu\/our-products\/oregano-oil\/\">\n\t\t\t\t\t\t\t<img loading=\"lazy\" decoding=\"async\" width=\"768\" height=\"768\" src=\"https:\/\/herbavibe.eu\/wp-content\/uploads\/2024\/10\/oregano-softgel-768x768.jpg\" class=\"attachment-medium_large size-medium_large wp-image-567\" alt=\"\" srcset=\"https:\/\/herbavibe.eu\/wp-content\/uploads\/2024\/10\/oregano-softgel-768x768.jpg 768w, https:\/\/herbavibe.eu\/wp-content\/uploads\/2024\/10\/oregano-softgel-300x300.jpg 300w, https:\/\/herbavibe.eu\/wp-content\/uploads\/2024\/10\/oregano-softgel-150x150.jpg 150w, https:\/\/herbavibe.eu\/wp-content\/uploads\/2024\/10\/oregano-softgel.jpg 850w\" sizes=\"(max-width: 768px) 100vw, 768px\" \/>\t\t\t\t\t\t\t\t<\/a>\n\t\t\t\t\t\t\t\t\t\t\t<figcaption class=\"widget-image-caption wp-caption-text\">Herbavibe Olio di Origano, scudo della natura<\/figcaption>\n\t\t\t\t\t\t\t\t\t\t<\/figure>\n\t\t\t\t\t\t\t\t\t<\/div>\n\t\t\t\t<\/div>\n\t\t\t\t<\/div>\n\t\t\t\t\t<\/div>\n\t\t\t\t<\/div>\n\t\t\t\t<\/div>\n\t\t","protected":false},"excerpt":{"rendered":"<p>Ingredienti di alta qualit\u00e0 I potenti estratti vegetali sono un tesoro raro nel mercato europeo degli integratori alimentari. Gli standard<\/p>\n","protected":false},"author":1,"featured_media":0,"parent":0,"menu_order":0,"comment_status":"closed","ping_status":"open","template":"","meta":{"footnotes":""},"class_list":["post-553","page","type-page","status-publish","hentry"],"_links":{"self":[{"href":"https:\/\/herbavibe.eu\/it\/wp-json\/wp\/v2\/pages\/553","targetHints":{"allow":["GET"]}}],"collection":[{"href":"https:\/\/herbavibe.eu\/it\/wp-json\/wp\/v2\/pages"}],"about":[{"href":"https:\/\/herbavibe.eu\/it\/wp-json\/wp\/v2\/types\/page"}],"author":[{"embeddable":true,"href":"https:\/\/herbavibe.eu\/it\/wp-json\/wp\/v2\/users\/1"}],"replies":[{"embeddable":true,"href":"https:\/\/herbavibe.eu\/it\/wp-json\/wp\/v2\/comments?post=553"}],"version-history":[{"count":3,"href":"https:\/\/herbavibe.eu\/it\/wp-json\/wp\/v2\/pages\/553\/revisions"}],"predecessor-version":[{"id":571,"href":"https:\/\/herbavibe.eu\/it\/wp-json\/wp\/v2\/pages\/553\/revisions\/571"}],"wp:attachment":[{"href":"https:\/\/herbavibe.eu\/it\/wp-json\/wp\/v2\/media?parent=553"}],"curies":[{"name":"wp","href":"https:\/\/api.w.org\/{rel}","templated":true}]}}