{"id":548,"date":"2024-09-20T06:01:31","date_gmt":"2024-09-20T06:01:31","guid":{"rendered":"https:\/\/herbavibe.eu\/our-philosophy\/"},"modified":"2025-05-27T07:29:28","modified_gmt":"2025-05-27T07:29:28","slug":"our-philosophy","status":"publish","type":"page","link":"https:\/\/herbavibe.eu\/it\/our-philosophy\/","title":{"rendered":"La nostra filosofia"},"content":{"rendered":"\t\t<div data-elementor-type=\"wp-page\" data-elementor-id=\"548\" class=\"elementor elementor-548 elementor-142\">\n\t\t\t\t<div class=\"wd-negative-gap elementor-element elementor-element-83dd3fc e-flex e-con-boxed e-con e-parent\" data-id=\"83dd3fc\" data-element_type=\"container\">\n\t\t\t\t\t<div class=\"e-con-inner\">\n\t\t\t\t<div class=\"elementor-element elementor-element-9a2b590 color-scheme-inherit text-left elementor-widget elementor-widget-text-editor\" data-id=\"9a2b590\" data-element_type=\"widget\" data-widget_type=\"text-editor.default\">\n\t\t\t\t<div class=\"elementor-widget-container\">\n\t\t\t\t\t\t\t\t\t<h2>La nostra filosofia<\/h2><p>La creazione degli integratori alimentari specializzati della nostra azienda \u00e8 nata da un&#8217;esigenza urgente, nata dopo anni di intensa ricerca e sperimentazione di molti preparati erboristici. Di fronte alla mancanza di prodotti davvero potenti ed efficaci, abbiamo deciso di prendere in mano la situazione.<\/p><p>La nostra ricerca di principi attivi non \u00e8 stata superficiale. Abbiamo esplorato le variet\u00e0 di piante pi\u00f9 pure provenienti dagli ambienti pi\u00f9 incontaminati, cercando di trovare estratti che facessero la differenza. Ogni fase di questo processo, dalla selezione delle materie prime alla combinazione finale, \u00e8 stata svolta con l&#8217;obiettivo della massima sinergia. Non abbiamo cercato di creare semplicemente una gamma di prodotti, ma un sistema di integratori che lavorassero in armonia con l&#8217;organismo, fornendo un vero supporto olistico alla salute.<\/p><p>I nostri prodotti non sono solo il risultato di una ricetta, ma di una creazione curata. Selezioniamo erbe certificate e di alta qualit\u00e0 che subiscono una lavorazione speciale per mantenerne la purezza. Questi estratti sono combinati in modo tale da potenziare l&#8217;azione reciproca, offrendo cos\u00ec il massimo beneficio all&#8217;organismo.<\/p><p>Ogni nostro prodotto \u00e8 stato studiato e realizzato con una regola guida: creare ci\u00f2 che non siamo riusciti a trovare. Ci\u00f2 che abbiamo cercato come soluzione per noi stessi, ora lo offriamo a voi.<\/p>\t\t\t\t\t\t\t\t<\/div>\n\t\t\t\t<\/div>\n\t\t\t\t\t<\/div>\n\t\t\t\t<\/div>\n\t\t<div class=\"wd-negative-gap elementor-element elementor-element-40c2a8b e-flex e-con-boxed e-con e-parent\" data-id=\"40c2a8b\" data-element_type=\"container\">\n\t\t\t\t\t<div class=\"e-con-inner\">\n\t\t\t\t<div class=\"elementor-element elementor-element-d6f33d2 elementor-widget elementor-widget-image\" data-id=\"d6f33d2\" data-element_type=\"widget\" data-widget_type=\"image.default\">\n\t\t\t\t<div class=\"elementor-widget-container\">\n\t\t\t\t\t\t\t\t\t\t\t\t\t\t\t<img fetchpriority=\"high\" decoding=\"async\" width=\"1800\" height=\"700\" src=\"https:\/\/herbavibe.eu\/wp-content\/uploads\/2024\/11\/echinacea-angustifolia.jpg\" class=\"attachment-full size-full wp-image-549\" alt=\"\" srcset=\"https:\/\/herbavibe.eu\/wp-content\/uploads\/2024\/11\/echinacea-angustifolia.jpg 1800w, https:\/\/herbavibe.eu\/wp-content\/uploads\/2024\/11\/echinacea-angustifolia-300x117.jpg 300w, https:\/\/herbavibe.eu\/wp-content\/uploads\/2024\/11\/echinacea-angustifolia-1024x398.jpg 1024w, https:\/\/herbavibe.eu\/wp-content\/uploads\/2024\/11\/echinacea-angustifolia-768x299.jpg 768w, https:\/\/herbavibe.eu\/wp-content\/uploads\/2024\/11\/echinacea-angustifolia-1536x597.jpg 1536w\" sizes=\"(max-width: 1800px) 100vw, 1800px\" \/>\t\t\t\t\t\t\t\t\t\t\t\t\t\t\t<\/div>\n\t\t\t\t<\/div>\n\t\t\t\t\t<\/div>\n\t\t\t\t<\/div>\n\t\t\t\t<\/div>\n\t\t","protected":false},"excerpt":{"rendered":"<p>La nostra filosofia La creazione degli integratori alimentari specializzati della nostra azienda \u00e8 nata da un&#8217;esigenza urgente, nata dopo anni<\/p>\n","protected":false},"author":2,"featured_media":0,"parent":0,"menu_order":0,"comment_status":"closed","ping_status":"closed","template":"","meta":{"footnotes":""},"class_list":["post-548","page","type-page","status-publish","hentry"],"_links":{"self":[{"href":"https:\/\/herbavibe.eu\/it\/wp-json\/wp\/v2\/pages\/548","targetHints":{"allow":["GET"]}}],"collection":[{"href":"https:\/\/herbavibe.eu\/it\/wp-json\/wp\/v2\/pages"}],"about":[{"href":"https:\/\/herbavibe.eu\/it\/wp-json\/wp\/v2\/types\/page"}],"author":[{"embeddable":true,"href":"https:\/\/herbavibe.eu\/it\/wp-json\/wp\/v2\/users\/2"}],"replies":[{"embeddable":true,"href":"https:\/\/herbavibe.eu\/it\/wp-json\/wp\/v2\/comments?post=548"}],"version-history":[{"count":4,"href":"https:\/\/herbavibe.eu\/it\/wp-json\/wp\/v2\/pages\/548\/revisions"}],"predecessor-version":[{"id":574,"href":"https:\/\/herbavibe.eu\/it\/wp-json\/wp\/v2\/pages\/548\/revisions\/574"}],"wp:attachment":[{"href":"https:\/\/herbavibe.eu\/it\/wp-json\/wp\/v2\/media?parent=548"}],"curies":[{"name":"wp","href":"https:\/\/api.w.org\/{rel}","templated":true}]}}