{"id":525,"date":"2024-07-30T12:26:34","date_gmt":"2024-07-30T12:26:34","guid":{"rendered":"https:\/\/herbavibe.eu\/our-products\/oregano-oil\/"},"modified":"2024-12-13T10:26:12","modified_gmt":"2024-12-13T10:26:12","slug":"oregano-oil","status":"publish","type":"page","link":"https:\/\/herbavibe.eu\/de\/our-products\/oregano-oil\/","title":{"rendered":"Herbavibe Oregano Oil"},"content":{"rendered":"\t\t<div data-elementor-type=\"wp-page\" data-elementor-id=\"525\" class=\"elementor elementor-525 elementor-46\">\n\t\t\t\t<div class=\"wd-negative-gap elementor-element elementor-element-38d9e35 e-flex e-con-boxed e-con e-parent\" data-id=\"38d9e35\" data-element_type=\"container\" data-settings=\"{&quot;background_background&quot;:&quot;classic&quot;}\">\n\t\t\t\t\t<div class=\"e-con-inner\">\n\t\t<div class=\"elementor-element elementor-element-0a69233 e-con-full e-flex e-con e-child\" data-id=\"0a69233\" data-element_type=\"container\">\n\t\t\t\t<div class=\"elementor-element elementor-element-2e38382 elementor-arrows-position-inside elementor-pagination-position-outside elementor-widget elementor-widget-image-carousel\" data-id=\"2e38382\" data-element_type=\"widget\" data-settings=\"{&quot;slides_to_show&quot;:&quot;1&quot;,&quot;navigation&quot;:&quot;both&quot;,&quot;autoplay&quot;:&quot;yes&quot;,&quot;pause_on_hover&quot;:&quot;yes&quot;,&quot;pause_on_interaction&quot;:&quot;yes&quot;,&quot;autoplay_speed&quot;:5000,&quot;infinite&quot;:&quot;yes&quot;,&quot;effect&quot;:&quot;slide&quot;,&quot;speed&quot;:500}\" data-widget_type=\"image-carousel.default\">\n\t\t\t\t<div class=\"elementor-widget-container\">\n\t\t\t\t\t\t\t<div class=\"elementor-image-carousel-wrapper swiper\" role=\"region\" aria-roledescription=\"carousel\" aria-label=\"Bild Karussell\" dir=\"ltr\">\n\t\t\t<div class=\"elementor-image-carousel swiper-wrapper\" aria-live=\"off\">\n\t\t\t\t\t\t\t\t<div class=\"swiper-slide\" role=\"group\" aria-roledescription=\"slide\" aria-label=\"1 von 2\"><figure class=\"swiper-slide-inner\"><img decoding=\"async\" class=\"swiper-slide-image\" src=\"https:\/\/herbavibe.eu\/wp-content\/uploads\/2024\/10\/oregano-softgel-768x768.jpg\" alt=\"Oregano Oil softgels\" \/><\/figure><\/div><div class=\"swiper-slide\" role=\"group\" aria-roledescription=\"slide\" aria-label=\"2 von 2\"><figure class=\"swiper-slide-inner\"><img decoding=\"async\" class=\"swiper-slide-image\" src=\"https:\/\/herbavibe.eu\/wp-content\/uploads\/2024\/10\/oregano-768x768.jpg\" alt=\"Oregano Oil\" \/><\/figure><\/div>\t\t\t<\/div>\n\t\t\t\t\t\t\t\t\t\t\t\t<div class=\"elementor-swiper-button elementor-swiper-button-prev\" role=\"button\" tabindex=\"0\">\n\t\t\t\t\t\t<svg aria-hidden=\"true\" class=\"e-font-icon-svg e-eicon-chevron-left\" viewBox=\"0 0 1000 1000\" xmlns=\"http:\/\/www.w3.org\/2000\/svg\"><path d=\"M646 125C629 125 613 133 604 142L308 442C296 454 292 471 292 487 292 504 296 521 308 533L604 854C617 867 629 875 646 875 663 875 679 871 692 858 704 846 713 829 713 812 713 796 708 779 692 767L438 487 692 225C700 217 708 204 708 187 708 171 704 154 692 142 675 129 663 125 646 125Z\"><\/path><\/svg>\t\t\t\t\t<\/div>\n\t\t\t\t\t<div class=\"elementor-swiper-button elementor-swiper-button-next\" role=\"button\" tabindex=\"0\">\n\t\t\t\t\t\t<svg aria-hidden=\"true\" class=\"e-font-icon-svg e-eicon-chevron-right\" viewBox=\"0 0 1000 1000\" xmlns=\"http:\/\/www.w3.org\/2000\/svg\"><path d=\"M696 533C708 521 713 504 713 487 713 471 708 454 696 446L400 146C388 133 375 125 354 125 338 125 325 129 313 142 300 154 292 171 292 187 292 204 296 221 308 233L563 492 304 771C292 783 288 800 288 817 288 833 296 850 308 863 321 871 338 875 354 875 371 875 388 867 400 854L696 533Z\"><\/path><\/svg>\t\t\t\t\t<\/div>\n\t\t\t\t\n\t\t\t\t\t\t\t\t\t<div class=\"swiper-pagination\"><\/div>\n\t\t\t\t\t\t\t\t\t<\/div>\n\t\t\t\t\t\t<\/div>\n\t\t\t\t<\/div>\n\t\t\t\t<\/div>\n\t\t<div class=\"elementor-element elementor-element-09948f2 e-con-full e-flex e-con e-child\" data-id=\"09948f2\" data-element_type=\"container\">\n\t\t\t\t<div class=\"elementor-element elementor-element-1155511 elementor-widget elementor-widget-heading\" data-id=\"1155511\" data-element_type=\"widget\" data-widget_type=\"heading.default\">\n\t\t\t\t<div class=\"elementor-widget-container\">\n\t\t\t\t\t<h1 class=\"elementor-heading-title elementor-size-default\">Herbavibe  Oregano Oil <br>\n60 softgels<\/h1>\t\t\t\t<\/div>\n\t\t\t\t<\/div>\n\t\t\t\t<div class=\"elementor-element elementor-element-8417df3 elementor-widget elementor-widget-heading\" data-id=\"8417df3\" data-element_type=\"widget\" data-widget_type=\"heading.default\">\n\t\t\t\t<div class=\"elementor-widget-container\">\n\t\t\t\t\t<h3 class=\"elementor-heading-title elementor-size-default\">das nat\u00fcrliche Schutzschild<\/h3>\t\t\t\t<\/div>\n\t\t\t\t<\/div>\n\t\t\t\t<div class=\"elementor-element elementor-element-53d5598 elementor-widget elementor-widget-heading\" data-id=\"53d5598\" data-element_type=\"widget\" data-widget_type=\"heading.default\">\n\t\t\t\t<div class=\"elementor-widget-container\">\n\t\t\t\t\t<h4 class=\"elementor-heading-title elementor-size-default\">Mit nativem Oliven\u00f6l extra<\/h4>\t\t\t\t<\/div>\n\t\t\t\t<\/div>\n\t\t\t\t<\/div>\n\t\t\t\t\t<\/div>\n\t\t\t\t<\/div>\n\t\t<div class=\"wd-negative-gap elementor-element elementor-element-35e5871 e-flex e-con-boxed e-con e-parent\" data-id=\"35e5871\" data-element_type=\"container\">\n\t\t\t\t\t<div class=\"e-con-inner\">\n\t\t\t\t<div class=\"elementor-element elementor-element-5b3b850 color-scheme-inherit text-left elementor-widget elementor-widget-text-editor\" data-id=\"5b3b850\" data-element_type=\"widget\" data-widget_type=\"text-editor.default\">\n\t\t\t\t<div class=\"elementor-widget-container\">\n\t\t\t\t\t\t\t\t\t<h3>Die nat\u00fcrliche Abwehr gegen moderne Krankheitserreger<\/h3><p>In einer Zeit, in der behandlungsresistente Krankheitserreger ein wachsendes Problem darstellen, ist die Nachfrage nach wirksamen, nat\u00fcrlichen L\u00f6sungen so gro\u00df wie nie zuvor. Hier kommt <strong>Herbavibe Oregano\u00f6l ins Spiel &#8211;<\/strong> ein wirksamer, aber sanfter Verb\u00fcndeter im Kampf gegen Infektionen<strong>.<\/strong><\/p><p>Oregano-\u00d6l wird aus Origanum vulgare gewonnen, einer bl\u00fchenden Pflanze, die mit der Minze verwandt ist und nicht nur als aromatisches Kraut, sondern auch als medizinisches Kraftpaket weithin anerkannt ist. Herbavibe Oregano\u00f6l-Kapseln werden aus Oregano mit griechischer Herkunft hergestellt, der f\u00fcr seine Reinheit und Wirksamkeit bekannt ist. Durch die sorgf\u00e4ltige \u00dcberwachung von Anbau, Ernte und Destillation wird durch eine strenge Qualit\u00e4tskontrolle sichergestellt, dass jede Kapsel den h\u00f6chsten Standard an Wirksamkeit bietet. Jede Kapsel enth\u00e4lt mindestens 75% Carvacrol, den Wirkstoff des Oregano\u00f6ls, der f\u00fcr seine beeindruckenden gesundheitlichen Vorteile bekannt ist. Die hohe Konzentration an Carvacrol ist ein Kennzeichen der Wirksamkeit und macht diese Kapseln zu einer starken Erg\u00e4nzung f\u00fcr jede Wellness-Kur.<\/p><h4>Bequem und einfach zu benutzen<\/h4><p>F\u00fcr diejenigen, die den starken Geschmack von Oregano \u00fcberw\u00e4ltigend finden, bietet Herbavibe Oregano\u00f6l eine einfache L\u00f6sung. Unsere Weichkapseln werden aus pflanzlicher Gelatine hergestellt, wodurch sie leicht zu schlucken und f\u00fcr jeden zug\u00e4nglich sind, auch f\u00fcr Veganer. Dies macht die Einnahme dieses &#8222;Wunderkrauts&#8220; einfach und bequem &#8211; so k\u00f6nnen Sie die Vorteile ohne den starken Geschmack genie\u00dfen.<\/p>\t\t\t\t\t\t\t\t<\/div>\n\t\t\t\t<\/div>\n\t\t\t\t\t<\/div>\n\t\t\t\t<\/div>\n\t\t<div class=\"wd-negative-gap elementor-element elementor-element-b6064b6 e-flex e-con-boxed e-con e-parent\" data-id=\"b6064b6\" data-element_type=\"container\">\n\t\t\t\t\t<div class=\"e-con-inner\">\n\t\t\t\t<div class=\"elementor-element elementor-element-76bd793 color-scheme-inherit text-left elementor-widget elementor-widget-text-editor\" data-id=\"76bd793\" data-element_type=\"widget\" data-widget_type=\"text-editor.default\">\n\t\t\t\t<div class=\"elementor-widget-container\">\n\t\t\t\t\t\t\t\t\t<h3>Die wichtigsten gesundheitlichen Vorteile von Herbavibe Oregano\u00f6l<\/h3><p><strong>Ein nat\u00fcrliches Antibiotikum<\/strong><br \/>Oregano\u00f6l, insbesondere sein Gehalt an Carvacrol, kann zur Bek\u00e4mpfung sch\u00e4dlicher Bakterien beitragen. W\u00e4hrend ein Gro\u00dfteil der Beweise f\u00fcr \u00e4therische \u00d6le aus Einzelberichten stammt, deuten neue Forschungsergebnisse darauf hin, dass Oregano\u00f6l eine sch\u00fctzende Wirkung gegen Krankheitserreger wie <em>Pseudomonas aeruginosa<\/em> und <em>E. coli<\/em> haben k\u00f6nnte, die beide h\u00e4ufige Ursachen f\u00fcr Infektionen der Harn- und Atemwege sind. Obwohl weitere Studien am Menschen erforderlich sind, stellt das antibakterielle Potenzial von Oregano\u00f6l eine vielversprechende nat\u00fcrliche Alternative dar.<\/p><p><strong>Cholesterinsenkung<\/strong><br \/>Oregano\u00f6l enth\u00e4lt Polyphenole wie Carvacrol und Thymol, die mit einer cholesterinsenkenden Wirkung in Verbindung gebracht werden. Fr\u00fchere Studien deuten darauf hin, dass diese Wirkstoffe zur Senkung des LDL-Cholesterinspiegels (des \u201cschlechten\u201d Cholesterins) beitragen k\u00f6nnen und damit die Gesundheit des Herzens f\u00f6rdern.<\/p><p><strong>Ein starkes Antioxidans<\/strong><br \/>Antioxidantien spielen eine entscheidende Rolle beim Schutz des K\u00f6rpers vor Sch\u00e4den durch freie Radikale, die mit dem Alterungsprozess und Krankheiten wie Krebs und Herzerkrankungen in Verbindung gebracht werden. Freie Radikale sind Nebenprodukte des nat\u00fcrlichen Stoffwechsels, sie k\u00f6nnen aber auch durch \u00e4u\u00dfere Faktoren wie Zigarettenrauch und Luftschadstoffe verst\u00e4rkt werden. In einer fr\u00fcheren Reagenzglasstudie, die verschiedene Kr\u00e4uter verglich, wurde festgestellt, dass Oregano die h\u00f6chste Konzentration an Antioxidantien aufweist. Da Oregano\u00f6l hochkonzentriert ist, kann es eine noch st\u00e4rkere antioxidative Wirkung entfalten als das Kraut allein.<\/p><p><strong>Unterst\u00fctzt die Darmgesundheit und bek\u00e4mpft Candida<\/strong><br \/>Die antimykotischen, antibakteriellen, antiparasit\u00e4ren und entz\u00fcndungshemmenden Eigenschaften des Oregano\u00f6ls machen es zu einem wertvollen Mittel zur Verbesserung der Darmgesundheit. Seine F\u00e4higkeit, Candida-Infektionen zu hemmen, unterstreicht seine Rolle als nat\u00fcrliches Heilmittel zur Aufrechterhaltung des Gleichgewichts im Verdauungssystem. Studien haben auch gezeigt, dass Oregano\u00f6l Entz\u00fcndungen reduzieren kann, wie eine 2017 ver\u00f6ffentlichte Studie belegt.<\/p>\t\t\t\t\t\t\t\t<\/div>\n\t\t\t\t<\/div>\n\t\t\t\t<div class=\"elementor-element elementor-element-7774f16 color-scheme-inherit text-left elementor-widget elementor-widget-text-editor\" data-id=\"7774f16\" data-element_type=\"widget\" data-widget_type=\"text-editor.default\">\n\t\t\t\t<div class=\"elementor-widget-container\">\n\t\t\t\t\t\t\t\t\t<h4>Wichtige \u00dcberlegungen<\/h4><p>Nahrungserg\u00e4nzungsmittel sollten nicht als Ersatz f\u00fcr eine ausgewogene Ern\u00e4hrung verwendet werden und sollten keine Mahlzeiten ersetzen. \u00dcberschreiten Sie nicht die empfohlene Tagesdosis. Dieses Produkt ist nicht f\u00fcr die Vorbeugung, Behandlung oder Heilung menschlicher Krankheiten bestimmt. Fragen Sie Ihren Arzt um Rat, wenn Sie schwanger sind, stillen, Medikamente einnehmen oder gesundheitliche Probleme haben. Es k\u00f6nnen weitere Wechsel- und Nebenwirkungen als die aufgef\u00fchrten auftreten. Von kleinen Kindern fernhalten. Dunkel, trocken und bei Raumtemperatur (15-25 \u00b0C) aufbewahren, es sei denn, vom Hersteller wird etwas anderes empfohlen.<\/p>\t\t\t\t\t\t\t\t<\/div>\n\t\t\t\t<\/div>\n\t\t\t\t\t<\/div>\n\t\t\t\t<\/div>\n\t\t\t\t<\/div>\n\t\t","protected":false},"excerpt":{"rendered":"<p>Herbavibe Oregano Oil 60 softgels das nat\u00fcrliche Schutzschild Mit nativem Oliven\u00f6l extra Die nat\u00fcrliche Abwehr gegen moderne Krankheitserreger In einer<\/p>\n","protected":false},"author":1,"featured_media":0,"parent":506,"menu_order":0,"comment_status":"closed","ping_status":"closed","template":"","meta":{"footnotes":""},"class_list":["post-525","page","type-page","status-publish","hentry"],"_links":{"self":[{"href":"https:\/\/herbavibe.eu\/de\/wp-json\/wp\/v2\/pages\/525","targetHints":{"allow":["GET"]}}],"collection":[{"href":"https:\/\/herbavibe.eu\/de\/wp-json\/wp\/v2\/pages"}],"about":[{"href":"https:\/\/herbavibe.eu\/de\/wp-json\/wp\/v2\/types\/page"}],"author":[{"embeddable":true,"href":"https:\/\/herbavibe.eu\/de\/wp-json\/wp\/v2\/users\/1"}],"replies":[{"embeddable":true,"href":"https:\/\/herbavibe.eu\/de\/wp-json\/wp\/v2\/comments?post=525"}],"version-history":[{"count":3,"href":"https:\/\/herbavibe.eu\/de\/wp-json\/wp\/v2\/pages\/525\/revisions"}],"predecessor-version":[{"id":529,"href":"https:\/\/herbavibe.eu\/de\/wp-json\/wp\/v2\/pages\/525\/revisions\/529"}],"up":[{"embeddable":true,"href":"https:\/\/herbavibe.eu\/de\/wp-json\/wp\/v2\/pages\/506"}],"wp:attachment":[{"href":"https:\/\/herbavibe.eu\/de\/wp-json\/wp\/v2\/media?parent=525"}],"curies":[{"name":"wp","href":"https:\/\/api.w.org\/{rel}","templated":true}]}}