{"id":519,"date":"2024-08-30T10:09:18","date_gmt":"2024-08-30T10:09:18","guid":{"rendered":"https:\/\/herbavibe.eu\/our-products\/immune\/"},"modified":"2024-12-13T10:19:52","modified_gmt":"2024-12-13T10:19:52","slug":"immune","status":"publish","type":"page","link":"https:\/\/herbavibe.eu\/de\/our-products\/immune\/","title":{"rendered":"Herbavibe Immune"},"content":{"rendered":"\t\t<div data-elementor-type=\"wp-page\" data-elementor-id=\"519\" class=\"elementor elementor-519 elementor-113\">\n\t\t\t\t<div class=\"wd-negative-gap elementor-element elementor-element-0c09642 e-flex e-con-boxed e-con e-parent\" data-id=\"0c09642\" data-element_type=\"container\" data-settings=\"{&quot;background_background&quot;:&quot;classic&quot;}\">\n\t\t\t\t\t<div class=\"e-con-inner\">\n\t\t<div class=\"elementor-element elementor-element-50669f3 e-con-full e-flex e-con e-child\" data-id=\"50669f3\" data-element_type=\"container\">\n\t\t\t\t<div class=\"elementor-element elementor-element-eb3c4fa elementor-arrows-position-inside elementor-pagination-position-outside elementor-widget elementor-widget-image-carousel\" data-id=\"eb3c4fa\" data-element_type=\"widget\" data-settings=\"{&quot;slides_to_show&quot;:&quot;1&quot;,&quot;navigation&quot;:&quot;both&quot;,&quot;autoplay&quot;:&quot;yes&quot;,&quot;pause_on_hover&quot;:&quot;yes&quot;,&quot;pause_on_interaction&quot;:&quot;yes&quot;,&quot;autoplay_speed&quot;:5000,&quot;infinite&quot;:&quot;yes&quot;,&quot;effect&quot;:&quot;slide&quot;,&quot;speed&quot;:500}\" data-widget_type=\"image-carousel.default\">\n\t\t\t\t<div class=\"elementor-widget-container\">\n\t\t\t\t\t\t\t<div class=\"elementor-image-carousel-wrapper swiper\" role=\"region\" aria-roledescription=\"carousel\" aria-label=\"Bild Karussell\" dir=\"ltr\">\n\t\t\t<div class=\"elementor-image-carousel swiper-wrapper\" aria-live=\"off\">\n\t\t\t\t\t\t\t\t<div class=\"swiper-slide\" role=\"group\" aria-roledescription=\"slide\" aria-label=\"1 von 2\"><figure class=\"swiper-slide-inner\"><img decoding=\"async\" class=\"swiper-slide-image\" src=\"https:\/\/herbavibe.eu\/wp-content\/uploads\/2024\/10\/immune-768x768.jpg\" alt=\"Immune with box\" \/><\/figure><\/div><div class=\"swiper-slide\" role=\"group\" aria-roledescription=\"slide\" aria-label=\"2 von 2\"><figure class=\"swiper-slide-inner\"><img decoding=\"async\" class=\"swiper-slide-image\" src=\"https:\/\/herbavibe.eu\/wp-content\/uploads\/2024\/10\/immune-bottle-768x768.jpg\" alt=\"Immune bottle\" \/><\/figure><\/div>\t\t\t<\/div>\n\t\t\t\t\t\t\t\t\t\t\t\t<div class=\"elementor-swiper-button elementor-swiper-button-prev\" role=\"button\" tabindex=\"0\">\n\t\t\t\t\t\t<svg aria-hidden=\"true\" class=\"e-font-icon-svg e-eicon-chevron-left\" viewBox=\"0 0 1000 1000\" xmlns=\"http:\/\/www.w3.org\/2000\/svg\"><path d=\"M646 125C629 125 613 133 604 142L308 442C296 454 292 471 292 487 292 504 296 521 308 533L604 854C617 867 629 875 646 875 663 875 679 871 692 858 704 846 713 829 713 812 713 796 708 779 692 767L438 487 692 225C700 217 708 204 708 187 708 171 704 154 692 142 675 129 663 125 646 125Z\"><\/path><\/svg>\t\t\t\t\t<\/div>\n\t\t\t\t\t<div class=\"elementor-swiper-button elementor-swiper-button-next\" role=\"button\" tabindex=\"0\">\n\t\t\t\t\t\t<svg aria-hidden=\"true\" class=\"e-font-icon-svg e-eicon-chevron-right\" viewBox=\"0 0 1000 1000\" xmlns=\"http:\/\/www.w3.org\/2000\/svg\"><path d=\"M696 533C708 521 713 504 713 487 713 471 708 454 696 446L400 146C388 133 375 125 354 125 338 125 325 129 313 142 300 154 292 171 292 187 292 204 296 221 308 233L563 492 304 771C292 783 288 800 288 817 288 833 296 850 308 863 321 871 338 875 354 875 371 875 388 867 400 854L696 533Z\"><\/path><\/svg>\t\t\t\t\t<\/div>\n\t\t\t\t\n\t\t\t\t\t\t\t\t\t<div class=\"swiper-pagination\"><\/div>\n\t\t\t\t\t\t\t\t\t<\/div>\n\t\t\t\t\t\t<\/div>\n\t\t\t\t<\/div>\n\t\t\t\t<\/div>\n\t\t<div class=\"elementor-element elementor-element-eb9e3e4 e-con-full e-flex e-con e-child\" data-id=\"eb9e3e4\" data-element_type=\"container\">\n\t\t\t\t<div class=\"elementor-element elementor-element-4ebcfd3 elementor-widget elementor-widget-heading\" data-id=\"4ebcfd3\" data-element_type=\"widget\" data-widget_type=\"heading.default\">\n\t\t\t\t<div class=\"elementor-widget-container\">\n\t\t\t\t\t<h2 class=\"elementor-heading-title elementor-size-default\">Herbavibe  Immune 100 ml<\/h2>\t\t\t\t<\/div>\n\t\t\t\t<\/div>\n\t\t\t\t<div class=\"elementor-element elementor-element-18f3aaf elementor-widget elementor-widget-heading\" data-id=\"18f3aaf\" data-element_type=\"widget\" data-widget_type=\"heading.default\">\n\t\t\t\t<div class=\"elementor-widget-container\">\n\t\t\t\t\t<h2 class=\"elementor-heading-title elementor-size-default\">ein starker Booster f\u00fcr Ihre Gesundheit<\/h2>\t\t\t\t<\/div>\n\t\t\t\t<\/div>\n\t\t\t\t<div class=\"elementor-element elementor-element-beeb530 elementor-widget elementor-widget-heading\" data-id=\"beeb530\" data-element_type=\"widget\" data-widget_type=\"heading.default\">\n\t\t\t\t<div class=\"elementor-widget-container\">\n\t\t\t\t\t<h2 class=\"elementor-heading-title elementor-size-default\">Mit nat\u00fcrlichen Kr\u00e4uterextrakten<\/h2>\t\t\t\t<\/div>\n\t\t\t\t<\/div>\n\t\t\t\t<\/div>\n\t\t\t\t\t<\/div>\n\t\t\t\t<\/div>\n\t\t<div class=\"wd-negative-gap elementor-element elementor-element-ec0c4ca e-flex e-con-boxed e-con e-parent\" data-id=\"ec0c4ca\" data-element_type=\"container\">\n\t\t\t\t\t<div class=\"e-con-inner\">\n\t\t\t\t<div class=\"elementor-element elementor-element-0286a57 color-scheme-inherit text-left elementor-widget elementor-widget-text-editor\" data-id=\"0286a57\" data-element_type=\"widget\" data-widget_type=\"text-editor.default\">\n\t\t\t\t<div class=\"elementor-widget-container\">\n\t\t\t\t\t\t\t\t\t<h3>Ihr nat\u00fcrlicher Schutz w\u00e4hrend der Erk\u00e4ltungssaison<\/h3><p>Herbavibe Immune ist ein rein nat\u00fcrliches Pr\u00e4parat, das fachkundig entwickelt wurde, um Ihr Immunsystem zu unterst\u00fctzen und zu st\u00e4rken, insbesondere w\u00e4hrend der Erk\u00e4ltungssaison. Diese kraftvolle Kombination aus den besten immunst\u00e4rkenden Inhaltsstoffen der Natur wirkt in Synergie, um die Abwehrkr\u00e4fte Ihres K\u00f6rpers zu st\u00e4rken und eine schnellere Genesung bei Erk\u00e4ltungen, leichten bakteriellen Infektionen und saisonalen Beschwerden zu f\u00f6rdern.<\/p>\t\t\t\t\t\t\t\t<\/div>\n\t\t\t\t<\/div>\n\t\t\t\t<div class=\"elementor-element elementor-element-90c3021 color-scheme-inherit text-left elementor-widget elementor-widget-text-editor\" data-id=\"90c3021\" data-element_type=\"widget\" data-widget_type=\"text-editor.default\">\n\t\t\t\t<div class=\"elementor-widget-container\">\n\t\t\t\t\t\t\t\t\t<h4>Jeder Inhaltsstoff von Herbavibe Immune wurde sorgf\u00e4ltig nach seinen individuellen gesundheitlichen Vorteilen ausgew\u00e4hlt und so kombiniert, dass ihre gemeinsame Wirkung maximiert wird.<\/h4><p><strong>Echinacea Angustifolia<\/strong> ist f\u00fcr seine immunst\u00e4rkenden Eigenschaften bekannt und genie\u00dft seit langem das Vertrauen von Kr\u00e4uterkundigen und Heilpraktikern. Echinacea verbessert die F\u00e4higkeit des K\u00f6rpers, Infektionen abzuwehren, indem es die Produktion wei\u00dfer Blutk\u00f6rperchen anregt. Sie ist daher eine bew\u00e4hrte Pflanze zur St\u00e4rkung der k\u00f6rpereigenen Abwehrkr\u00e4fte.<\/p><p><strong>Glycyrrhiza Glabra<\/strong> (S\u00fc\u00dfholzwurzel) bereichert das Pr\u00e4parat mit ihren starken entz\u00fcndungshemmenden und antiviralen Eigenschaften. Es hat sich gezeigt, dass sie die Symptome von Halsentz\u00fcndungen und Infektionen der Atemwege lindert und gleichzeitig die Gesundheit der Nebennieren unterst\u00fctzt, indem es dazu beitr\u00e4gt, das Energieniveau w\u00e4hrend der Genesung zu steigern.<\/p><p><strong>Hypericum Perforatum<\/strong> (Johanniskraut) ist traditionell f\u00fcr seine stimmungsaufhellende Wirkung bekannt, aber es bietet auch antivirale Eigenschaften, die bei der Bek\u00e4mpfung bestimmter Viren helfen k\u00f6nnen und somit eine weitere Abwehrschicht gegen saisonale Krankheiten hinzuf\u00fcgt.<\/p><p><strong>Artemisia Annua<\/strong> (Einj\u00e4hriger Beifu\u00df) wird seit Jahrhunderten in der traditionellen Medizin verwendet. Dieses wirksame Kraut ist reich an Antioxidantien und bekannt f\u00fcr seine antivirale, antibakterielle und entz\u00fcndungshemmende Wirkung. Aktuelle Studien deuten zudem auf sein Potenzial hin, die Immunabwehr zu unterst\u00fctzen und die Genesung von Virusinfektionen zu f\u00f6rdern.<\/p><p><strong>Berberis Vulgaris<\/strong> (Berberitze) ist ein starkes Kraut, das f\u00fcr seine antibakteriellen und antimykotischen Eigenschaften bekannt ist. Sie kann bei der Bek\u00e4mpfung von Infektionen helfen und gleichzeitig das Verdauungssystem unterst\u00fctzen, das eine entscheidende Rolle f\u00fcr die gesamte Immunit\u00e4t spielt.<\/p><p><strong>Vitamin C<\/strong>, ein bekannt f\u00fcr seine immunst\u00e4rkenden Eigenschaften, verbessert die F\u00e4higkeit des K\u00f6rpers, Infektionen abzuwehren, die Dauer von Krankheiten zu verk\u00fcrzen und die Zellen vor oxidativem Stress zu sch\u00fctzen. Als wichtiges Antioxidans tr\u00e4gt es zur Gesunderhaltung der Haut bei, die die erste Verteidigungslinie des K\u00f6rpers gegen \u00e4u\u00dfere Krankheitserreger darstellt.<\/p><p>Dieses immununterst\u00fctzende Pr\u00e4parat enth\u00e4lt auch gereinigtes Wasser und eine kleine Menge Ethanol, das als nat\u00fcrliches Konservierungsmittel dient, um die Integrit\u00e4t und Wirksamkeit der Kr\u00e4uterextrakte zu gew\u00e4hrleisten.<\/p><p>\u00a0<\/p>\t\t\t\t\t\t\t\t<\/div>\n\t\t\t\t<\/div>\n\t\t\t\t<div class=\"elementor-element elementor-element-31f7588 color-scheme-inherit text-left elementor-widget elementor-widget-text-editor\" data-id=\"31f7588\" data-element_type=\"widget\" data-widget_type=\"text-editor.default\">\n\t\t\t\t<div class=\"elementor-widget-container\">\n\t\t\t\t\t\t\t\t\t<p><strong>Herbavibe Immune<\/strong> ist ein 100% nat\u00fcrliches, veganes Produkt, das frei von Gluten, Zucker, Soja, Mais und Zitrusfr\u00fcchten ist, wodurch es f\u00fcr eine Vielzahl von di\u00e4tetischen Bed\u00fcrfnissen geeignet ist.<\/p><p>St\u00e4rken Sie die nat\u00fcrlichen Abwehrkr\u00e4fte Ihres K\u00f6rpers mit <strong>Herbavibe Immune<\/strong> und f\u00fchlen Sie sich w\u00e4hrend der Erk\u00e4ltungssaison und dar\u00fcber hinaus unterst\u00fctzt!<\/p>\t\t\t\t\t\t\t\t<\/div>\n\t\t\t\t<\/div>\n\t\t\t\t<div class=\"elementor-element elementor-element-4fc25e9 color-scheme-inherit text-left elementor-widget elementor-widget-text-editor\" data-id=\"4fc25e9\" data-element_type=\"widget\" data-widget_type=\"text-editor.default\">\n\t\t\t\t<div class=\"elementor-widget-container\">\n\t\t\t\t\t\t\t\t\t<h4>Wichtige \u00dcberlegungen<\/h4><p><em>Nahrungserg\u00e4nzungsmittel sollten nicht als Ersatz f\u00fcr eine ausgewogene Ern\u00e4hrung verwendet werden und sollten keine Mahlzeiten ersetzen.<\/em> <em>\u00dcberschreiten Sie nicht die empfohlene Tagesdosis.<\/em> <em>Dieses Produkt ist nicht f\u00fcr die Vorbeugung, Behandlung oder Heilung menschlicher Krankheiten bestimmt.<\/em> <em>Fragen Sie Ihren Arzt um Rat, wenn Sie schwanger sind, stillen, Medikamente einnehmen oder gesundheitliche Probleme haben.<\/em> <em>Es k\u00f6nnen weitere Wechsel- und Nebenwirkungen als die aufgef\u00fchrten auftreten.<\/em> <em>Von kleinen Kindern fernhalten.<\/em> <em>Dunkel, trocken und bei Raumtemperatur (15-25 \u00b0C) aufbewahren, es sei denn, vom Hersteller wird etwas anderes empfohlen.<\/em><\/p>\t\t\t\t\t\t\t\t<\/div>\n\t\t\t\t<\/div>\n\t\t\t\t\t<\/div>\n\t\t\t\t<\/div>\n\t\t\t\t<\/div>\n\t\t","protected":false},"excerpt":{"rendered":"<p>Herbavibe Immune 100 ml ein starker Booster f\u00fcr Ihre Gesundheit Mit nat\u00fcrlichen Kr\u00e4uterextrakten Ihr nat\u00fcrlicher Schutz w\u00e4hrend der Erk\u00e4ltungssaison Herbavibe<\/p>\n","protected":false},"author":2,"featured_media":0,"parent":506,"menu_order":0,"comment_status":"closed","ping_status":"closed","template":"","meta":{"footnotes":""},"class_list":["post-519","page","type-page","status-publish","hentry"],"_links":{"self":[{"href":"https:\/\/herbavibe.eu\/de\/wp-json\/wp\/v2\/pages\/519","targetHints":{"allow":["GET"]}}],"collection":[{"href":"https:\/\/herbavibe.eu\/de\/wp-json\/wp\/v2\/pages"}],"about":[{"href":"https:\/\/herbavibe.eu\/de\/wp-json\/wp\/v2\/types\/page"}],"author":[{"embeddable":true,"href":"https:\/\/herbavibe.eu\/de\/wp-json\/wp\/v2\/users\/2"}],"replies":[{"embeddable":true,"href":"https:\/\/herbavibe.eu\/de\/wp-json\/wp\/v2\/comments?post=519"}],"version-history":[{"count":4,"href":"https:\/\/herbavibe.eu\/de\/wp-json\/wp\/v2\/pages\/519\/revisions"}],"predecessor-version":[{"id":523,"href":"https:\/\/herbavibe.eu\/de\/wp-json\/wp\/v2\/pages\/519\/revisions\/523"}],"up":[{"embeddable":true,"href":"https:\/\/herbavibe.eu\/de\/wp-json\/wp\/v2\/pages\/506"}],"wp:attachment":[{"href":"https:\/\/herbavibe.eu\/de\/wp-json\/wp\/v2\/media?parent=519"}],"curies":[{"name":"wp","href":"https:\/\/api.w.org\/{rel}","templated":true}]}}