{"id":513,"date":"2024-07-30T12:14:19","date_gmt":"2024-07-30T12:14:19","guid":{"rendered":"https:\/\/herbavibe.eu\/our-products\/icalm\/"},"modified":"2024-12-13T10:15:53","modified_gmt":"2024-12-13T10:15:53","slug":"icalm","status":"publish","type":"page","link":"https:\/\/herbavibe.eu\/de\/our-products\/icalm\/","title":{"rendered":"Herbavibe iCalm"},"content":{"rendered":"\t\t<div data-elementor-type=\"wp-page\" data-elementor-id=\"513\" class=\"elementor elementor-513 elementor-32\">\n\t\t\t\t<div class=\"wd-negative-gap elementor-element elementor-element-fbf6374 e-flex e-con-boxed e-con e-parent\" data-id=\"fbf6374\" data-element_type=\"container\">\n\t\t\t\t\t<div class=\"e-con-inner\">\n\t\t<div class=\"elementor-element elementor-element-9914285 e-con-full e-flex e-con e-child\" data-id=\"9914285\" data-element_type=\"container\">\n\t\t\t\t<div class=\"elementor-element elementor-element-12ea811 elementor-widget elementor-widget-image\" data-id=\"12ea811\" data-element_type=\"widget\" data-widget_type=\"image.default\">\n\t\t\t\t<div class=\"elementor-widget-container\">\n\t\t\t\t\t\t\t\t\t\t\t\t\t\t\t<img decoding=\"async\" src=\"https:\/\/herbavibe.eu\/wp-content\/uploads\/2024\/07\/iCalm-box.jpg\" title=\"\" alt=\"\" loading=\"lazy\" \/>\t\t\t\t\t\t\t\t\t\t\t\t\t\t\t<\/div>\n\t\t\t\t<\/div>\n\t\t\t\t<div class=\"elementor-element elementor-element-e50946a elementor-arrows-position-inside elementor-pagination-position-outside elementor-widget elementor-widget-image-carousel\" data-id=\"e50946a\" data-element_type=\"widget\" data-settings=\"{&quot;slides_to_show&quot;:&quot;1&quot;,&quot;navigation&quot;:&quot;both&quot;,&quot;autoplay&quot;:&quot;yes&quot;,&quot;pause_on_hover&quot;:&quot;yes&quot;,&quot;pause_on_interaction&quot;:&quot;yes&quot;,&quot;autoplay_speed&quot;:5000,&quot;infinite&quot;:&quot;yes&quot;,&quot;effect&quot;:&quot;slide&quot;,&quot;speed&quot;:500}\" data-widget_type=\"image-carousel.default\">\n\t\t\t\t<div class=\"elementor-widget-container\">\n\t\t\t\t\t\t\t<div class=\"elementor-image-carousel-wrapper swiper\" role=\"region\" aria-roledescription=\"carousel\" aria-label=\"Bild Karussell\" dir=\"ltr\">\n\t\t\t<div class=\"elementor-image-carousel swiper-wrapper\" aria-live=\"off\">\n\t\t\t\t\t\t\t\t<div class=\"swiper-slide\" role=\"group\" aria-roledescription=\"slide\" aria-label=\"1 von 2\"><figure class=\"swiper-slide-inner\"><img decoding=\"async\" class=\"swiper-slide-image\" src=\"https:\/\/herbavibe.eu\/wp-content\/uploads\/2024\/10\/icalm-768x768.jpg\" alt=\"iCalm with box\" \/><\/figure><\/div><div class=\"swiper-slide\" role=\"group\" aria-roledescription=\"slide\" aria-label=\"2 von 2\"><figure class=\"swiper-slide-inner\"><img decoding=\"async\" class=\"swiper-slide-image\" src=\"https:\/\/herbavibe.eu\/wp-content\/uploads\/2024\/10\/icalm-bottle-768x768.jpg\" alt=\"iCalm bottle\" \/><\/figure><\/div>\t\t\t<\/div>\n\t\t\t\t\t\t\t\t\t\t\t\t<div class=\"elementor-swiper-button elementor-swiper-button-prev\" role=\"button\" tabindex=\"0\">\n\t\t\t\t\t\t<svg aria-hidden=\"true\" class=\"e-font-icon-svg e-eicon-chevron-left\" viewBox=\"0 0 1000 1000\" xmlns=\"http:\/\/www.w3.org\/2000\/svg\"><path d=\"M646 125C629 125 613 133 604 142L308 442C296 454 292 471 292 487 292 504 296 521 308 533L604 854C617 867 629 875 646 875 663 875 679 871 692 858 704 846 713 829 713 812 713 796 708 779 692 767L438 487 692 225C700 217 708 204 708 187 708 171 704 154 692 142 675 129 663 125 646 125Z\"><\/path><\/svg>\t\t\t\t\t<\/div>\n\t\t\t\t\t<div class=\"elementor-swiper-button elementor-swiper-button-next\" role=\"button\" tabindex=\"0\">\n\t\t\t\t\t\t<svg aria-hidden=\"true\" class=\"e-font-icon-svg e-eicon-chevron-right\" viewBox=\"0 0 1000 1000\" xmlns=\"http:\/\/www.w3.org\/2000\/svg\"><path d=\"M696 533C708 521 713 504 713 487 713 471 708 454 696 446L400 146C388 133 375 125 354 125 338 125 325 129 313 142 300 154 292 171 292 187 292 204 296 221 308 233L563 492 304 771C292 783 288 800 288 817 288 833 296 850 308 863 321 871 338 875 354 875 371 875 388 867 400 854L696 533Z\"><\/path><\/svg>\t\t\t\t\t<\/div>\n\t\t\t\t\n\t\t\t\t\t\t\t\t\t<div class=\"swiper-pagination\"><\/div>\n\t\t\t\t\t\t\t\t\t<\/div>\n\t\t\t\t\t\t<\/div>\n\t\t\t\t<\/div>\n\t\t\t\t<\/div>\n\t\t<div class=\"elementor-element elementor-element-6640c60 e-con-full e-flex e-con e-child\" data-id=\"6640c60\" data-element_type=\"container\">\n\t\t\t\t<div class=\"elementor-element elementor-element-f826f2b elementor-widget elementor-widget-heading\" data-id=\"f826f2b\" data-element_type=\"widget\" data-widget_type=\"heading.default\">\n\t\t\t\t<div class=\"elementor-widget-container\">\n\t\t\t\t\t<h1 class=\"elementor-heading-title elementor-size-default\">Herbavibe iCalm 100 ml<\/h1>\t\t\t\t<\/div>\n\t\t\t\t<\/div>\n\t\t\t\t<div class=\"elementor-element elementor-element-3be1f20 elementor-widget elementor-widget-heading\" data-id=\"3be1f20\" data-element_type=\"widget\" data-widget_type=\"heading.default\">\n\t\t\t\t<div class=\"elementor-widget-container\">\n\t\t\t\t\t<h3 class=\"elementor-heading-title elementor-size-default\">weil Sie es verdienen, sich wohlzuf\u00fchlen.<\/h3>\t\t\t\t<\/div>\n\t\t\t\t<\/div>\n\t\t\t\t<div class=\"elementor-element elementor-element-121ba66 elementor-widget elementor-widget-heading\" data-id=\"121ba66\" data-element_type=\"widget\" data-widget_type=\"heading.default\">\n\t\t\t\t<div class=\"elementor-widget-container\">\n\t\t\t\t\t<h4 class=\"elementor-heading-title elementor-size-default\">Mit nat\u00fcrlichen Kr\u00e4uterextrakten<\/h4>\t\t\t\t<\/div>\n\t\t\t\t<\/div>\n\t\t\t\t<\/div>\n\t\t\t\t\t<\/div>\n\t\t\t\t<\/div>\n\t\t<div class=\"wd-negative-gap elementor-element elementor-element-ff210fd e-flex e-con-boxed e-con e-parent\" data-id=\"ff210fd\" data-element_type=\"container\">\n\t\t\t\t\t<div class=\"e-con-inner\">\n\t\t\t\t<div class=\"elementor-element elementor-element-7ae6093 color-scheme-inherit text-left elementor-widget elementor-widget-text-editor\" data-id=\"7ae6093\" data-element_type=\"widget\" data-widget_type=\"text-editor.default\">\n\t\t\t\t<div class=\"elementor-widget-container\">\n\t\t\t\t\t\t\t\t\t<h3>Eine synergistische pflanzliche L\u00f6sung f\u00fcr Angstzust\u00e4nde und Bluthochdruck<\/h3><p>iCalm ist ein wirksames fl\u00fcssiges Kr\u00e4uterpr\u00e4parat, das mit gro\u00dfer Sorgfalt hergestellt wurde, um die Beschwerden von Bluthochdruck und Angstzust\u00e4nden zu lindern. Was iCalm auszeichnet, ist die Synergie \u2013 f\u00fcnf sorgf\u00e4ltig ausgew\u00e4hlte Kr\u00e4uterextrakte wirken in perfekter Harmonie, wobei jeder die Wirkungskraft der anderen verst\u00e4rkt und so eine umfassende, effektive L\u00f6sung f\u00fcr Ihr Wohlbefinden bietet.<\/p><h4>Die Kraft der Synergie<\/h4><p>iCalm ist mehr als nur eine Kombination; es ist eine sorgf\u00e4ltig entwickelte Fusion von fl\u00fcssigen Pflanzenextrakten, die darauf abzielt, Angst zu lindern, Ruhe zu f\u00f6rdern und die kardiovaskul\u00e4re Gesundheit zu unterst\u00fctzen. Egal, ob Sie mit Bluthochdruck, Tachykardie, isch\u00e4mischen und extrasystolischen Arrhythmien, Tachyarrhythmien oder Angina pectoris zu tun haben, die Kr\u00e4uter in diesem Pr\u00e4parat wurden aufgrund ihrer sich erg\u00e4nzenden Wirkungen ausgew\u00e4hlt, um die bestm\u00f6glichen Ergebnisse zu erzielen.<\/p>\t\t\t\t\t\t\t\t<\/div>\n\t\t\t\t<\/div>\n\t\t\t\t\t<\/div>\n\t\t\t\t<\/div>\n\t\t<div class=\"wd-negative-gap elementor-element elementor-element-274ec27 e-flex e-con-boxed e-con e-parent\" data-id=\"274ec27\" data-element_type=\"container\">\n\t\t\t\t\t<div class=\"e-con-inner\">\n\t\t\t\t<div class=\"elementor-element elementor-element-0e36ddc color-scheme-inherit text-left elementor-widget elementor-widget-text-editor\" data-id=\"0e36ddc\" data-element_type=\"widget\" data-widget_type=\"text-editor.default\">\n\t\t\t\t<div class=\"elementor-widget-container\">\n\t\t\t\t\t\t\t\t\t<h4>Ein genauerer Blick auf die Inhaltsstoffe<\/h4><p>Jeder Inhaltsstoff in iCalm wurde aufgrund seiner einzigartigen Eigenschaften und seiner F\u00e4higkeit, synergistisch mit den anderen zu wirken, ausgew\u00e4hlt:<\/p><p><strong>Herzspannkraut (Leonorus Cardiaca):<\/strong> Bekannt f\u00fcr seine sedativen Eigenschaften, insbesondere f\u00fcr das Herz, ist das Herzspannkraut ein kraftvolles Kardiotonikum, das die Kontraktionen st\u00e4rkt und gleichzeitig die Herzfrequenz verlangsamt. Es ist besonders wirksam bei Tachykardie, die durch Angst und andere emotionale Stressfaktoren ausgel\u00f6st wird. Dieses Kraut lindert auch isch\u00e4mische Arrhythmien, Brustschmerzen und Atemnot und unterst\u00fctzt die allgemeine Herzgesundheit, ohne Spannungen zu verursachen. Dar\u00fcber hinaus ist das Herzspannkraut hilfreich bei Erkrankungen wie Neurasthenie, Schlaflosigkeit, Hysterie, Epilepsie und Arteriosklerose der Gehirngef\u00e4\u00dfe. Seine Vielseitigkeit erstreckt sich auf die Menstruationsgesundheit, wo es bei der Regulierung von verz\u00f6gertem Menstruationsfluss hilft und Symptome der Wechseljahre lindert, besonders in Kombination mit Wei\u00dfdorn. Mit seinen antibakteriellen, antimykotischen und heilenden Eigenschaften ist das Herzspannkraut ein wichtiger Bestandteil des iCalm-Pr\u00e4parats.<\/p><p><strong>Schlafbeere (Withania Somnifera):<\/strong> Oft als Adaptogen bezeichnet, hilft die Schlafbeere dem K\u00f6rper, sich an Stress anzupassen, indem sie neuroprotektive, angstl\u00f6sende sowie stressmindernde Vorteile bietet. Sie hat auch entz\u00fcndungshemmende, antioxidative und immunstimulierende Eigenschaften, was sie zu einem umfassenden Tonikum f\u00fcr das geistige und k\u00f6rperliche Wohlbefinden macht. Es ist jedoch wichtig zu beachten, dass die Schlafbeere nicht in Kombination mit bestimmten chemischen Angstl\u00f6sern, Barbituraten und Beruhigungsmitteln verwendet werden sollte.<\/p><p><strong>Silberlinde (Tilia Tomentosa):<\/strong> Die Silberlinde wird f\u00fcr ihre positive Wirkung auf Herz und Arterien gesch\u00e4tzt. Sie reguliert verschiedene Bluteiwei\u00dfe und hat eine angst- und krampfl\u00f6sende Wirkung, was sie zu einem milden, aber wirksamen Beruhigungs- und Schlafmittel macht. Durch seine Wirkung auf das Schlafzentrum und die Nebennieren-Hypothalamus-Achse erh\u00f6ht die Silberlinde den Serotoninspiegel, was einen beruhigenden Effekt zur Folge hat. Sie eignet sich besonders f\u00fcr Menschen, die unter \u00fcberm\u00e4\u00dfiger Emotionalit\u00e4t, Herzbeschwerden oder unter durch Angst bedingten leichten Bluthochdruck leiden.<\/p><p><strong>Wei\u00dfdorn (Crataegus Oxeacantha):<\/strong> Als ausgezeichnetes Kardiotonikum ist Wei\u00dfdorn besonders wirksam bei der Regulierung von Blutdruck und Herzfrequenz. Er wirkt wohltuend bei durch Fett verursachte Herzerkrankungen und Tachyarrhythmien, und in Kombination mit der Silberlinde hilft er bei der Behandlung von extrasystolischen Arrhythmien und Angina pectoris. Der Wei\u00dfdorn st\u00e4rkt das Herz, indem er die Kontraktionskraft erh\u00f6ht und die Herzfrequenz verlangsamt. Gleichzeitig f\u00f6rdert er die koronare Vasodilatation und reduziert den peripheren Gef\u00e4\u00dfwiderstand, was wiederum die Nachlast des Herzens verringert und die Herzleistung erh\u00f6ht.<\/p><p><strong>Olive (Olea Europaea):<\/strong> Olivenextrakt bietet eine reine blutdrucksenkende Wirkung, erweitert die Arterien, verbessert deren Elastizit\u00e4t und f\u00f6rdert die Harnausscheidung, was dazu beitr\u00e4gt, Schwellungen zu reduzieren und den Harnstoffspiegel im Blut zu senken. Dies macht die Olive zu einem idealen Heilmittel bei essentiellem Bluthochdruck, zerebraler Arteriosklerose und verschiedenen kardiovaskul\u00e4ren Erkrankungen wie Angina pectoris, diabetischer Arteropathie und hypertensiver Herzerkrankung. Dar\u00fcber hinaus unterst\u00fctzt es die Senkung von Cholesterin und Triglyceriden und bietet damit einen umfassenden Nutzen f\u00fcr die kardiovaskul\u00e4re Gesundheit.<\/p>\t\t\t\t\t\t\t\t<\/div>\n\t\t\t\t<\/div>\n\t\t\t\t<div class=\"elementor-element elementor-element-45b25c9 color-scheme-inherit text-left elementor-widget elementor-widget-text-editor\" data-id=\"45b25c9\" data-element_type=\"widget\" data-widget_type=\"text-editor.default\">\n\t\t\t\t<div class=\"elementor-widget-container\">\n\t\t\t\t\t\t\t\t\t<h4>Rein und nat\u00fcrlich<\/h4><p>iCalm ist ein nat\u00fcrliches Produkt, das sorgf\u00e4ltig ausgew\u00e4hlte Kr\u00e4uter, Wasser und eine kleine Menge Alkohol und Ethanol zur Konservierung enth\u00e4lt. Es ist vegan und vegetarisch, frei von Gluten, Zucker, Soja, Mais und Zitrusfr\u00fcchten und damit f\u00fcr eine Vielzahl von Ern\u00e4hrungsgewohnheiten geeignet.<\/p>\t\t\t\t\t\t\t\t<\/div>\n\t\t\t\t<\/div>\n\t\t\t\t<div class=\"elementor-element elementor-element-0f1b379 color-scheme-inherit text-left elementor-widget elementor-widget-text-editor\" data-id=\"0f1b379\" data-element_type=\"widget\" data-widget_type=\"text-editor.default\">\n\t\t\t\t<div class=\"elementor-widget-container\">\n\t\t\t\t\t\t\t\t\t<h4>Wichtige \u00dcberlegungen<\/h4><p><em>Nahrungserg\u00e4nzungsmittel sollten nicht als Ersatz f\u00fcr eine ausgewogene Ern\u00e4hrung verwendet werden und sollten keine Mahlzeiten ersetzen.<\/em> <em>\u00dcberschreiten Sie nicht die empfohlene Tagesdosis.<\/em> <em>Dieses Produkt ist nicht f\u00fcr die Vorbeugung, Behandlung oder Heilung menschlicher Krankheiten bestimmt.<\/em> <em>Fragen Sie Ihren Arzt um Rat, wenn Sie schwanger sind, stillen, Medikamente einnehmen oder gesundheitliche Probleme haben.<\/em> <em>Es k\u00f6nnen weitere Wechsel- und Nebenwirkungen als die aufgef\u00fchrten auftreten.<\/em> <em>Von kleinen Kindern fernhalten.<\/em> <em>Dunkel, trocken und bei Raumtemperatur (15-25 \u00b0C) aufbewahren, es sei denn, vom Hersteller wird etwas anderes empfohlen.<\/em><\/p>\t\t\t\t\t\t\t\t<\/div>\n\t\t\t\t<\/div>\n\t\t\t\t\t<\/div>\n\t\t\t\t<\/div>\n\t\t\t\t<\/div>\n\t\t","protected":false},"excerpt":{"rendered":"<p>Herbavibe iCalm 100 ml weil Sie es verdienen, sich wohlzuf\u00fchlen. Mit nat\u00fcrlichen Kr\u00e4uterextrakten Eine synergistische pflanzliche L\u00f6sung f\u00fcr Angstzust\u00e4nde und<\/p>\n","protected":false},"author":1,"featured_media":0,"parent":506,"menu_order":0,"comment_status":"closed","ping_status":"closed","template":"","meta":{"footnotes":""},"class_list":["post-513","page","type-page","status-publish","hentry"],"_links":{"self":[{"href":"https:\/\/herbavibe.eu\/de\/wp-json\/wp\/v2\/pages\/513","targetHints":{"allow":["GET"]}}],"collection":[{"href":"https:\/\/herbavibe.eu\/de\/wp-json\/wp\/v2\/pages"}],"about":[{"href":"https:\/\/herbavibe.eu\/de\/wp-json\/wp\/v2\/types\/page"}],"author":[{"embeddable":true,"href":"https:\/\/herbavibe.eu\/de\/wp-json\/wp\/v2\/users\/1"}],"replies":[{"embeddable":true,"href":"https:\/\/herbavibe.eu\/de\/wp-json\/wp\/v2\/comments?post=513"}],"version-history":[{"count":4,"href":"https:\/\/herbavibe.eu\/de\/wp-json\/wp\/v2\/pages\/513\/revisions"}],"predecessor-version":[{"id":517,"href":"https:\/\/herbavibe.eu\/de\/wp-json\/wp\/v2\/pages\/513\/revisions\/517"}],"up":[{"embeddable":true,"href":"https:\/\/herbavibe.eu\/de\/wp-json\/wp\/v2\/pages\/506"}],"wp:attachment":[{"href":"https:\/\/herbavibe.eu\/de\/wp-json\/wp\/v2\/media?parent=513"}],"curies":[{"name":"wp","href":"https:\/\/api.w.org\/{rel}","templated":true}]}}