{"id":506,"date":"2024-08-30T09:57:45","date_gmt":"2024-08-30T09:57:45","guid":{"rendered":"https:\/\/herbavibe.eu\/our-products\/"},"modified":"2024-12-13T10:28:07","modified_gmt":"2024-12-13T10:28:07","slug":"our-products","status":"publish","type":"page","link":"https:\/\/herbavibe.eu\/de\/our-products\/","title":{"rendered":"Unsere Produkte"},"content":{"rendered":"\t\t<div data-elementor-type=\"wp-page\" data-elementor-id=\"506\" class=\"elementor elementor-506 elementor-100\">\n\t\t\t\t<div class=\"wd-negative-gap elementor-element elementor-element-6864ca64 e-flex e-con-boxed e-con e-parent\" data-id=\"6864ca64\" data-element_type=\"container\">\n\t\t\t\t\t<div class=\"e-con-inner\">\n\t\t\t\t<div class=\"elementor-element elementor-element-2b13724e text-center color-scheme-inherit elementor-widget elementor-widget-text-editor\" data-id=\"2b13724e\" data-element_type=\"widget\" data-widget_type=\"text-editor.default\">\n\t\t\t\t<div class=\"elementor-widget-container\">\n\t\t\t\t\t\t\t\t\t<h1><strong>Einige ausgesuchte Kr\u00e4uterpr\u00e4parate, die sich durch ihre Qualit\u00e4t auszeichnen.<\/strong><\/h1>\n<p><\/p>\n<p>Unser Ziel als Unternehmen ist es, nat\u00fcrliche L\u00f6sungen f\u00fcr allt\u00e4gliche Probleme anzubieten.<\/p>\n<p>In einer Zeit, in der die Gesellschaft von Krankheiten geplagt wird, ist es essentiell, die nat\u00fcrlichen Abwehrkr\u00e4fte des K\u00f6rpers zu unterst\u00fctzen, ohne ihn mit Chemikalien zu belasten.<\/p>\n<p>Wir von Herbavibe bieten eine kleine, aber wirksame Auswahl an heilpflanzlichen Produkten an, die speziell daf\u00fcr entwickelt wurden, genau das zu tun: Sie auf sichere Weise zu unterst\u00fctzen.<\/p>\n<p>Der Schl\u00fcssel zum Erfolg unserer Produkte? Phytotherapie und Synergie<\/p>\n<p>Aus \u00fcber 30 Jahren engagierter Forschung und rigoroser Tests entstanden, sind unsere Produkte sorgf\u00e4ltig darauf ausgelegt, echte Bed\u00fcrfnisse zu erf\u00fcllen. Mit ausschlie\u00dflich den besten nat\u00fcrlichen Zutaten und Materialien von h\u00f6chster Reinheit und Qualit\u00e4t stellen wir un\u00fcbertroffene Standards in jedem Produkt sicher und liefern optimale Ergebnisse, auf die Sie vertrauen k\u00f6nnen.<\/p>\n<p><\/p>\t\t\t\t\t\t\t\t<\/div>\n\t\t\t\t<\/div>\n\t\t\t\t\t<\/div>\n\t\t\t\t<\/div>\n\t\t<div class=\"elementor-element elementor-element-80984e2 e-con-full e-flex e-con e-child\" data-id=\"80984e2\" data-element_type=\"container\">\n\t\t\t\t<div class=\"elementor-element elementor-element-dcf59d5 elementor-widget elementor-widget-image\" data-id=\"dcf59d5\" data-element_type=\"widget\" data-widget_type=\"image.default\">\n\t\t\t\t<div class=\"elementor-widget-container\">\n\t\t\t\t\t\t\t\t\t\t\t\t<figure class=\"wp-caption\">\n\t\t\t\t\t\t\t\t\t\t\t<a href=\"https:\/\/herbavibe.eu\/de\/our-products\/icalm\/\">\n\t\t\t\t\t\t\t<img fetchpriority=\"high\" decoding=\"async\" width=\"768\" height=\"768\" src=\"https:\/\/herbavibe.eu\/wp-content\/uploads\/2024\/10\/icalm-768x768.jpg\" class=\"attachment-medium_large size-medium_large wp-image-452\" alt=\"\" srcset=\"https:\/\/herbavibe.eu\/wp-content\/uploads\/2024\/10\/icalm-768x768.jpg 768w, https:\/\/herbavibe.eu\/wp-content\/uploads\/2024\/10\/icalm-300x300.jpg 300w, https:\/\/herbavibe.eu\/wp-content\/uploads\/2024\/10\/icalm-150x150.jpg 150w, https:\/\/herbavibe.eu\/wp-content\/uploads\/2024\/10\/icalm.jpg 850w\" sizes=\"(max-width: 768px) 100vw, 768px\" \/>\t\t\t\t\t\t\t\t<\/a>\n\t\t\t\t\t\t\t\t\t\t\t<figcaption class=\"widget-image-caption wp-caption-text\">Herbavibe iCalm, weil Sie es verdienen, sich wohlzuf\u00fchlen.<\/figcaption>\n\t\t\t\t\t\t\t\t\t\t<\/figure>\n\t\t\t\t\t\t\t\t\t<\/div>\n\t\t\t\t<\/div>\n\t\t\t\t<div class=\"elementor-element elementor-element-0b86dcd elementor-widget elementor-widget-image\" data-id=\"0b86dcd\" data-element_type=\"widget\" data-widget_type=\"image.default\">\n\t\t\t\t<div class=\"elementor-widget-container\">\n\t\t\t\t\t\t\t\t\t\t\t\t<figure class=\"wp-caption\">\n\t\t\t\t\t\t\t\t\t\t\t<a href=\"https:\/\/herbavibe.eu\/de\/our-products\/immune\/\">\n\t\t\t\t\t\t\t<img decoding=\"async\" width=\"768\" height=\"768\" src=\"https:\/\/herbavibe.eu\/wp-content\/uploads\/2024\/10\/immune-768x768.jpg\" class=\"attachment-medium_large size-medium_large wp-image-454\" alt=\"\" srcset=\"https:\/\/herbavibe.eu\/wp-content\/uploads\/2024\/10\/immune-768x768.jpg 768w, https:\/\/herbavibe.eu\/wp-content\/uploads\/2024\/10\/immune-300x300.jpg 300w, https:\/\/herbavibe.eu\/wp-content\/uploads\/2024\/10\/immune-150x150.jpg 150w, https:\/\/herbavibe.eu\/wp-content\/uploads\/2024\/10\/immune.jpg 850w\" sizes=\"(max-width: 768px) 100vw, 768px\" \/>\t\t\t\t\t\t\t\t<\/a>\n\t\t\t\t\t\t\t\t\t\t\t<figcaption class=\"widget-image-caption wp-caption-text\">Herbavibe Immune, ein starker Booster f\u00fcr Ihre Gesundheit.<\/figcaption>\n\t\t\t\t\t\t\t\t\t\t<\/figure>\n\t\t\t\t\t\t\t\t\t<\/div>\n\t\t\t\t<\/div>\n\t\t\t\t<div class=\"elementor-element elementor-element-4f1b6cf elementor-widget elementor-widget-image\" data-id=\"4f1b6cf\" data-element_type=\"widget\" data-widget_type=\"image.default\">\n\t\t\t\t<div class=\"elementor-widget-container\">\n\t\t\t\t\t\t\t\t\t\t\t\t<figure class=\"wp-caption\">\n\t\t\t\t\t\t\t\t\t\t\t<a href=\"https:\/\/herbavibe.eu\/de\/our-products\/oregano-oil\/\">\n\t\t\t\t\t\t\t<img decoding=\"async\" width=\"768\" height=\"768\" src=\"https:\/\/herbavibe.eu\/wp-content\/uploads\/2024\/10\/oregano-softgel-768x768.jpg\" class=\"attachment-medium_large size-medium_large wp-image-455\" alt=\"\" srcset=\"https:\/\/herbavibe.eu\/wp-content\/uploads\/2024\/10\/oregano-softgel-768x768.jpg 768w, https:\/\/herbavibe.eu\/wp-content\/uploads\/2024\/10\/oregano-softgel-300x300.jpg 300w, https:\/\/herbavibe.eu\/wp-content\/uploads\/2024\/10\/oregano-softgel-150x150.jpg 150w, https:\/\/herbavibe.eu\/wp-content\/uploads\/2024\/10\/oregano-softgel.jpg 850w\" sizes=\"(max-width: 768px) 100vw, 768px\" \/>\t\t\t\t\t\t\t\t<\/a>\n\t\t\t\t\t\t\t\t\t\t\t<figcaption class=\"widget-image-caption wp-caption-text\">Herbavibe Oregano\u00f6l, das nat\u00fcrliche Schutzschild.<\/figcaption>\n\t\t\t\t\t\t\t\t\t\t<\/figure>\n\t\t\t\t\t\t\t\t\t<\/div>\n\t\t\t\t<\/div>\n\t\t\t\t<\/div>\n\t\t\t\t<\/div>\n\t\t","protected":false},"excerpt":{"rendered":"<p>Einige ausgesuchte Kr\u00e4uterpr\u00e4parate, die sich durch ihre Qualit\u00e4t auszeichnen. Unser Ziel als Unternehmen ist es, nat\u00fcrliche L\u00f6sungen f\u00fcr allt\u00e4gliche Probleme<\/p>\n","protected":false},"author":2,"featured_media":0,"parent":0,"menu_order":0,"comment_status":"closed","ping_status":"closed","template":"","meta":{"footnotes":""},"class_list":["post-506","page","type-page","status-publish","hentry"],"_links":{"self":[{"href":"https:\/\/herbavibe.eu\/de\/wp-json\/wp\/v2\/pages\/506","targetHints":{"allow":["GET"]}}],"collection":[{"href":"https:\/\/herbavibe.eu\/de\/wp-json\/wp\/v2\/pages"}],"about":[{"href":"https:\/\/herbavibe.eu\/de\/wp-json\/wp\/v2\/types\/page"}],"author":[{"embeddable":true,"href":"https:\/\/herbavibe.eu\/de\/wp-json\/wp\/v2\/users\/2"}],"replies":[{"embeddable":true,"href":"https:\/\/herbavibe.eu\/de\/wp-json\/wp\/v2\/comments?post=506"}],"version-history":[{"count":7,"href":"https:\/\/herbavibe.eu\/de\/wp-json\/wp\/v2\/pages\/506\/revisions"}],"predecessor-version":[{"id":532,"href":"https:\/\/herbavibe.eu\/de\/wp-json\/wp\/v2\/pages\/506\/revisions\/532"}],"wp:attachment":[{"href":"https:\/\/herbavibe.eu\/de\/wp-json\/wp\/v2\/media?parent=506"}],"curies":[{"name":"wp","href":"https:\/\/api.w.org\/{rel}","templated":true}]}}