{"id":501,"date":"2024-09-20T06:00:27","date_gmt":"2024-09-20T06:00:27","guid":{"rendered":"https:\/\/herbavibe.eu\/our-story\/"},"modified":"2024-12-13T08:35:18","modified_gmt":"2024-12-13T08:35:18","slug":"our-story","status":"publish","type":"page","link":"https:\/\/herbavibe.eu\/de\/our-story\/","title":{"rendered":"Unsere Geschichte"},"content":{"rendered":"\t\t<div data-elementor-type=\"wp-page\" data-elementor-id=\"501\" class=\"elementor elementor-501 elementor-138\">\n\t\t\t\t<div class=\"wd-negative-gap elementor-element elementor-element-279e21a e-flex e-con-boxed e-con e-parent\" data-id=\"279e21a\" data-element_type=\"container\">\n\t\t\t\t\t<div class=\"e-con-inner\">\n\t\t\t\t<div class=\"elementor-element elementor-element-8f353b4 color-scheme-inherit text-left elementor-widget elementor-widget-text-editor\" data-id=\"8f353b4\" data-element_type=\"widget\" data-widget_type=\"text-editor.default\">\n\t\t\t\t<div class=\"elementor-widget-container\">\n\t\t\t\t\t\t\t\t\t<h2>Unsere Geschichte<\/h2><p>Athen, 1990. Auf den Stra\u00dfen der Stadt pulsiert das Leben, aber das moderne Gesundheitswesen des Landes h\u00e4lt hartn\u00e4ckig an den klassischen Methoden fest und l\u00e4sst wenig bis keinen Raum f\u00fcr alternative Ans\u00e4tze. In diesem Umfeld begibt sich der junge Arzt Nikolaos Papandreou auf eine Reise, die die medizinischen Normen der damaligen Zeit herausfordert. Papandreou, ein Absolvent der Pathologie und sp\u00e4ter Allgemeinarzt, begann, die Phytotherapie zu erforschen, eine Wissenschaft, die zu dieser Zeit in Griechenland unbekannt und fast unvorstellbar war. In der tiefen \u00dcberzeugung, dass die Pr\u00e4ventivmedizin, die f\u00fcr viele antike Zivilisationen die goldene Regel war, wiederbelebt werden muss, unternimmt er die ersten Schritte zur Verwirklichung dieser Vision.<\/p><p>Das Leben von Nikolaos Papandreou war ausgef\u00fcllt mit endlosen Stunden klinischer Praxis und unerm\u00fcdlichem Studium. Bei seiner Arbeit in Krankenh\u00e4usern und Kliniken wurde er t\u00e4glich Zeuge der Schmerzen und Leiden der Patienten, was ihn dazu veranlasste, nach alternativen L\u00f6sungen zu suchen. Geleitet von der Weltliteratur und durch harte Arbeit und Hingabe begann er, neue Methoden anzuwenden, die sowohl auf altem als auch auf neuem Wissen basierten, immer mit dem Ziel, die Lebensqualit\u00e4t seiner Patienten zu verbessern.<\/p><p>Sein st\u00e4ndiges Streben nach Wissen f\u00fchrte ihn zu internationalen Kooperationen mit f\u00fchrenden Universit\u00e4ten in Belgien und Amerika. Seine Studien, klinischen Anwendungen und Forschungen begannen Fr\u00fcchte zu tragen und zeigten L\u00f6sungen f\u00fcr ernste Gesundheitsprobleme auf, die zuvor als un\u00fcberwindbar galten. Dieser Weg war nicht einfach, aber mit stetigen Schritten und der Leidenschaft, das traditionelle Wissen zu verj\u00fcngen, gelang es ihm, eine Br\u00fccke zwischen der Vergangenheit und der Zukunft der Medizin zu schlagen.<\/p><p>Wir, seine Kinder, wuchsen in einem Haus auf, in dem Wissenschaft und Natur harmonisch nebeneinander existierten. Jeden Tag sahen wir unseren Vater unerm\u00fcdlich arbeiten, stets mit der gleichen Leidenschaft, L\u00f6sungen f\u00fcr jedes Gesundheitsproblem durch die Kraft der Natur zu finden. Daher war es unvermeidlich, dass wir diese Kultur \u00fcbernehmen und uns zu eigen machen w\u00fcrden. Von klein auf an wurde die Liebe zu nat\u00fcrlichen L\u00f6sungen zur Erhaltung und Wiederherstellung der ganzheitlichen Gesundheit zu einem integralem Bestandteil unseres Lebens.<\/p><p>Im Jahr 2006 beschlossen wir, den n\u00e4chsten Schritt zu nehmen und in den Bereich der Nahrungserg\u00e4nzungsmittel zu expandieren. Auf Basis der umfangreichen Erfahrung unseres Vaters und unserer eigenen Ausbildung haben wir uns auf jeden Aspekt dieser Wissenschaft, sowohl wissenschaftlich als auch technologisch, spezialisiert. Unser Vater hat die Samen gepflanzt, und wir waren entschlossen, sie zum Bl\u00fchen zu bringen. Zu dieser Zeit befanden sich der griechische und europ\u00e4ische Markt noch in den Anfangsstadien, wobei der Bedarf an zuverl\u00e4ssigen und wirkungsvollen L\u00f6sungen dringend war. Das Zahl der \u00c4rzte, die die Phytotherapie anwendeten, war begrenzt, aber durch intensives Studium und jahrelange Anwendung gelang es uns, unsere eigenen Kr\u00e4uterpr\u00e4parate zu entwickeln.<\/p><p>Heutzutage arbeiten wir mit der gleichen Leidenschaft weiter, geleitet von unserer Liebe zur Natur und der \u00dcberzeugung, dass die Pr\u00e4ventivmedizin echte L\u00f6sungen f\u00fcr die Probleme der modernen Zeit bieten kann.<\/p>\t\t\t\t\t\t\t\t<\/div>\n\t\t\t\t<\/div>\n\t\t\t\t\t<\/div>\n\t\t\t\t<\/div>\n\t\t<div class=\"wd-negative-gap elementor-element elementor-element-4170c48 e-flex e-con-boxed e-con e-parent\" data-id=\"4170c48\" data-element_type=\"container\">\n\t\t\t\t\t<div class=\"e-con-inner\">\n\t\t\t\t<div class=\"elementor-element elementor-element-d3363bf elementor-widget elementor-widget-image\" data-id=\"d3363bf\" data-element_type=\"widget\" data-widget_type=\"image.default\">\n\t\t\t\t<div class=\"elementor-widget-container\">\n\t\t\t\t\t\t\t\t\t\t\t\t\t\t\t<img fetchpriority=\"high\" decoding=\"async\" width=\"1800\" height=\"700\" src=\"https:\/\/herbavibe.eu\/wp-content\/uploads\/2024\/11\/father-daughter-plant.jpg\" class=\"attachment-full size-full wp-image-462\" alt=\"\" srcset=\"https:\/\/herbavibe.eu\/wp-content\/uploads\/2024\/11\/father-daughter-plant.jpg 1800w, https:\/\/herbavibe.eu\/wp-content\/uploads\/2024\/11\/father-daughter-plant-300x117.jpg 300w, https:\/\/herbavibe.eu\/wp-content\/uploads\/2024\/11\/father-daughter-plant-1024x398.jpg 1024w, https:\/\/herbavibe.eu\/wp-content\/uploads\/2024\/11\/father-daughter-plant-768x299.jpg 768w, https:\/\/herbavibe.eu\/wp-content\/uploads\/2024\/11\/father-daughter-plant-1536x597.jpg 1536w\" sizes=\"(max-width: 1800px) 100vw, 1800px\" \/>\t\t\t\t\t\t\t\t\t\t\t\t\t\t\t<\/div>\n\t\t\t\t<\/div>\n\t\t\t\t\t<\/div>\n\t\t\t\t<\/div>\n\t\t\t\t<\/div>\n\t\t","protected":false},"excerpt":{"rendered":"<p>Unsere Geschichte Athen, 1990. Auf den Stra\u00dfen der Stadt pulsiert das Leben, aber das moderne Gesundheitswesen des Landes h\u00e4lt hartn\u00e4ckig<\/p>\n","protected":false},"author":2,"featured_media":0,"parent":0,"menu_order":0,"comment_status":"closed","ping_status":"closed","template":"","meta":{"footnotes":""},"class_list":["post-501","page","type-page","status-publish","hentry"],"_links":{"self":[{"href":"https:\/\/herbavibe.eu\/de\/wp-json\/wp\/v2\/pages\/501","targetHints":{"allow":["GET"]}}],"collection":[{"href":"https:\/\/herbavibe.eu\/de\/wp-json\/wp\/v2\/pages"}],"about":[{"href":"https:\/\/herbavibe.eu\/de\/wp-json\/wp\/v2\/types\/page"}],"author":[{"embeddable":true,"href":"https:\/\/herbavibe.eu\/de\/wp-json\/wp\/v2\/users\/2"}],"replies":[{"embeddable":true,"href":"https:\/\/herbavibe.eu\/de\/wp-json\/wp\/v2\/comments?post=501"}],"version-history":[{"count":4,"href":"https:\/\/herbavibe.eu\/de\/wp-json\/wp\/v2\/pages\/501\/revisions"}],"predecessor-version":[{"id":505,"href":"https:\/\/herbavibe.eu\/de\/wp-json\/wp\/v2\/pages\/501\/revisions\/505"}],"wp:attachment":[{"href":"https:\/\/herbavibe.eu\/de\/wp-json\/wp\/v2\/media?parent=501"}],"curies":[{"name":"wp","href":"https:\/\/api.w.org\/{rel}","templated":true}]}}