{"id":495,"date":"2024-11-01T10:39:35","date_gmt":"2024-11-01T10:39:35","guid":{"rendered":"https:\/\/herbavibe.eu\/our-philosophy\/synergy\/"},"modified":"2024-12-13T08:31:03","modified_gmt":"2024-12-13T08:31:03","slug":"synergy","status":"publish","type":"page","link":"https:\/\/herbavibe.eu\/de\/our-philosophy\/synergy\/","title":{"rendered":"Synergie"},"content":{"rendered":"\t\t<div data-elementor-type=\"wp-page\" data-elementor-id=\"495\" class=\"elementor elementor-495 elementor-330\">\n\t\t\t\t<div class=\"wd-negative-gap elementor-element elementor-element-f58d38f e-flex e-con-boxed e-con e-parent\" data-id=\"f58d38f\" data-element_type=\"container\">\n\t\t\t\t\t<div class=\"e-con-inner\">\n\t\t\t\t<div class=\"elementor-element elementor-element-9689632 color-scheme-inherit text-left elementor-widget elementor-widget-text-editor\" data-id=\"9689632\" data-element_type=\"widget\" data-widget_type=\"text-editor.default\">\n\t\t\t\t<div class=\"elementor-widget-container\">\n\t\t\t\t\t\t\t\t\t<h2>Die Nutzung der Natursynergie f\u00fcr ein ganzheitliches Wohlbefinden<\/h2><h4>Einleitung: Die Weisheit der Natur<\/h4><p>Im Bereich der Nahrungserg\u00e4nzungsmittel entwickeln wir umfassende Pr\u00e4parate, indem wir Vitamine, Mineralien, Aminos\u00e4uren und Antioxidantien kombinieren oder diese Elemente miteinander vermengen. Unser Ziel ist es, vollst\u00e4ndige Pr\u00e4parate f\u00fcr eine ganzheitliche Wirkung zu entwickeln, die optimale und dauerhafte Ergebnisse erzielen. Dieser Ansatz f\u00fchrt zur Entwicklung von integrativen Pr\u00e4peraten, wie z. B. Multivitaminen, Nahrungserg\u00e4nzungsmitteln f\u00fcr Sportler und haarst\u00e4rkenden Pr\u00e4peraten, um nur einige zu nennen.<\/p><p>Basierend auf wissenschaftlicher Literatur und klinischer Praxis wurde \u00fcber Jahrzehnte hinweg das Wissen \u00fcber effektive Kombinationen von Wirkstoffen entwickelt, die sich gegenseitig verst\u00e4rken. Im Allgemeinen werden Inhaltsstoffe in Nahrungserg\u00e4nzungsmitteln ausgew\u00e4hlt, um einen Mangel zu beheben, eine Wirkung zu verst\u00e4rken oder eine Funktion zu unterst\u00fctzen. Es ist jedoch von entscheidender Bedeutung, die ganzheitlichen Mechanismen zu verstehen, die zu diesen Ergebnissen im K\u00f6rper f\u00fchren.<\/p><p>Um beispielsweise den Zinkspiegel im K\u00f6rper zu erh\u00f6hen, m\u00fcssen wir die Absorptions- und Bioverf\u00fcgbarkeitswege von Zink gr\u00fcndlich verstehen &#8211; von der Einnahme bis zur endg\u00fcltigen Verwendung in Geweben und Zellen. Wenn wir also ein Produkt mit diesem Mineral als Hauptbestandteil entwickeln, k\u00f6nnen wir auch Magnesium hinzuf\u00fcgen, das mit der Zinkaufnahme im D\u00fcnndarm konkurriert.<\/p><p>Die Natur hat diese komplexen Wechselwirkungen vorhergesehen, wie zahlreiche Beispiele von Heilpflanzen zeigen (etwa gr\u00fcner Tee, Ingwer und Estragon), deren Wirkung in Kombination verst\u00e4rkt wird. F\u00e4rberwaid, ein starkes antivirales und entz\u00fcndungshemmendes Kraut, enth\u00e4lt beispielsweise die entz\u00fcndungshemmende Verbindung Tryptanthrin, die allein nur eine geringe Hautpenetration aufweist. Wenn jedoch der gesamte Pflanzenextrakt auf die Haut aufgetragen wird, wird seine Penetration erheblich verbessert. Die Natur zeigt immer wieder, dass L\u00f6sungen durch das Befolgen ihrer ganzheitlichen Weisheit gefunden werden.<\/p><p>Die meisten Wirkstoffe, die der menschlichen Gesundheit zugute kommen, werden von Pflanzen w\u00e4hrend ihres Wachstums als nat\u00fcrlicher Schutz vor Umweltbelastungen, Krankheiten und Mikroorganismen produziert. Um ihre Widerstandsf\u00e4higkeit und Anpassungsf\u00e4higkeit zu verbessern, produzieren Pflanzen eine Vielzahl von Komponenten, die synergistisch zusammenwirken und sich gegenseitig in ihrer Wirksamkeit, Absorption und Bioverf\u00fcgbarkeit unterst\u00fctzen. Die Weisheit der Natur hat jeden Bestandteil optimal so gestaltet, dass er das Gleichgewicht h\u00e4lt und eine harmonische Koexistenz innerhalb des pflanzlichen \u00d6kosystems erm\u00f6glicht.<\/p>\t\t\t\t\t\t\t\t<\/div>\n\t\t\t\t<\/div>\n\t\t\t\t\t<\/div>\n\t\t\t\t<\/div>\n\t\t<div class=\"wd-negative-gap elementor-element elementor-element-4a55804 e-flex e-con-boxed e-con e-parent\" data-id=\"4a55804\" data-element_type=\"container\">\n\t\t\t\t\t<div class=\"e-con-inner\">\n\t\t\t\t<div class=\"elementor-element elementor-element-5382181 elementor-widget elementor-widget-image\" data-id=\"5382181\" data-element_type=\"widget\" data-widget_type=\"image.default\">\n\t\t\t\t<div class=\"elementor-widget-container\">\n\t\t\t\t\t\t\t\t\t\t\t\t\t\t\t<img fetchpriority=\"high\" decoding=\"async\" width=\"1800\" height=\"700\" src=\"https:\/\/herbavibe.eu\/wp-content\/uploads\/2024\/11\/plant-synergy.jpg\" class=\"attachment-full size-full wp-image-461\" alt=\"\" srcset=\"https:\/\/herbavibe.eu\/wp-content\/uploads\/2024\/11\/plant-synergy.jpg 1800w, https:\/\/herbavibe.eu\/wp-content\/uploads\/2024\/11\/plant-synergy-300x117.jpg 300w, https:\/\/herbavibe.eu\/wp-content\/uploads\/2024\/11\/plant-synergy-1024x398.jpg 1024w, https:\/\/herbavibe.eu\/wp-content\/uploads\/2024\/11\/plant-synergy-768x299.jpg 768w, https:\/\/herbavibe.eu\/wp-content\/uploads\/2024\/11\/plant-synergy-1536x597.jpg 1536w\" sizes=\"(max-width: 1800px) 100vw, 1800px\" \/>\t\t\t\t\t\t\t\t\t\t\t\t\t\t\t<\/div>\n\t\t\t\t<\/div>\n\t\t\t\t\t<\/div>\n\t\t\t\t<\/div>\n\t\t<div class=\"wd-negative-gap elementor-element elementor-element-61f8885 e-flex e-con-boxed e-con e-parent\" data-id=\"61f8885\" data-element_type=\"container\">\n\t\t\t\t\t<div class=\"e-con-inner\">\n\t\t\t\t<div class=\"elementor-element elementor-element-d1f952a color-scheme-inherit text-left elementor-widget elementor-widget-text-editor\" data-id=\"d1f952a\" data-element_type=\"widget\" data-widget_type=\"text-editor.default\">\n\t\t\t\t<div class=\"elementor-widget-container\">\n\t\t\t\t\t\t\t\t\t<h3>Das Konzept der Synergie<\/h3><p>In seiner einfachsten Form bedeutet Synergie, dass die Kombination von zwei oder mehr Bestandteilen Effekte erzeugt, die st\u00e4rker sind als die Summe ihrer einzelnen Bestandteile. Dar\u00fcber hinaus k\u00f6nnen diese Effekte nicht vorhergesagt werden, wenn man jedes Element isoliert betrachtet. Aufgrund ihrer komplexen Chemie sind die einzelnen Pflanzen synergistische Einheiten. Wenn Pflanzen in Kombination verwendet werden, vervielfachen sich diese Komplexit\u00e4t und der synergistische Effekt erheblich.<\/p><p><em>Synergistische Pflanzen<\/em><\/p><p>Bestimmte Pflanzen verst\u00e4rken die Wirkung anderer Pflanzen oder Arzneistoffe. Einige Pflanzenbestandteile k\u00f6nnen dazu beitragen, die Nebenwirkungen pharmakologischer Wirkstoffe zu verringern. Die Feinheiten der Pflanzenchemie wurden in der Vergangenheit missverstanden oder untersch\u00e4tzt. Neue Generationen von Forschern untersuchen Pflanzen jedoch mit einer neuen Perspektive und erkennen, dass nat\u00fcrliche pflanzliche Arzneimittel oft ausgekl\u00fcgelter sind als synthetische Medikamente.<\/p><p>Jede Pflanze ist ein vollst\u00e4ndiges, sich selbst erhaltendes Mikro-\u00d6kosystem. Jeder Wirkstoff tr\u00e4gt zum Ganzen bei und unterst\u00fctzt sowohl die Entwicklung der Pflanze als auch ihr \u00dcberleben.<\/p><h4>Mechanismen der synergistischen Pflanzen<\/h4><p>Synergistische Pflanzen verst\u00e4rken die Wirkung anderer Heilpflanzen und unterst\u00fctzen den K\u00f6rper durch eine Vielzahl von Mechanismen:<\/p><p><br \/>\u2022 Verringerung der toxischen Nebenwirkungen der Hauptwirkstoffe.<br \/><br \/>\u2022 Verbesserte Absorption und Penetration von Inhaltsstoffen, einschlie\u00dflich des intrazellul\u00e4ren Transports.<br \/><br \/>\u2022 Verbesserte Wirksamkeit der Bestandteile durch Wirkung an verschiedenen Stellen desselben Signalwegs.<br \/><br \/>\u2022 Reduzierung der erforderlichen Dosierung, wenn angemessen, bei gleicher therapeutischer Wirkung<br \/><br \/>Einige pflanzliche Inhaltsstoffe verst\u00e4rken die pharmakologischen Wirkungen anderer Pflanzen, indem sie deren physikochemische Eigenschaften, wie L\u00f6slichkeit, Bioverf\u00fcgbarkeit und Wirksamkeit, ver\u00e4ndern. Bestimmte Wirkstoffe verst\u00e4rken die Immunreaktion, w\u00e4hrend andere direkt auf Krankheitserreger abzielen, sie schw\u00e4chen und so anf\u00e4lliger f\u00fcr ein starkes Immunsystem machen. Einige Pflanzen verringern beispielsweise die Abwehrmechanismen von Viren und Bakterien gegen antimikrobielle Pflanzenstoffe, wodurch diese wirksamer werden.<\/p><h5>Kombination von Pflanzen f\u00fcr bessere Ergebnisse<\/h5><p>Die Kombination von Pflanzen zu therapeutischen Zwecken ist eine weiterentwickelte Praxis, die oft wirksamere Pr\u00e4parate hervorbringt, als die einzelnen Pflanzen allein erreichen k\u00f6nnten. So erh\u00f6hen Inhaltsstoffe der S\u00fc\u00dfholzwurzel die Wasserl\u00f6slichkeit anderer pflanzlicher Inhaltsstoffe, wie z. B. der Saikosaponine aus dem asiatischen Ginseng, erheblich. Dieser synergistische Ansatz, der in traditionellen medizinischen Systemen wie TCM und Ayurveda seit langem erforscht wird, kann die Wirksamkeit erh\u00f6hen und findet auch in der modernen medizinischen Wissenschaft zunehmend Beachtung.<br \/>Angesichts der Zunahme resistenter Bakterien und des Wiederauftretens fr\u00fcher kontrollierter Krankheiten wird die Erforschung von Arzneimitteln auf pflanzlicher Basis immer wichtiger. Das Versprechen der Natur, die von den sehr alten Heilsystemen schon lange erkannt wurden, wird zunehmend als unsch\u00e4tzbare Ressource f\u00fcr die moderne Medizin betrachtet.<\/p>\t\t\t\t\t\t\t\t<\/div>\n\t\t\t\t<\/div>\n\t\t\t\t\t<\/div>\n\t\t\t\t<\/div>\n\t\t\t\t<\/div>\n\t\t","protected":false},"excerpt":{"rendered":"<p>Die Nutzung der Natursynergie f\u00fcr ein ganzheitliches Wohlbefinden Einleitung: Die Weisheit der Natur Im Bereich der Nahrungserg\u00e4nzungsmittel entwickeln wir umfassende<\/p>\n","protected":false},"author":2,"featured_media":0,"parent":475,"menu_order":0,"comment_status":"closed","ping_status":"closed","template":"","meta":{"footnotes":""},"class_list":["post-495","page","type-page","status-publish","hentry"],"_links":{"self":[{"href":"https:\/\/herbavibe.eu\/de\/wp-json\/wp\/v2\/pages\/495","targetHints":{"allow":["GET"]}}],"collection":[{"href":"https:\/\/herbavibe.eu\/de\/wp-json\/wp\/v2\/pages"}],"about":[{"href":"https:\/\/herbavibe.eu\/de\/wp-json\/wp\/v2\/types\/page"}],"author":[{"embeddable":true,"href":"https:\/\/herbavibe.eu\/de\/wp-json\/wp\/v2\/users\/2"}],"replies":[{"embeddable":true,"href":"https:\/\/herbavibe.eu\/de\/wp-json\/wp\/v2\/comments?post=495"}],"version-history":[{"count":4,"href":"https:\/\/herbavibe.eu\/de\/wp-json\/wp\/v2\/pages\/495\/revisions"}],"predecessor-version":[{"id":500,"href":"https:\/\/herbavibe.eu\/de\/wp-json\/wp\/v2\/pages\/495\/revisions\/500"}],"up":[{"embeddable":true,"href":"https:\/\/herbavibe.eu\/de\/wp-json\/wp\/v2\/pages\/475"}],"wp:attachment":[{"href":"https:\/\/herbavibe.eu\/de\/wp-json\/wp\/v2\/media?parent=495"}],"curies":[{"name":"wp","href":"https:\/\/api.w.org\/{rel}","templated":true}]}}