{"id":490,"date":"2024-11-01T10:40:42","date_gmt":"2024-11-01T10:40:42","guid":{"rendered":"https:\/\/herbavibe.eu\/our-philosophy\/phytotherapy\/"},"modified":"2024-12-13T08:23:27","modified_gmt":"2024-12-13T08:23:27","slug":"phytotherapy","status":"publish","type":"page","link":"https:\/\/herbavibe.eu\/de\/our-philosophy\/phytotherapy\/","title":{"rendered":"Phytotherapie"},"content":{"rendered":"\t\t<div data-elementor-type=\"wp-page\" data-elementor-id=\"490\" class=\"elementor elementor-490 elementor-335\">\n\t\t\t\t<div class=\"wd-negative-gap elementor-element elementor-element-a9e7f1c e-flex e-con-boxed e-con e-parent\" data-id=\"a9e7f1c\" data-element_type=\"container\">\n\t\t\t\t\t<div class=\"e-con-inner\">\n\t\t\t\t<div class=\"elementor-element elementor-element-a3c23b0 color-scheme-inherit text-left elementor-widget elementor-widget-text-editor\" data-id=\"a3c23b0\" data-element_type=\"widget\" data-widget_type=\"text-editor.default\">\n\t\t\t\t<div class=\"elementor-widget-container\">\n\t\t\t\t\t\t\t\t\t<h2>Phytotherapie<\/h2><div class=\"elementor-element elementor-element-d23ec97 color-scheme-inherit text-left elementor-widget elementor-widget-text-editor\" data-id=\"d23ec97\" data-element_type=\"widget\" data-widget_type=\"text-editor.default\"><div class=\"elementor-widget-container\"><p>Das Erbe des sehr alten Wissens. Eine vorgeschichtliche Wissenschaft, heute relevanter denn je.<\/p><p>\u00c4rzte untersuchen die Anzeichen, die der menschliche K\u00f6rper w\u00e4hrend einer k\u00f6rperlichen Untersuchung vermittelt, und verschreiben Medikamente, um das Problem zu bek\u00e4mpfen. Im Laufe der Menschheitsgeschichte, seit wir das Potenzial der Natur zu entdecken begannen, zogen Spezialisten in \u00e4hnlicher Weise Schlussfolgerungen und diagnostizierten ein Leiden oder den Bedarf des K\u00f6rpers und schlugen die Verwendung bestimmter Pflanzen vor.<\/p><p>Das \u00c4quivalent zum heutigen Verfahren f\u00fcr jedes verordnete Arzneimittel mit dem damaligen der Stand der Technik, das Beste, was es zu bieten gab. Im Laufe der Jahre haben zahlreiche Gesellschaften diesen sehr alten Prozess untersucht und dokumentiert, so dass bis in die heutige Zeit ein umfangreiches Wissen zusammengetragen werden konnte. Die Phytotherapie gewinnt als sichere und effektive Alternative, die L\u00f6sungen und M\u00f6glichkeiten im Umgang mit und der Pr\u00e4vention von Krankheitszust\u00e4nden bietet, zunehmend an Bedeutung in der wissenschaftlichen Gesellschaft. In den letzten 50 Jahren haben verschiedene Studien dieses nat\u00fcrliche Repertoire unterst\u00fctzt und bereichert. Die Wirkungen und Eigenschaften dieser Inhaltsstoffe werden immer besser erkannt, und im Zuge des technologischen Fortschritts wird ihre Verwendung optimiert, wodurch diese sehr alte Wissenschaft neue M\u00f6glichkeiten erh\u00e4lt.<\/p><\/div><\/div>\t\t\t\t\t\t\t\t<\/div>\n\t\t\t\t<\/div>\n\t\t\t\t\t<\/div>\n\t\t\t\t<\/div>\n\t\t<div class=\"wd-negative-gap elementor-element elementor-element-f0aee5c e-flex e-con-boxed e-con e-parent\" data-id=\"f0aee5c\" data-element_type=\"container\">\n\t\t\t\t\t<div class=\"e-con-inner\">\n\t\t\t\t<div class=\"elementor-element elementor-element-a8368ec elementor-widget elementor-widget-image\" data-id=\"a8368ec\" data-element_type=\"widget\" data-widget_type=\"image.default\">\n\t\t\t\t<div class=\"elementor-widget-container\">\n\t\t\t\t\t\t\t\t\t\t\t\t\t\t\t<img fetchpriority=\"high\" decoding=\"async\" width=\"1024\" height=\"398\" src=\"https:\/\/herbavibe.eu\/wp-content\/uploads\/2024\/10\/homepage-slider2-1024x398.jpg\" class=\"attachment-large size-large wp-image-443\" alt=\"\" srcset=\"https:\/\/herbavibe.eu\/wp-content\/uploads\/2024\/10\/homepage-slider2-1024x398.jpg 1024w, https:\/\/herbavibe.eu\/wp-content\/uploads\/2024\/10\/homepage-slider2-300x117.jpg 300w, https:\/\/herbavibe.eu\/wp-content\/uploads\/2024\/10\/homepage-slider2-768x299.jpg 768w, https:\/\/herbavibe.eu\/wp-content\/uploads\/2024\/10\/homepage-slider2-1536x597.jpg 1536w, https:\/\/herbavibe.eu\/wp-content\/uploads\/2024\/10\/homepage-slider2.jpg 1800w\" sizes=\"(max-width: 1024px) 100vw, 1024px\" \/>\t\t\t\t\t\t\t\t\t\t\t\t\t\t\t<\/div>\n\t\t\t\t<\/div>\n\t\t\t\t\t<\/div>\n\t\t\t\t<\/div>\n\t\t<div class=\"wd-negative-gap elementor-element elementor-element-b1a4c8e e-flex e-con-boxed e-con e-parent\" data-id=\"b1a4c8e\" data-element_type=\"container\">\n\t\t\t\t\t<div class=\"e-con-inner\">\n\t\t\t\t<div class=\"elementor-element elementor-element-bc3d85e color-scheme-inherit text-left elementor-widget elementor-widget-text-editor\" data-id=\"bc3d85e\" data-element_type=\"widget\" data-widget_type=\"text-editor.default\">\n\t\t\t\t<div class=\"elementor-widget-container\">\n\t\t\t\t\t\t\t\t\t<h3>Ein kurzer \u00dcberblick \u00fcber die moderne Phytotherapie<\/h3><p>Die moderne Phytotherapie gilt als ein sanfter Ansatz zur Verbesserung, Wiederherstellung und Erhaltung der Gesundheit. Kr\u00e4uterpr\u00e4parate unterscheiden sich grundlegend von herk\u00f6mmlichen pflanzlichen Arzneimitteln aufgrund ihrer streng kontrollierten Zusammensetzung und ihrer Wirkung auf die Gesundheit.<\/p><p>Die Phytotherapie hat ihren Ursprung in der Kr\u00e4utermedizin, einer Tradition, die in fast allen Kulturen tief verwurzelt ist, z. B. in der traditionellen chinesischen Medizin (TCM), im Ayurveda, in der japanischen Gesundheitslehre und in der antiken griechischen Medizin. Seit Tausenden von Jahren werden pflanzliche Heilmittel zur Bew\u00e4ltigung gesundheitlicher Probleme eingesetzt. Die moderne Phytotherapie vereint das sehr alte Wissen mit einer wissenschaftlichen Grundlage und integriert Pharmazie, Pharmazeutik und Toxikologie, um validierte Ergebnisse zu erzielen.<\/p><p>Die Phytotherapie ist keine Alternativmedizin, sondern ein anerkannter Zweig der konventionellen Medizin, der sich auf die Behandlung und Vorbeugung von Symptomen und Krankheiten mit Pflanzen und deren Extrakten konzentriert. Diese pflanzlichen Arzneimittel, bekannt als Phytopharmaka, werden in verschiedenen Formen angeboten (z. B. als Pflanzenpulver, Fl\u00fcssigextrakte, Trockenextrakte, Tinkturen) und unterliegen pharmazeutischen Vorschriften. Gleichbleibende Qualit\u00e4t und \u00dcberpr\u00fcfung spielen eine entscheidende Rolle bei der Gew\u00e4hrleistung der Wirksamkeit.<\/p>\t\t\t\t\t\t\t\t<\/div>\n\t\t\t\t<\/div>\n\t\t\t\t\t<\/div>\n\t\t\t\t<\/div>\n\t\t\t\t<\/div>\n\t\t","protected":false},"excerpt":{"rendered":"<p>Phytotherapie Das Erbe des sehr alten Wissens. Eine vorgeschichtliche Wissenschaft, heute relevanter denn je. \u00c4rzte untersuchen die Anzeichen, die der<\/p>\n","protected":false},"author":2,"featured_media":0,"parent":475,"menu_order":0,"comment_status":"closed","ping_status":"closed","template":"","meta":{"footnotes":""},"class_list":["post-490","page","type-page","status-publish","hentry"],"_links":{"self":[{"href":"https:\/\/herbavibe.eu\/de\/wp-json\/wp\/v2\/pages\/490","targetHints":{"allow":["GET"]}}],"collection":[{"href":"https:\/\/herbavibe.eu\/de\/wp-json\/wp\/v2\/pages"}],"about":[{"href":"https:\/\/herbavibe.eu\/de\/wp-json\/wp\/v2\/types\/page"}],"author":[{"embeddable":true,"href":"https:\/\/herbavibe.eu\/de\/wp-json\/wp\/v2\/users\/2"}],"replies":[{"embeddable":true,"href":"https:\/\/herbavibe.eu\/de\/wp-json\/wp\/v2\/comments?post=490"}],"version-history":[{"count":4,"href":"https:\/\/herbavibe.eu\/de\/wp-json\/wp\/v2\/pages\/490\/revisions"}],"predecessor-version":[{"id":494,"href":"https:\/\/herbavibe.eu\/de\/wp-json\/wp\/v2\/pages\/490\/revisions\/494"}],"up":[{"embeddable":true,"href":"https:\/\/herbavibe.eu\/de\/wp-json\/wp\/v2\/pages\/475"}],"wp:attachment":[{"href":"https:\/\/herbavibe.eu\/de\/wp-json\/wp\/v2\/media?parent=490"}],"curies":[{"name":"wp","href":"https:\/\/api.w.org\/{rel}","templated":true}]}}