{"id":480,"date":"2024-11-01T10:41:38","date_gmt":"2024-11-01T10:41:38","guid":{"rendered":"https:\/\/herbavibe.eu\/our-philosophy\/top-quality-ingedients\/"},"modified":"2024-12-12T12:05:36","modified_gmt":"2024-12-12T12:05:36","slug":"top-quality-ingedients","status":"publish","type":"page","link":"https:\/\/herbavibe.eu\/de\/our-philosophy\/top-quality-ingedients\/","title":{"rendered":"Unsere Pflanzen"},"content":{"rendered":"\t\t<div data-elementor-type=\"wp-page\" data-elementor-id=\"480\" class=\"elementor elementor-480 elementor-340\">\n\t\t\t\t<div class=\"wd-negative-gap elementor-element elementor-element-bb543a5 e-flex e-con-boxed e-con e-parent\" data-id=\"bb543a5\" data-element_type=\"container\">\n\t\t\t\t\t<div class=\"e-con-inner\">\n\t\t\t\t<div class=\"elementor-element elementor-element-7dc1e72 color-scheme-inherit text-left elementor-widget elementor-widget-text-editor\" data-id=\"7dc1e72\" data-element_type=\"widget\" data-widget_type=\"text-editor.default\">\n\t\t\t\t<div class=\"elementor-widget-container\">\n\t\t\t\t\t\t\t\t\t<h2><strong>Qualitativ hochwertige, frische Rohstoffe<\/strong><\/h2><p>Der Weg zu einem qualitativ hochwertigen Kr\u00e4uterextrakt beginnt bereits mit den richtigen Anbaubedingungen. Dies bedeutet umfassendes Fachwissen, basierend auf jahrzehntelanger Erfahrung, kombiniert mit der sorgf\u00e4ltigen Auswahl geeigneter B\u00f6den, Pflanzenarten und der richtigen Jahreszeit. Der Anbau muss den Grunds\u00e4tzen der Nachhaltigkeit folgen und sicherstellen, dass die Pflanzen unter idealen Bedingungen wachsen und ihre nat\u00fcrlichen Eigenschaften maximal zur Geltung kommen.<\/p><p>Doch damit ist der Prozess l\u00e4ngst noch nicht abgeschlossen. Die Verarbeitung von Pflanzen ist ein filigraner und \u00e4u\u00dferst akribischer Prozess. In jeder Phase der Produktion sind strenge Kontrollen erforderlich, um sicherzustellen, dass die n\u00fctzlichen Bestandteile der Pflanze intakt bleiben und in der h\u00f6chstm\u00f6glichen Konzentration im Endprodukt vorhanden sind. Bei der Qualit\u00e4t gehen wir keine Kompromisse ein &#8211; dies ist unser unumst\u00f6\u00dflicher Grundsatz.<\/p><p>Nur wenige Hersteller auf der Welt verf\u00fcgen \u00fcber die Infrastruktur, das Fachwissen und die Erfahrung, um derart hochwertige Produkte anzubieten. Herbavibe hat das Gl\u00fcck und die Ehre, mit einem der gr\u00f6\u00dften und \u00e4ltesten Hersteller von Kr\u00e4uterpr\u00e4paraten weltweit zusammenzuarbeiten. Dieser Partner kultiviert nicht nur seine eigenen Pflanzen mit Quellen reinen Wassers, sondern verf\u00fcgt auch \u00fcber eine eigene Produktion von Alkohol in pharmazeutischer Qualit\u00e4t und ein vollst\u00e4ndig ausgestattetes, autonomes Labor.<\/p><p>Unsere Liebe zu Pflanzen ist tief und aufrichtig. Wir respektieren alles, was die Natur uns bietet, und verstehen ihren Wert in jedem Aspekt unseres Lebens. Wir erforschen die Natur, erkunden sie mit Leidenschaft und streben danach, das Beste aus ihr in jedes Detail unserer Produkte einzubringen.<\/p><p>Die Wahl von Herbavibe ist eine Garantie f\u00fcr h\u00f6chste Qualit\u00e4t in der Phytotherapie. Mit uns entscheiden Sie sich f\u00fcr das Beste, was die Natur zu bieten hat.<\/p>\t\t\t\t\t\t\t\t<\/div>\n\t\t\t\t<\/div>\n\t\t\t\t\t<\/div>\n\t\t\t\t<\/div>\n\t\t<div class=\"wd-negative-gap elementor-element elementor-element-9d8b1ad e-flex e-con-boxed e-con e-parent\" data-id=\"9d8b1ad\" data-element_type=\"container\">\n\t\t\t\t\t<div class=\"e-con-inner\">\n\t\t\t\t<div class=\"elementor-element elementor-element-798ae1e elementor-widget elementor-widget-image\" data-id=\"798ae1e\" data-element_type=\"widget\" data-widget_type=\"image.default\">\n\t\t\t\t<div class=\"elementor-widget-container\">\n\t\t\t\t\t\t\t\t\t\t\t\t\t\t\t<img fetchpriority=\"high\" decoding=\"async\" width=\"1800\" height=\"700\" src=\"https:\/\/herbavibe.eu\/wp-content\/uploads\/2024\/11\/people-working-field.jpg\" class=\"attachment-full size-full wp-image-460\" alt=\"\" srcset=\"https:\/\/herbavibe.eu\/wp-content\/uploads\/2024\/11\/people-working-field.jpg 1800w, https:\/\/herbavibe.eu\/wp-content\/uploads\/2024\/11\/people-working-field-300x117.jpg 300w, https:\/\/herbavibe.eu\/wp-content\/uploads\/2024\/11\/people-working-field-1024x398.jpg 1024w, https:\/\/herbavibe.eu\/wp-content\/uploads\/2024\/11\/people-working-field-768x299.jpg 768w, https:\/\/herbavibe.eu\/wp-content\/uploads\/2024\/11\/people-working-field-1536x597.jpg 1536w\" sizes=\"(max-width: 1800px) 100vw, 1800px\" \/>\t\t\t\t\t\t\t\t\t\t\t\t\t\t\t<\/div>\n\t\t\t\t<\/div>\n\t\t\t\t\t<\/div>\n\t\t\t\t<\/div>\n\t\t\t\t<\/div>\n\t\t","protected":false},"excerpt":{"rendered":"<p>Qualitativ hochwertige, frische Rohstoffe Der Weg zu einem qualitativ hochwertigen Kr\u00e4uterextrakt beginnt bereits mit den richtigen Anbaubedingungen. Dies bedeutet umfassendes<\/p>\n","protected":false},"author":2,"featured_media":0,"parent":475,"menu_order":0,"comment_status":"closed","ping_status":"closed","template":"","meta":{"footnotes":""},"class_list":["post-480","page","type-page","status-publish","hentry"],"_links":{"self":[{"href":"https:\/\/herbavibe.eu\/de\/wp-json\/wp\/v2\/pages\/480","targetHints":{"allow":["GET"]}}],"collection":[{"href":"https:\/\/herbavibe.eu\/de\/wp-json\/wp\/v2\/pages"}],"about":[{"href":"https:\/\/herbavibe.eu\/de\/wp-json\/wp\/v2\/types\/page"}],"author":[{"embeddable":true,"href":"https:\/\/herbavibe.eu\/de\/wp-json\/wp\/v2\/users\/2"}],"replies":[{"embeddable":true,"href":"https:\/\/herbavibe.eu\/de\/wp-json\/wp\/v2\/comments?post=480"}],"version-history":[{"count":4,"href":"https:\/\/herbavibe.eu\/de\/wp-json\/wp\/v2\/pages\/480\/revisions"}],"predecessor-version":[{"id":484,"href":"https:\/\/herbavibe.eu\/de\/wp-json\/wp\/v2\/pages\/480\/revisions\/484"}],"up":[{"embeddable":true,"href":"https:\/\/herbavibe.eu\/de\/wp-json\/wp\/v2\/pages\/475"}],"wp:attachment":[{"href":"https:\/\/herbavibe.eu\/de\/wp-json\/wp\/v2\/media?parent=480"}],"curies":[{"name":"wp","href":"https:\/\/api.w.org\/{rel}","templated":true}]}}