{"id":475,"date":"2024-09-20T06:01:31","date_gmt":"2024-09-20T06:01:31","guid":{"rendered":"https:\/\/herbavibe.eu\/our-philosophy\/"},"modified":"2024-12-12T11:41:16","modified_gmt":"2024-12-12T11:41:16","slug":"our-philosophy","status":"publish","type":"page","link":"https:\/\/herbavibe.eu\/de\/our-philosophy\/","title":{"rendered":"Unsere Philosophie"},"content":{"rendered":"\t\t<div data-elementor-type=\"wp-page\" data-elementor-id=\"475\" class=\"elementor elementor-475 elementor-142\">\n\t\t\t\t<div class=\"wd-negative-gap elementor-element elementor-element-83dd3fc e-flex e-con-boxed e-con e-parent\" data-id=\"83dd3fc\" data-element_type=\"container\">\n\t\t\t\t\t<div class=\"e-con-inner\">\n\t\t\t\t<div class=\"elementor-element elementor-element-9a2b590 color-scheme-inherit text-left elementor-widget elementor-widget-text-editor\" data-id=\"9a2b590\" data-element_type=\"widget\" data-widget_type=\"text-editor.default\">\n\t\t\t\t<div class=\"elementor-widget-container\">\n\t\t\t\t\t\t\t\t\t<h2>Unsere Philosophie<\/h2><p>Die Entwicklung unserer spezialisierten Nahrungserg\u00e4nzungsmittel entstand aus einem dringenden Bed\u00fcrfnis, das sich nach Jahren intensiver Forschung und der Pr\u00fcfung zahlreicher pflanzlicher Rezepturen ergab. Angesichts des Mangels an wirklich effektiver und leistungsstarker Produkte beschlossen wir, die Sache selbst in die Hand zu nehmen.<\/p><p>Unsere Suche nach Wirkstoffen h\u00f6rte nicht an der Oberfl\u00e4che auf. Wir erforschten die reinsten Pflanzensorten aus den unber\u00fchrtesten Umgebungen und suchten nach Extrakten, die den Unterschied machen k\u00f6nnten. Jeder Schritt dieses Prozesses, von der Auswahl der Rohstoffe bis zur endg\u00fcltigen Zusammensetzung, wurde mit dem Ziel durchgef\u00fchrt, maximale Synergien zu erzielen. Wir waren nicht nur auf der Suche nach einer Produktlinie, sondern nach einem System von Erg\u00e4nzungsmitteln, die harmonisch mit dem K\u00f6rper zusammenarbeiten und wirklich eine ganzheitliche Gesundheitsunterst\u00fctzung bieten.<\/p><p>Unsere Produkte sind nicht einfach das Ergebnis eines Rezepts, sondern eine sorgf\u00e4ltig zusammengestellte Kreation. Wir w\u00e4hlen zertifizierte, hochwertige Kr\u00e4uter aus, die einer speziellen Verarbeitung unterzogen werden, um ihre Reinheit zu bewahren. Diese Extrakte werden dann so kombiniert, dass sie sich gegenseitig in ihrer Wirkung verst\u00e4rken und dem K\u00f6rper somit den gr\u00f6\u00dftm\u00f6glichen Nutzen bieten.<\/p><p>Jedes unserer Produkte wurde mit einem Leitgedanken erforscht und hergestellt: das zu kreieren, was wir nicht finden konnten. Was wir als L\u00f6sung f\u00fcr uns selbst gesucht haben, bieten wir nun auch Ihnen an.<\/p>\t\t\t\t\t\t\t\t<\/div>\n\t\t\t\t<\/div>\n\t\t\t\t\t<\/div>\n\t\t\t\t<\/div>\n\t\t<div class=\"wd-negative-gap elementor-element elementor-element-40c2a8b e-flex e-con-boxed e-con e-parent\" data-id=\"40c2a8b\" data-element_type=\"container\">\n\t\t\t\t\t<div class=\"e-con-inner\">\n\t\t\t\t<div class=\"elementor-element elementor-element-d6f33d2 elementor-widget elementor-widget-image\" data-id=\"d6f33d2\" data-element_type=\"widget\" data-widget_type=\"image.default\">\n\t\t\t\t<div class=\"elementor-widget-container\">\n\t\t\t\t\t\t\t\t\t\t\t\t\t\t\t<img fetchpriority=\"high\" decoding=\"async\" width=\"1800\" height=\"700\" src=\"https:\/\/herbavibe.eu\/wp-content\/uploads\/2024\/11\/echinacea-angustifolia.jpg\" class=\"attachment-full size-full wp-image-463\" alt=\"\" srcset=\"https:\/\/herbavibe.eu\/wp-content\/uploads\/2024\/11\/echinacea-angustifolia.jpg 1800w, https:\/\/herbavibe.eu\/wp-content\/uploads\/2024\/11\/echinacea-angustifolia-300x117.jpg 300w, https:\/\/herbavibe.eu\/wp-content\/uploads\/2024\/11\/echinacea-angustifolia-1024x398.jpg 1024w, https:\/\/herbavibe.eu\/wp-content\/uploads\/2024\/11\/echinacea-angustifolia-768x299.jpg 768w, https:\/\/herbavibe.eu\/wp-content\/uploads\/2024\/11\/echinacea-angustifolia-1536x597.jpg 1536w\" sizes=\"(max-width: 1800px) 100vw, 1800px\" \/>\t\t\t\t\t\t\t\t\t\t\t\t\t\t\t<\/div>\n\t\t\t\t<\/div>\n\t\t\t\t\t<\/div>\n\t\t\t\t<\/div>\n\t\t\t\t<\/div>\n\t\t","protected":false},"excerpt":{"rendered":"<p>Unsere Philosophie Die Entwicklung unserer spezialisierten Nahrungserg\u00e4nzungsmittel entstand aus einem dringenden Bed\u00fcrfnis, das sich nach Jahren intensiver Forschung und der<\/p>\n","protected":false},"author":2,"featured_media":0,"parent":0,"menu_order":0,"comment_status":"closed","ping_status":"closed","template":"","meta":{"footnotes":""},"class_list":["post-475","page","type-page","status-publish","hentry"],"_links":{"self":[{"href":"https:\/\/herbavibe.eu\/de\/wp-json\/wp\/v2\/pages\/475","targetHints":{"allow":["GET"]}}],"collection":[{"href":"https:\/\/herbavibe.eu\/de\/wp-json\/wp\/v2\/pages"}],"about":[{"href":"https:\/\/herbavibe.eu\/de\/wp-json\/wp\/v2\/types\/page"}],"author":[{"embeddable":true,"href":"https:\/\/herbavibe.eu\/de\/wp-json\/wp\/v2\/users\/2"}],"replies":[{"embeddable":true,"href":"https:\/\/herbavibe.eu\/de\/wp-json\/wp\/v2\/comments?post=475"}],"version-history":[{"count":4,"href":"https:\/\/herbavibe.eu\/de\/wp-json\/wp\/v2\/pages\/475\/revisions"}],"predecessor-version":[{"id":479,"href":"https:\/\/herbavibe.eu\/de\/wp-json\/wp\/v2\/pages\/475\/revisions\/479"}],"wp:attachment":[{"href":"https:\/\/herbavibe.eu\/de\/wp-json\/wp\/v2\/media?parent=475"}],"curies":[{"name":"wp","href":"https:\/\/api.w.org\/{rel}","templated":true}]}}