{"id":465,"date":"2024-07-30T10:06:33","date_gmt":"2024-07-30T10:06:33","guid":{"rendered":"https:\/\/herbavibe.eu\/sample-page\/"},"modified":"2024-12-16T12:27:26","modified_gmt":"2024-12-16T12:27:26","slug":"sample-page","status":"publish","type":"page","link":"https:\/\/herbavibe.eu\/de\/","title":{"rendered":"Homepage"},"content":{"rendered":"\t\t<div data-elementor-type=\"wp-page\" data-elementor-id=\"465\" class=\"elementor elementor-465 elementor-2\">\n\t\t\t\t<div class=\"wd-negative-gap elementor-element elementor-element-157acb4 e-flex e-con-boxed e-con e-parent\" data-id=\"157acb4\" data-element_type=\"container\">\n\t\t\t\t\t<div class=\"e-con-inner\">\n\t\t\t\t<div class=\"elementor-element elementor-element-6dd03ed elementor-widget elementor-widget-slider_revolution\" data-id=\"6dd03ed\" data-element_type=\"widget\" data-widget_type=\"slider_revolution.default\">\n\t\t\t\t<div class=\"elementor-widget-container\">\n\t\t\t\t\t\n\t\t<div class=\"wp-block-themepunch-revslider\">\n\t\t\t\t<p class=\"rs-p-wp-fix\"><\/p>\n\t\t\t\t<sr7-module data-alias=\"slider-1\" data-id=\"1\" id=\"SR7_1_1\" class=\"rs-ov-hidden\" data-version=\"6.7.21\">\n\t\t\t\t\t<sr7-adjuster><\/sr7-adjuster>\n\t\t\t\t\t<sr7-content>\n\t\t\t\t\t\t<sr7-slide id=\"SR7_1_1-4\" data-key=\"4\">\n\t\t\t\t\t\t\t<sr7-bg id=\"SR7_1_1-4-2\" class=\"sr7-layer\"><noscript><img decoding=\"async\" src=\"https:\/\/herbavibe.eu\/wp-content\/uploads\/2024\/10\/homepage-slider.jpg\" alt=\"\" title=\"homepage slider\"><\/noscript><\/sr7-bg>\n\t\t\t\t\t\t\t<sr7-txt id=\"SR7_1_1-4-0\" class=\"sr7-layer\">30 Jahre Erfahrung<\/sr7-txt>\n\t\t\t\t\t\t\t<sr7-txt id=\"SR7_1_1-4-1\" class=\"sr7-layer\">Zertifizierte Produkte von h\u00f6chster Qualit\u00e4t<\/sr7-txt>\n\t\t\t\t\t\t<\/sr7-slide>\n\t\t\t\t\t\t<sr7-slide id=\"SR7_1_1-2\" data-key=\"2\">\n\t\t\t\t\t\t<\/sr7-slide>\n\t\t\t\t\t<\/sr7-content>\n\t\t\t\t\t<image_lists style=\"display:none\">\n\t\t\t\t\t\t<img data-src=\"\/\/herbavibe.eu\/wp-content\/uploads\/2024\/10\/homepage-slider.jpg\" data-libid=\"222\" data-lib=\"medialibrary\" title=\"homepage slider\" width=\"0\" height=\"0\" data-dbsrc=\"Ly9oZXJiYXZpYmUuZXUvd3AtY29udGVudC91cGxvYWRzLzIwMjQvMTAvaG9tZXBhZ2Utc2xpZGVyLmpwZw==\"\/>\n\t\t\t\t\t\t<img data-src=\"\/\/herbavibe.eu\/wp-content\/uploads\/2024\/11\/herbavibe-icalm-copy.png\" data-libid=\"323\" data-lib=\"medialibrary\" title=\"herbavibe icalm copy\" width=\"0\" height=\"0\" data-dbsrc=\"Ly9oZXJiYXZpYmUuZXUvd3AtY29udGVudC91cGxvYWRzLzIwMjQvMTEvaGVyYmF2aWJlLWljYWxtLWNvcHkucG5n\"\/>\n\t\t\t\t\t\t<img data-src=\"\/\/herbavibe.eu\/wp-content\/uploads\/2024\/11\/oregano-oil-copy.png\" data-libid=\"322\" data-lib=\"medialibrary\" title=\"oregano oil copy\" width=\"0\" height=\"0\" data-dbsrc=\"Ly9oZXJiYXZpYmUuZXUvd3AtY29udGVudC91cGxvYWRzLzIwMjQvMTEvb3JlZ2Fuby1vaWwtY29weS5wbmc=\"\/>\n\t\t\t\t\t\t<img loading=\"lazy\" data-src=\"\/\/herbavibe.eu\/wp-content\/uploads\/2024\/11\/herbavibe-immune-copy.png\" data-libid=\"321\" data-lib=\"medialibrary\" title=\"herbavibe immune copy\" width=\"0\" height=\"0\" data-dbsrc=\"Ly9oZXJiYXZpYmUuZXUvd3AtY29udGVudC91cGxvYWRzLzIwMjQvMTEvaGVyYmF2aWJlLWltbXVuZS1jb3B5LnBuZw==\"\/>\n\t\t\t\t\t\t<img loading=\"lazy\" data-src=\"\/\/herbavibe.eu\/wp-content\/uploads\/2024\/10\/forest4.jpg\" data-libid=\"234\" data-lib=\"medialibrary\" title=\"forest4\" width=\"0\" height=\"0\" data-dbsrc=\"Ly9oZXJiYXZpYmUuZXUvd3AtY29udGVudC91cGxvYWRzLzIwMjQvMTAvZm9yZXN0NC5qcGc=\"\/>\n\t\t\t\t\t<\/image_lists>\n\t\t\t\t<\/sr7-module>\n\t\t\t\t<script>\n\t\t\t\t\tSR7.PMH ??={}; SR7.PMH[\"SR7_1_1\"] = {cn:0,state:false,fn: function() { if (_tpt!==undefined && _tpt.prepareModuleHeight !== undefined) {  _tpt.prepareModuleHeight({id:\"SR7_1_1\",el:[900,900,768,960,720],type:'standard',shdw:'0',gh:[900,900,768,960,720],gw:[1240,1240,1024,778,480],vpt:['-100px&#039;,&#039;-100px&#039;,&#039;-100px&#039;,&#039;-100px&#039;,&#039;-100px'],size:{fullWidth:true, fullHeight:false},mh:'0',onh:0,onw:0,bg:{color:'{\"orig\":\"transparent\",\"type\":\"solid\",\"string\":\"transparent\"}'}});   SR7.PMH[\"SR7_1_1\"].state=true;} else if((SR7.PMH[\"SR7_1_1\"].cn++)<100)\tsetTimeout( SR7.PMH[\"SR7_1_1\"].fn,19);}};SR7.PMH[\"SR7_1_1\" ].fn();\n\t\t\t\t<\/script>\n<\/div>\n\n\t\t\t\t\t\t<\/div>\n\t\t\t\t<\/div>\n\t\t\t\t\t<\/div>\n\t\t\t\t<\/div>\n\t\t<div class=\"wd-negative-gap elementor-element elementor-element-5f2b832 e-flex e-con-boxed e-con e-parent\" data-id=\"5f2b832\" data-element_type=\"container\">\n\t\t\t\t\t<div class=\"e-con-inner\">\n\t\t\t\t<div class=\"elementor-element elementor-element-fea01e6 elementor-widget elementor-widget-heading\" data-id=\"fea01e6\" data-element_type=\"widget\" data-widget_type=\"heading.default\">\n\t\t\t\t<div class=\"elementor-widget-container\">\n\t\t\t\t\t<h2 class=\"elementor-heading-title elementor-size-default\"><a href=\"https:\/\/herbavibe.eu\/de\/our-philosophy\/top-quality-ingedients\/\">Qualitativ hochwertige Zutaten<\/a><\/h2>\t\t\t\t<\/div>\n\t\t\t\t<\/div>\n\t\t\t\t<div class=\"elementor-element elementor-element-1504aa0 color-scheme-inherit text-left elementor-widget elementor-widget-text-editor\" data-id=\"1504aa0\" data-element_type=\"widget\" data-widget_type=\"text-editor.default\">\n\t\t\t\t<div class=\"elementor-widget-container\">\n\t\t\t\t\t\t\t\t\t<p>Kraftvolle Kr\u00e4uterextrakte sind ein seltener Schatz auf dem europ\u00e4ischen Markt f\u00fcr Nahrungserg\u00e4nzungsmittel. Die Anforderungen an ihre Produktion sind \u00e4u\u00dferst streng, und nur wenige Hersteller sind in der Lage, diese zu erf\u00fcllen. Wir bei Herbavibe wissen genau, dass der Weg zu maximaler Wirksamkeit und h\u00f6chster Reinheit bei der Extraktion einer Pflanze weit vor der Ernte beginnt.<\/p>\n<p>Um diesen hohen Anforderungen gerecht zu werden, haben wir einen Hersteller gew\u00e4hlt, bei dem Qualit\u00e4t vor Quantit\u00e4t geht. Ein Unternehmen, das auf Heilmittel f\u00fcr Fachanwender spezialisiert ist, \u00fcber ein international anerkanntes cGMP-Zertifikat (Good Manufacturing Practice) f\u00fcr pharmazeutische Qualit\u00e4tsmanagementsysteme und -methoden verf\u00fcgt und gleichzeitig zertifizierte biodynamisch-organische Anbaumethoden anwendet.<\/p>\t\t\t\t\t\t\t\t<\/div>\n\t\t\t\t<\/div>\n\t\t\t\t\t<\/div>\n\t\t\t\t<\/div>\n\t\t<div class=\"elementor-element elementor-element-6883b08 e-con-full e-flex e-con e-parent\" data-id=\"6883b08\" data-element_type=\"container\">\n\t\t\t\t<div class=\"elementor-element elementor-element-33a0e96 elementor-widget elementor-widget-image\" data-id=\"33a0e96\" data-element_type=\"widget\" data-widget_type=\"image.default\">\n\t\t\t\t<div class=\"elementor-widget-container\">\n\t\t\t\t\t\t\t\t\t\t\t\t\t\t\t<img loading=\"lazy\" decoding=\"async\" width=\"1800\" height=\"700\" src=\"https:\/\/herbavibe.eu\/wp-content\/uploads\/2024\/10\/farm-field.jpg\" class=\"attachment-full size-full wp-image-456\" alt=\"\" srcset=\"https:\/\/herbavibe.eu\/wp-content\/uploads\/2024\/10\/farm-field.jpg 1800w, https:\/\/herbavibe.eu\/wp-content\/uploads\/2024\/10\/farm-field-300x117.jpg 300w, https:\/\/herbavibe.eu\/wp-content\/uploads\/2024\/10\/farm-field-1024x398.jpg 1024w, https:\/\/herbavibe.eu\/wp-content\/uploads\/2024\/10\/farm-field-768x299.jpg 768w, https:\/\/herbavibe.eu\/wp-content\/uploads\/2024\/10\/farm-field-1536x597.jpg 1536w\" sizes=\"(max-width: 1800px) 100vw, 1800px\" \/>\t\t\t\t\t\t\t\t\t\t\t\t\t\t\t<\/div>\n\t\t\t\t<\/div>\n\t\t\t\t<\/div>\n\t\t<div class=\"wd-negative-gap elementor-element elementor-element-6bb10fe e-flex e-con-boxed e-con e-parent\" data-id=\"6bb10fe\" data-element_type=\"container\">\n\t\t\t\t\t<div class=\"e-con-inner\">\n\t\t\t\t<div class=\"elementor-element elementor-element-0ac8c1f elementor-widget elementor-widget-heading\" data-id=\"0ac8c1f\" data-element_type=\"widget\" data-widget_type=\"heading.default\">\n\t\t\t\t<div class=\"elementor-widget-container\">\n\t\t\t\t\t<h2 class=\"elementor-heading-title elementor-size-default\"><a href=\"https:\/\/herbavibe.eu\/de\/our-philosophy\/phytotherapy\/\">Phytotherapie<\/a><\/h2>\t\t\t\t<\/div>\n\t\t\t\t<\/div>\n\t\t\t\t<div class=\"elementor-element elementor-element-d23ec97 color-scheme-inherit text-left elementor-widget elementor-widget-text-editor\" data-id=\"d23ec97\" data-element_type=\"widget\" data-widget_type=\"text-editor.default\">\n\t\t\t\t<div class=\"elementor-widget-container\">\n\t\t\t\t\t\t\t\t\t<p>Das Erbe des sehr alten Wissens. Eine vorgeschichtliche Wissenschaft, heute relevanter denn je.<\/p>\n<p>\u00c4rzte untersuchen die Anzeichen, die der menschliche K\u00f6rper w\u00e4hrend einer k\u00f6rperlichen Untersuchung vermittelt, und verschreiben Medikamente, um das Problem zu bek\u00e4mpfen. Im Laufe der Menschheitsgeschichte, seit wir das Potenzial der Natur zu entdecken begannen, zogen Spezialisten in \u00e4hnlicher Weise Schlussfolgerungen und diagnostizierten ein Leiden oder den Bedarf des K\u00f6rpers und schlugen die Verwendung bestimmter Pflanzen vor.<\/p>\n<p>Das \u00c4quivalent zum heutigen Verfahren f\u00fcr jedes verordnete Arzneimittel mit dem damaligen der Stand der Technik, das Beste, was es zu bieten gab. Im Laufe der Jahre haben zahlreiche Gesellschaften diesen sehr alten Prozess untersucht und dokumentiert, so dass bis in die heutige Zeit ein umfangreiches Wissen zusammengetragen werden konnte. Die Phytotherapie gewinnt als sichere und effektive Alternative, die L\u00f6sungen und M\u00f6glichkeiten im Umgang mit und der Pr\u00e4vention von Krankheitszust\u00e4nden bietet, zunehmend an Bedeutung in der wissenschaftlichen Gesellschaft. In den letzten 50 Jahren haben verschiedene Studien dieses nat\u00fcrliche Repertoire unterst\u00fctzt und bereichert. Die Wirkungen und Eigenschaften dieser Inhaltsstoffe werden immer besser erkannt, und im Zuge des technologischen Fortschritts wird ihre Verwendung optimiert, wodurch diese sehr alte Wissenschaft neue M\u00f6glichkeiten erh\u00e4lt.<\/p>\t\t\t\t\t\t\t\t<\/div>\n\t\t\t\t<\/div>\n\t\t\t\t\t<\/div>\n\t\t\t\t<\/div>\n\t\t<div class=\"wd-negative-gap elementor-element elementor-element-3e6cb22 e-flex e-con-boxed e-con e-parent\" data-id=\"3e6cb22\" data-element_type=\"container\">\n\t\t\t\t\t<div class=\"e-con-inner\">\n\t\t\t\t<div class=\"elementor-element elementor-element-318f65c elementor-widget elementor-widget-image\" data-id=\"318f65c\" data-element_type=\"widget\" data-widget_type=\"image.default\">\n\t\t\t\t<div class=\"elementor-widget-container\">\n\t\t\t\t\t\t\t\t\t\t\t\t\t\t\t<img loading=\"lazy\" decoding=\"async\" width=\"1800\" height=\"700\" src=\"https:\/\/herbavibe.eu\/wp-content\/uploads\/2024\/10\/herbs.jpg\" class=\"attachment-full size-full wp-image-440\" alt=\"\" srcset=\"https:\/\/herbavibe.eu\/wp-content\/uploads\/2024\/10\/herbs.jpg 1800w, https:\/\/herbavibe.eu\/wp-content\/uploads\/2024\/10\/herbs-300x117.jpg 300w, https:\/\/herbavibe.eu\/wp-content\/uploads\/2024\/10\/herbs-1024x398.jpg 1024w, https:\/\/herbavibe.eu\/wp-content\/uploads\/2024\/10\/herbs-768x299.jpg 768w, https:\/\/herbavibe.eu\/wp-content\/uploads\/2024\/10\/herbs-1536x597.jpg 1536w\" sizes=\"(max-width: 1800px) 100vw, 1800px\" \/>\t\t\t\t\t\t\t\t\t\t\t\t\t\t\t<\/div>\n\t\t\t\t<\/div>\n\t\t\t\t\t<\/div>\n\t\t\t\t<\/div>\n\t\t<div class=\"wd-negative-gap elementor-element elementor-element-367fb929 e-flex e-con-boxed e-con e-parent\" data-id=\"367fb929\" data-element_type=\"container\">\n\t\t\t\t\t<div class=\"e-con-inner\">\n\t\t\t\t<div class=\"elementor-element elementor-element-74fb302 elementor-widget elementor-widget-heading\" data-id=\"74fb302\" data-element_type=\"widget\" data-widget_type=\"heading.default\">\n\t\t\t\t<div class=\"elementor-widget-container\">\n\t\t\t\t\t<h1 class=\"elementor-heading-title elementor-size-default\"><a href=\"https:\/\/herbavibe.eu\/our-products\/\">Unsere Produkte<\/a><\/h1>\t\t\t\t<\/div>\n\t\t\t\t<\/div>\n\t\t\t\t<div class=\"elementor-element elementor-element-56ffb930 color-scheme-inherit text-left elementor-widget elementor-widget-text-editor\" data-id=\"56ffb930\" data-element_type=\"widget\" data-widget_type=\"text-editor.default\">\n\t\t\t\t<div class=\"elementor-widget-container\">\n\t\t\t\t\t\t\t\t\t<p>Unser Ziel als Unternehmen ist es, nat\u00fcrliche L\u00f6sungen f\u00fcr allt\u00e4gliche Probleme anzubieten.<\/p>\n<p>In einer Zeit, in der die Gesellschaft von Krankheiten geplagt wird, ist es essentiell, die nat\u00fcrlichen Abwehrkr\u00e4fte des K\u00f6rpers zu unterst\u00fctzen, ohne ihn mit Chemikalien zu belasten.<\/p>\n<p>Wir von Herbavibe bieten eine kleine, aber wirksame Auswahl an heilpflanzlichen Produkten an, die speziell daf\u00fcr entwickelt wurden, genau das zu tun: Sie auf sichere Weise zu unterst\u00fctzen.<\/p>\n<p>Der Schl\u00fcssel zum Erfolg unserer Produkte? Phytotherapie und Synergie<\/p>\t\t\t\t\t\t\t\t<\/div>\n\t\t\t\t<\/div>\n\t\t<div class=\"elementor-element elementor-element-f8f99f1 e-con-full e-flex e-con e-child\" data-id=\"f8f99f1\" data-element_type=\"container\">\n\t\t\t\t<div class=\"elementor-element elementor-element-36baf65 elementor-widget elementor-widget-image\" data-id=\"36baf65\" data-element_type=\"widget\" data-widget_type=\"image.default\">\n\t\t\t\t<div class=\"elementor-widget-container\">\n\t\t\t\t\t\t\t\t\t\t\t\t<figure class=\"wp-caption\">\n\t\t\t\t\t\t\t\t\t\t\t<a href=\"https:\/\/herbavibe.eu\/de\/our-products\/icalm\/\">\n\t\t\t\t\t\t\t<img loading=\"lazy\" decoding=\"async\" width=\"768\" height=\"768\" src=\"https:\/\/herbavibe.eu\/wp-content\/uploads\/2024\/10\/icalm-768x768.jpg\" class=\"attachment-medium_large size-medium_large wp-image-452\" alt=\"\" srcset=\"https:\/\/herbavibe.eu\/wp-content\/uploads\/2024\/10\/icalm-768x768.jpg 768w, https:\/\/herbavibe.eu\/wp-content\/uploads\/2024\/10\/icalm-300x300.jpg 300w, https:\/\/herbavibe.eu\/wp-content\/uploads\/2024\/10\/icalm-150x150.jpg 150w, https:\/\/herbavibe.eu\/wp-content\/uploads\/2024\/10\/icalm.jpg 850w\" sizes=\"(max-width: 768px) 100vw, 768px\" \/>\t\t\t\t\t\t\t\t<\/a>\n\t\t\t\t\t\t\t\t\t\t\t<figcaption class=\"widget-image-caption wp-caption-text\">Herbavibe iCalm, weil Sie es verdienen, sich wohlzuf\u00fchlen.<\/figcaption>\n\t\t\t\t\t\t\t\t\t\t<\/figure>\n\t\t\t\t\t\t\t\t\t<\/div>\n\t\t\t\t<\/div>\n\t\t\t\t<div class=\"elementor-element elementor-element-a9bf83a elementor-widget elementor-widget-image\" data-id=\"a9bf83a\" data-element_type=\"widget\" data-widget_type=\"image.default\">\n\t\t\t\t<div class=\"elementor-widget-container\">\n\t\t\t\t\t\t\t\t\t\t\t\t<figure class=\"wp-caption\">\n\t\t\t\t\t\t\t\t\t\t\t<a href=\"https:\/\/herbavibe.eu\/de\/our-products\/immune\/\">\n\t\t\t\t\t\t\t<img loading=\"lazy\" decoding=\"async\" width=\"768\" height=\"768\" src=\"https:\/\/herbavibe.eu\/wp-content\/uploads\/2024\/10\/immune-768x768.jpg\" class=\"attachment-medium_large size-medium_large wp-image-454\" alt=\"\" srcset=\"https:\/\/herbavibe.eu\/wp-content\/uploads\/2024\/10\/immune-768x768.jpg 768w, https:\/\/herbavibe.eu\/wp-content\/uploads\/2024\/10\/immune-300x300.jpg 300w, https:\/\/herbavibe.eu\/wp-content\/uploads\/2024\/10\/immune-150x150.jpg 150w, https:\/\/herbavibe.eu\/wp-content\/uploads\/2024\/10\/immune.jpg 850w\" sizes=\"(max-width: 768px) 100vw, 768px\" \/>\t\t\t\t\t\t\t\t<\/a>\n\t\t\t\t\t\t\t\t\t\t\t<figcaption class=\"widget-image-caption wp-caption-text\">Herbavibe Immune, ein starker Booster f\u00fcr Ihre Gesundheit.<\/figcaption>\n\t\t\t\t\t\t\t\t\t\t<\/figure>\n\t\t\t\t\t\t\t\t\t<\/div>\n\t\t\t\t<\/div>\n\t\t\t\t<div class=\"elementor-element elementor-element-82f39ca elementor-widget elementor-widget-image\" data-id=\"82f39ca\" data-element_type=\"widget\" data-widget_type=\"image.default\">\n\t\t\t\t<div class=\"elementor-widget-container\">\n\t\t\t\t\t\t\t\t\t\t\t\t<figure class=\"wp-caption\">\n\t\t\t\t\t\t\t\t\t\t\t<a href=\"https:\/\/herbavibe.eu\/de\/our-products\/oregano-oil\/\">\n\t\t\t\t\t\t\t<img loading=\"lazy\" decoding=\"async\" width=\"768\" height=\"768\" src=\"https:\/\/herbavibe.eu\/wp-content\/uploads\/2024\/10\/oregano-softgel-768x768.jpg\" class=\"attachment-medium_large size-medium_large wp-image-455\" alt=\"\" srcset=\"https:\/\/herbavibe.eu\/wp-content\/uploads\/2024\/10\/oregano-softgel-768x768.jpg 768w, https:\/\/herbavibe.eu\/wp-content\/uploads\/2024\/10\/oregano-softgel-300x300.jpg 300w, https:\/\/herbavibe.eu\/wp-content\/uploads\/2024\/10\/oregano-softgel-150x150.jpg 150w, https:\/\/herbavibe.eu\/wp-content\/uploads\/2024\/10\/oregano-softgel.jpg 850w\" sizes=\"(max-width: 768px) 100vw, 768px\" \/>\t\t\t\t\t\t\t\t<\/a>\n\t\t\t\t\t\t\t\t\t\t\t<figcaption class=\"widget-image-caption wp-caption-text\">Herbavibe Oregano\u00f6l, das nat\u00fcrliche Schutzschild.<\/figcaption>\n\t\t\t\t\t\t\t\t\t\t<\/figure>\n\t\t\t\t\t\t\t\t\t<\/div>\n\t\t\t\t<\/div>\n\t\t\t\t<\/div>\n\t\t\t\t\t<\/div>\n\t\t\t\t<\/div>\n\t\t\t\t<\/div>\n\t\t","protected":false},"excerpt":{"rendered":"<p>Qualitativ hochwertige Zutaten Kraftvolle Kr\u00e4uterextrakte sind ein seltener Schatz auf dem europ\u00e4ischen Markt f\u00fcr Nahrungserg\u00e4nzungsmittel. Die Anforderungen an ihre Produktion<\/p>\n","protected":false},"author":1,"featured_media":0,"parent":0,"menu_order":0,"comment_status":"closed","ping_status":"open","template":"","meta":{"footnotes":""},"class_list":["post-465","page","type-page","status-publish","hentry"],"_links":{"self":[{"href":"https:\/\/herbavibe.eu\/de\/wp-json\/wp\/v2\/pages\/465","targetHints":{"allow":["GET"]}}],"collection":[{"href":"https:\/\/herbavibe.eu\/de\/wp-json\/wp\/v2\/pages"}],"about":[{"href":"https:\/\/herbavibe.eu\/de\/wp-json\/wp\/v2\/types\/page"}],"author":[{"embeddable":true,"href":"https:\/\/herbavibe.eu\/de\/wp-json\/wp\/v2\/users\/1"}],"replies":[{"embeddable":true,"href":"https:\/\/herbavibe.eu\/de\/wp-json\/wp\/v2\/comments?post=465"}],"version-history":[{"count":14,"href":"https:\/\/herbavibe.eu\/de\/wp-json\/wp\/v2\/pages\/465\/revisions"}],"predecessor-version":[{"id":544,"href":"https:\/\/herbavibe.eu\/de\/wp-json\/wp\/v2\/pages\/465\/revisions\/544"}],"wp:attachment":[{"href":"https:\/\/herbavibe.eu\/de\/wp-json\/wp\/v2\/media?parent=465"}],"curies":[{"name":"wp","href":"https:\/\/api.w.org\/{rel}","templated":true}]}}